{"id":716,"date":"2024-12-10T15:43:27","date_gmt":"2024-12-10T15:43:27","guid":{"rendered":"https:\/\/shower-seals.com\/?post_type=product&#038;p=716"},"modified":"2025-02-12T04:00:30","modified_gmt":"2025-02-12T04:00:30","slug":"black-h-jamb-water-seal-in-line-panel","status":"publish","type":"product","link":"https:\/\/shower-seals.com\/pt\/product\/black-h-jamb-water-seal-in-line-panel\/","title":{"rendered":"Veda\u00e7\u00e3o de \u00e1gua do batente \"h\" preto no painel em linha BS003-BK"},"content":{"rendered":"<p>N\u00famero de cat\u00e1logo: BS003-BK;<\/p>\n<p>Nossa veda\u00e7\u00e3o preta em linha de 180 graus mais popular;<\/p>\n<p>Encaixa-se no painel fixo ou na porta;<\/p>\n<p>Para aplica\u00e7\u00f5es de vidro com vidro;<\/p>\n<p>Comprimento da perna: 6-12 mm; (Personalize de acordo com suas necessidades)<\/p>\n<p>Esse batente em \"H\" com veda\u00e7\u00e3o preta deve ser usado em aplica\u00e7\u00f5es de vidro com vidro em linha de 180 graus. Encaixe no painel fixo com a borda no lado da batida ou na porta com a borda no lado da dobradi\u00e7a. Deixa uma apar\u00eancia clara ao mesmo tempo em que serve como veda\u00e7\u00e3o funcional. Todo o batente em \"H\" \u00e9 feito de policarbonato r\u00edgido.<\/p>","protected":false},"excerpt":{"rendered":"<ul>\n<li>Veda\u00e7\u00e3o H preta para vidro de 6 mm, 8 mm, 10 mm e 12 mm;<\/li>\n<li>Dispersa a \u00e1gua de volta para o chuveiro;<\/li>\n<li>Para aplica\u00e7\u00f5es em linha de 180 graus;<\/li>\n<li>Batente de porta r\u00edgido embutido no lado da batida;<\/li>\n<\/ul>","protected":false},"featured_media":502,"template":"","meta":[],"product_brand":[],"product_cat":[34],"product_tag":[],"class_list":{"0":"post-716","1":"product","2":"type-product","3":"status-publish","4":"has-post-thumbnail","6":"product_cat-black-shower-door-seals","8":"first","9":"instock","10":"shipping-taxable","11":"product-type-simple"},"yoast_head":"<!-- This site is optimized with the Yoast SEO Premium plugin v23.4 (Yoast SEO v24.2) - https:\/\/yoast.com\/wordpress\/plugins\/seo\/ -->\n<title>Black &quot;h&quot; Jamb Water Seal In Line Panel BS003-BK<\/title>\n<meta name=\"robots\" content=\"index, follow, max-snippet:-1, max-image-preview:large, max-video-preview:-1\" \/>\n<link rel=\"canonical\" href=\"https:\/\/shower-seals.com\/pt\/product\/black-h-jamb-water-seal-in-line-panel\/\" \/>\n<meta property=\"og:locale\" content=\"pt_BR\" \/>\n<meta property=\"og:type\" content=\"article\" \/>\n<meta property=\"og:title\" content=\"Black &quot;h&quot; Jamb Water Seal In Line Panel BS003-BK\" \/>\n<meta property=\"og:description\" content=\"Black H Seal For 6mm,8mm,10mm,12mm Glass;  Disperses Water Back Into Shower;  For 180 Degree Inline Applications;  Built in Strike Side Rigid Door Stop;\" \/>\n<meta property=\"og:url\" content=\"https:\/\/shower-seals.com\/pt\/product\/black-h-jamb-water-seal-in-line-panel\/\" \/>\n<meta property=\"og:site_name\" content=\"shower-seals.com\" \/>\n<meta property=\"article:modified_time\" content=\"2025-02-12T04:00:30+00:00\" \/>\n<meta property=\"og:image\" content=\"https:\/\/shower-seals.com\/wp-content\/uploads\/2024\/12\/180-degree-black-shower-door-seals-B033-BK.jpg\" \/>\n\t<meta property=\"og:image:width\" content=\"379\" \/>\n\t<meta property=\"og:image:height\" content=\"395\" \/>\n\t<meta property=\"og:image:type\" content=\"image\/jpeg\" \/>\n<meta name=\"twitter:card\" content=\"summary_large_image\" \/>\n<meta name=\"twitter:label1\" content=\"Pre\u00e7o\" \/>\n\t<meta name=\"twitter:data1\" content=\"\" \/>\n\t<meta name=\"twitter:label2\" content=\"Disponibilidade\" \/>\n\t<meta name=\"twitter:data2\" content=\"Em Estoque\" \/>\n<script type=\"application\/ld+json\" class=\"yoast-schema-graph\">{\"@context\":\"https:\/\/schema.org\",\"@graph\":[{\"@type\":\"WebPage\",\"@id\":\"https:\/\/shower-seals.com\/product\/black-h-jamb-water-seal-in-line-panel\/\",\"url\":\"https:\/\/shower-seals.com\/product\/black-h-jamb-water-seal-in-line-panel\/\",\"name\":\"Black \\\"h\\\" Jamb Water Seal In Line Panel BS003-BK\",\"isPartOf\":{\"@id\":\"https:\/\/shower-seals.com\/#website\"},\"primaryImageOfPage\":{\"@id\":\"https:\/\/shower-seals.com\/product\/black-h-jamb-water-seal-in-line-panel\/#primaryimage\"},\"image\":{\"@id\":\"https:\/\/shower-seals.com\/product\/black-h-jamb-water-seal-in-line-panel\/#primaryimage\"},\"thumbnailUrl\":\"https:\/\/shower-seals.com\/wp-content\/uploads\/2024\/12\/180-degree-black-shower-door-seals-B033-BK.jpg\",\"datePublished\":\"2024-12-10T15:43:27+00:00\",\"dateModified\":\"2025-02-12T04:00:30+00:00\",\"breadcrumb\":{\"@id\":\"https:\/\/shower-seals.com\/product\/black-h-jamb-water-seal-in-line-panel\/#breadcrumb\"},\"inLanguage\":\"pt-BR\",\"potentialAction\":[{\"@type\":\"ReadAction\",\"target\":[\"https:\/\/shower-seals.com\/product\/black-h-jamb-water-seal-in-line-panel\/\"]}]},{\"@type\":\"ImageObject\",\"inLanguage\":\"pt-BR\",\"@id\":\"https:\/\/shower-seals.com\/product\/black-h-jamb-water-seal-in-line-panel\/#primaryimage\",\"url\":\"https:\/\/shower-seals.com\/wp-content\/uploads\/2024\/12\/180-degree-black-shower-door-seals-B033-BK.jpg\",\"contentUrl\":\"https:\/\/shower-seals.com\/wp-content\/uploads\/2024\/12\/180-degree-black-shower-door-seals-B033-BK.jpg\",\"width\":379,\"height\":395,\"caption\":\"180 degree black shower door seals BS003-BK\"},{\"@type\":\"BreadcrumbList\",\"@id\":\"https:\/\/shower-seals.com\/product\/black-h-jamb-water-seal-in-line-panel\/#breadcrumb\",\"itemListElement\":[{\"@type\":\"ListItem\",\"position\":1,\"name\":\"Home\",\"item\":\"https:\/\/shower-seals.com\/\"},{\"@type\":\"ListItem\",\"position\":2,\"name\":\"Wholesale Glass Shower Door Seals\",\"item\":\"https:\/\/shower-seals.com\/shower-seals\/\"},{\"@type\":\"ListItem\",\"position\":3,\"name\":\"Black &#8220;h&#8221; Jamb Water Seal In Line Panel BS003-BK\"}]},{\"@type\":\"WebSite\",\"@id\":\"https:\/\/shower-seals.com\/#website\",\"url\":\"https:\/\/shower-seals.com\/\",\"name\":\"shower-seals.com\",\"description\":\"Shower Seals | Shower Screen Seals | Shower Door Seals\",\"publisher\":{\"@id\":\"https:\/\/shower-seals.com\/#organization\"},\"potentialAction\":[{\"@type\":\"SearchAction\",\"target\":{\"@type\":\"EntryPoint\",\"urlTemplate\":\"https:\/\/shower-seals.com\/?s={search_term_string}\"},\"query-input\":{\"@type\":\"PropertyValueSpecification\",\"valueRequired\":true,\"valueName\":\"search_term_string\"}}],\"inLanguage\":\"pt-BR\"},{\"@type\":\"Organization\",\"@id\":\"https:\/\/shower-seals.com\/#organization\",\"name\":\"shower-seals.com\",\"url\":\"https:\/\/shower-seals.com\/\",\"logo\":{\"@type\":\"ImageObject\",\"inLanguage\":\"pt-BR\",\"@id\":\"https:\/\/shower-seals.com\/#\/schema\/logo\/image\/\",\"url\":\"https:\/\/shower-seals.com\/wp-content\/uploads\/2024\/12\/Shower-seals-Logo.png\",\"contentUrl\":\"https:\/\/shower-seals.com\/wp-content\/uploads\/2024\/12\/Shower-seals-Logo.png\",\"width\":350,\"height\":100,\"caption\":\"shower-seals.com\"},\"image\":{\"@id\":\"https:\/\/shower-seals.com\/#\/schema\/logo\/image\/\"}}]}<\/script>\n<meta property=\"product:price:amount\" content=\"0.00\" \/>\n<meta property=\"product:price:currency\" content=\"USD\" \/>\n<meta property=\"og:availability\" content=\"instock\" \/>\n<meta property=\"product:availability\" content=\"instock\" \/>\n<meta property=\"product:condition\" content=\"new\" \/>\n<!-- \/ Yoast SEO Premium plugin. -->","yoast_head_json":{"title":"Veda\u00e7\u00e3o de \u00e1gua do batente \"h\" preto no painel em linha BS003-BK","robots":{"index":"index","follow":"follow","max-snippet":"max-snippet:-1","max-image-preview":"max-image-preview:large","max-video-preview":"max-video-preview:-1"},"canonical":"https:\/\/shower-seals.com\/pt\/product\/black-h-jamb-water-seal-in-line-panel\/","og_locale":"pt_BR","og_type":"article","og_title":"Black \"h\" Jamb Water Seal In Line Panel BS003-BK","og_description":"Black H Seal For 6mm,8mm,10mm,12mm Glass;  Disperses Water Back Into Shower;  For 180 Degree Inline Applications;  Built in Strike Side Rigid Door Stop;","og_url":"https:\/\/shower-seals.com\/pt\/product\/black-h-jamb-water-seal-in-line-panel\/","og_site_name":"shower-seals.com","article_modified_time":"2025-02-12T04:00:30+00:00","og_image":[{"width":379,"height":395,"url":"https:\/\/shower-seals.com\/wp-content\/uploads\/2024\/12\/180-degree-black-shower-door-seals-B033-BK.jpg","type":"image\/jpeg"}],"twitter_card":"summary_large_image","twitter_misc":{"Pre\u00e7o":"","Disponibilidade":"Em Estoque"},"schema":{"@context":"https:\/\/schema.org","@graph":[{"@type":"WebPage","@id":"https:\/\/shower-seals.com\/product\/black-h-jamb-water-seal-in-line-panel\/","url":"https:\/\/shower-seals.com\/product\/black-h-jamb-water-seal-in-line-panel\/","name":"Veda\u00e7\u00e3o de \u00e1gua do batente \"h\" preto no painel em linha BS003-BK","isPartOf":{"@id":"https:\/\/shower-seals.com\/#website"},"primaryImageOfPage":{"@id":"https:\/\/shower-seals.com\/product\/black-h-jamb-water-seal-in-line-panel\/#primaryimage"},"image":{"@id":"https:\/\/shower-seals.com\/product\/black-h-jamb-water-seal-in-line-panel\/#primaryimage"},"thumbnailUrl":"https:\/\/shower-seals.com\/wp-content\/uploads\/2024\/12\/180-degree-black-shower-door-seals-B033-BK.jpg","datePublished":"2024-12-10T15:43:27+00:00","dateModified":"2025-02-12T04:00:30+00:00","breadcrumb":{"@id":"https:\/\/shower-seals.com\/product\/black-h-jamb-water-seal-in-line-panel\/#breadcrumb"},"inLanguage":"pt-BR","potentialAction":[{"@type":"ReadAction","target":["https:\/\/shower-seals.com\/product\/black-h-jamb-water-seal-in-line-panel\/"]}]},{"@type":"ImageObject","inLanguage":"pt-BR","@id":"https:\/\/shower-seals.com\/product\/black-h-jamb-water-seal-in-line-panel\/#primaryimage","url":"https:\/\/shower-seals.com\/wp-content\/uploads\/2024\/12\/180-degree-black-shower-door-seals-B033-BK.jpg","contentUrl":"https:\/\/shower-seals.com\/wp-content\/uploads\/2024\/12\/180-degree-black-shower-door-seals-B033-BK.jpg","width":379,"height":395,"caption":"180 degree black shower door seals BS003-BK"},{"@type":"BreadcrumbList","@id":"https:\/\/shower-seals.com\/product\/black-h-jamb-water-seal-in-line-panel\/#breadcrumb","itemListElement":[{"@type":"ListItem","position":1,"name":"Home","item":"https:\/\/shower-seals.com\/"},{"@type":"ListItem","position":2,"name":"Wholesale Glass Shower Door Seals","item":"https:\/\/shower-seals.com\/shower-seals\/"},{"@type":"ListItem","position":3,"name":"Black &#8220;h&#8221; Jamb Water Seal In Line Panel BS003-BK"}]},{"@type":"WebSite","@id":"https:\/\/shower-seals.com\/#website","url":"https:\/\/shower-seals.com\/","name":"shower-seals.com","description":"Veda\u00e7\u00f5es de chuveiro | Veda\u00e7\u00f5es de tela de chuveiro | Veda\u00e7\u00f5es de porta de chuveiro","publisher":{"@id":"https:\/\/shower-seals.com\/#organization"},"potentialAction":[{"@type":"SearchAction","target":{"@type":"EntryPoint","urlTemplate":"https:\/\/shower-seals.com\/?s={search_term_string}"},"query-input":{"@type":"PropertyValueSpecification","valueRequired":true,"valueName":"search_term_string"}}],"inLanguage":"pt-BR"},{"@type":"Organization","@id":"https:\/\/shower-seals.com\/#organization","name":"shower-seals.com","url":"https:\/\/shower-seals.com\/","logo":{"@type":"ImageObject","inLanguage":"pt-BR","@id":"https:\/\/shower-seals.com\/#\/schema\/logo\/image\/","url":"https:\/\/shower-seals.com\/wp-content\/uploads\/2024\/12\/Shower-seals-Logo.png","contentUrl":"https:\/\/shower-seals.com\/wp-content\/uploads\/2024\/12\/Shower-seals-Logo.png","width":350,"height":100,"caption":"shower-seals.com"},"image":{"@id":"https:\/\/shower-seals.com\/#\/schema\/logo\/image\/"}}]},"product_price_amount":"0.00","product_price_currency":"USD","og_availability":"instock","product_availability":"instock","product_condition":"new"},"tiered_pricing_type":"fixed","tiered_pricing_fixed_rules":[],"tiered_pricing_product_settings":{"layout":"default","base_unit_name":{"singular":null,"plural":null},"default_variation":null},"tiered_pricing_minimum_quantity":500,"tiered_pricing_roles_data":[],"tiered_pricing_percentage_rules":[],"tiered_pricing_maximum_quantity":null,"tiered_pricing_quantity_step":null,"_links":{"self":[{"href":"https:\/\/shower-seals.com\/pt\/wp-json\/wp\/v2\/product\/716","targetHints":{"allow":["GET"]}}],"collection":[{"href":"https:\/\/shower-seals.com\/pt\/wp-json\/wp\/v2\/product"}],"about":[{"href":"https:\/\/shower-seals.com\/pt\/wp-json\/wp\/v2\/types\/product"}],"wp:featuredmedia":[{"embeddable":true,"href":"https:\/\/shower-seals.com\/pt\/wp-json\/wp\/v2\/media\/502"}],"wp:attachment":[{"href":"https:\/\/shower-seals.com\/pt\/wp-json\/wp\/v2\/media?parent=716"}],"wp:term":[{"taxonomy":"product_brand","embeddable":true,"href":"https:\/\/shower-seals.com\/pt\/wp-json\/wp\/v2\/product_brand?post=716"},{"taxonomy":"product_cat","embeddable":true,"href":"https:\/\/shower-seals.com\/pt\/wp-json\/wp\/v2\/product_cat?post=716"},{"taxonomy":"product_tag","embeddable":true,"href":"https:\/\/shower-seals.com\/pt\/wp-json\/wp\/v2\/product_tag?post=716"}],"curies":[{"name":"wp","href":"https:\/\/api.w.org\/{rel}","templated":true}]}}