{"id":1274,"date":"2025-02-09T09:40:11","date_gmt":"2025-02-09T09:40:11","guid":{"rendered":"https:\/\/shower-seals.com\/?post_type=product&#038;p=1274"},"modified":"2025-03-04T03:27:17","modified_gmt":"2025-03-04T03:27:17","slug":"black-glass-shower-door-bottom-seal-strip-mid-distance-ring-style","status":"publish","type":"product","link":"https:\/\/shower-seals.com\/pt\/product\/black-glass-shower-door-bottom-seal-strip-mid-distance-ring-style\/","title":{"rendered":"Tira de veda\u00e7\u00e3o inferior da porta de vidro preta do chuveiro - estilo de anel de dist\u00e2ncia m\u00e9dia"},"content":{"rendered":"<p>Aprimore as instala\u00e7\u00f5es do seu chuveiro com a nossa faixa de veda\u00e7\u00e3o inferior para portas de vidro premium Black Glass Shower Door. Projetada para bloquear com efic\u00e1cia o vazamento de \u00e1gua na base das portas de vidro, essa fita de veda\u00e7\u00e3o \u00e9 compat\u00edvel com vidros de 6 mm, 8 mm, 10 mm e 12 mm de espessura. Seu estilo de anel de dist\u00e2ncia m\u00e9dia n\u00e3o s\u00f3 garante um ajuste seguro e firme, mas tamb\u00e9m acrescenta um visual elegante e moderno a qualquer configura\u00e7\u00e3o de chuveiro.<\/p>\n<ul>\n<li>N\u00famero de cat\u00e1logo: BS009-BK;<\/li>\n<\/ul>\n<p><em><strong>Principais recursos:<\/strong><\/em><\/p>\n<ul>\n<li><strong>Barreira eficaz contra a \u00e1gua:<\/strong> Projetado para evitar a infiltra\u00e7\u00e3o de \u00e1gua na parte inferior das portas de vidro do chuveiro.<\/li>\n<li><strong>Compatibilidade universal:<\/strong> Adequado para pain\u00e9is de vidro de 6 mm, 8 mm, 10 mm e 12 mm.<\/li>\n<li><strong>Op\u00e7\u00f5es vers\u00e1teis de comprimento:<\/strong> Escolha entre os comprimentos de 900 mm ou 2000 mm para atender perfeitamente \u00e0s necessidades de seu projeto.<\/li>\n<li><strong>Design elegante:<\/strong> O estilo de anel de meia dist\u00e2ncia oferece funcionalidade e um acabamento atraente.<\/li>\n<li><strong>F\u00e1cil instala\u00e7\u00e3o:<\/strong> Projetado para uma instala\u00e7\u00e3o r\u00e1pida e sem complica\u00e7\u00f5es, garantindo um tempo m\u00ednimo de inatividade.<\/li>\n<\/ul>","protected":false},"excerpt":{"rendered":"<ul>\n<li>Tira de veda\u00e7\u00e3o da parte inferior da porta do chuveiro de vidro - Estilo de anel de dist\u00e2ncia m\u00e9dia;<\/li>\n<li>Tira de veda\u00e7\u00e3o inferior para porta de chuveiro de vidro preto para vidro de 6 mm, 8 mm, 10 mm, 12 mm;<\/li>\n<li>O estilo de anel de meia dist\u00e2ncia oferece funcionalidade e um acabamento atraente;<\/li>\n<\/ul>","protected":false},"featured_media":513,"template":"","meta":[],"product_brand":[],"product_cat":[34,17,36],"product_tag":[],"class_list":{"0":"post-1274","1":"product","2":"type-product","3":"status-publish","4":"has-post-thumbnail","6":"product_cat-black-shower-door-seals","7":"product_cat-shower-door-bottom-seals","8":"product_cat-drip-rail-seal","10":"first","11":"instock","12":"shipping-taxable","13":"product-type-simple"},"yoast_head":"<!-- This site is optimized with the Yoast SEO Premium plugin v23.4 (Yoast SEO v24.2) - https:\/\/yoast.com\/wordpress\/plugins\/seo\/ -->\n<title>Black Glass Shower Door Bottom Seal Strip - Mid Distance Ring Style<\/title>\n<meta name=\"robots\" content=\"index, follow, max-snippet:-1, max-image-preview:large, max-video-preview:-1\" \/>\n<link rel=\"canonical\" href=\"https:\/\/shower-seals.com\/pt\/product\/black-glass-shower-door-bottom-seal-strip-mid-distance-ring-style\/\" \/>\n<meta property=\"og:locale\" content=\"pt_BR\" \/>\n<meta property=\"og:type\" content=\"article\" \/>\n<meta property=\"og:title\" content=\"Black Glass Shower Door Bottom Seal Strip - Mid Distance Ring Style\" \/>\n<meta property=\"og:description\" content=\"Glass Shower Door Bottom Seal Strip - Mid Distance Ring Style;  Black glass shower door bottom seal strip For 6mm,8mm,10mm,12mm Glass;  The mid distance ring style provides both functionality and an attractive finish;\" \/>\n<meta property=\"og:url\" content=\"https:\/\/shower-seals.com\/pt\/product\/black-glass-shower-door-bottom-seal-strip-mid-distance-ring-style\/\" \/>\n<meta property=\"og:site_name\" content=\"shower-seals.com\" \/>\n<meta property=\"article:modified_time\" content=\"2025-03-04T03:27:17+00:00\" \/>\n<meta property=\"og:image\" content=\"https:\/\/shower-seals.com\/wp-content\/uploads\/2024\/12\/Shower-Door-Bottom-Seal-Black.jpg\" \/>\n\t<meta property=\"og:image:width\" content=\"380\" \/>\n\t<meta property=\"og:image:height\" content=\"396\" \/>\n\t<meta property=\"og:image:type\" content=\"image\/jpeg\" \/>\n<meta name=\"twitter:card\" content=\"summary_large_image\" \/>\n<meta name=\"twitter:label1\" content=\"Pre\u00e7o\" \/>\n\t<meta name=\"twitter:data1\" content=\"\" \/>\n\t<meta name=\"twitter:label2\" content=\"Disponibilidade\" \/>\n\t<meta name=\"twitter:data2\" content=\"Em Estoque\" \/>\n<script type=\"application\/ld+json\" class=\"yoast-schema-graph\">{\"@context\":\"https:\/\/schema.org\",\"@graph\":[{\"@type\":\"WebPage\",\"@id\":\"https:\/\/shower-seals.com\/product\/black-glass-shower-door-bottom-seal-strip-mid-distance-ring-style\/\",\"url\":\"https:\/\/shower-seals.com\/product\/black-glass-shower-door-bottom-seal-strip-mid-distance-ring-style\/\",\"name\":\"Black Glass Shower Door Bottom Seal Strip - Mid Distance Ring Style\",\"isPartOf\":{\"@id\":\"https:\/\/shower-seals.com\/#website\"},\"primaryImageOfPage\":{\"@id\":\"https:\/\/shower-seals.com\/product\/black-glass-shower-door-bottom-seal-strip-mid-distance-ring-style\/#primaryimage\"},\"image\":{\"@id\":\"https:\/\/shower-seals.com\/product\/black-glass-shower-door-bottom-seal-strip-mid-distance-ring-style\/#primaryimage\"},\"thumbnailUrl\":\"https:\/\/shower-seals.com\/wp-content\/uploads\/2024\/12\/Shower-Door-Bottom-Seal-Black.jpg\",\"datePublished\":\"2025-02-09T09:40:11+00:00\",\"dateModified\":\"2025-03-04T03:27:17+00:00\",\"breadcrumb\":{\"@id\":\"https:\/\/shower-seals.com\/product\/black-glass-shower-door-bottom-seal-strip-mid-distance-ring-style\/#breadcrumb\"},\"inLanguage\":\"pt-BR\",\"potentialAction\":[{\"@type\":\"ReadAction\",\"target\":[\"https:\/\/shower-seals.com\/product\/black-glass-shower-door-bottom-seal-strip-mid-distance-ring-style\/\"]}]},{\"@type\":\"ImageObject\",\"inLanguage\":\"pt-BR\",\"@id\":\"https:\/\/shower-seals.com\/product\/black-glass-shower-door-bottom-seal-strip-mid-distance-ring-style\/#primaryimage\",\"url\":\"https:\/\/shower-seals.com\/wp-content\/uploads\/2024\/12\/Shower-Door-Bottom-Seal-Black.jpg\",\"contentUrl\":\"https:\/\/shower-seals.com\/wp-content\/uploads\/2024\/12\/Shower-Door-Bottom-Seal-Black.jpg\",\"width\":380,\"height\":396,\"caption\":\"glass shower door bottom seal strip\"},{\"@type\":\"BreadcrumbList\",\"@id\":\"https:\/\/shower-seals.com\/product\/black-glass-shower-door-bottom-seal-strip-mid-distance-ring-style\/#breadcrumb\",\"itemListElement\":[{\"@type\":\"ListItem\",\"position\":1,\"name\":\"Home\",\"item\":\"https:\/\/shower-seals.com\/\"},{\"@type\":\"ListItem\",\"position\":2,\"name\":\"Wholesale Glass Shower Door Seals\",\"item\":\"https:\/\/shower-seals.com\/shower-seals\/\"},{\"@type\":\"ListItem\",\"position\":3,\"name\":\"Black Glass Shower Door Bottom Seal Strip &#8211; Mid Distance Ring Style\"}]},{\"@type\":\"WebSite\",\"@id\":\"https:\/\/shower-seals.com\/#website\",\"url\":\"https:\/\/shower-seals.com\/\",\"name\":\"shower-seals.com\",\"description\":\"Shower Seals | Shower Screen Seals | Shower Door Seals\",\"publisher\":{\"@id\":\"https:\/\/shower-seals.com\/#organization\"},\"potentialAction\":[{\"@type\":\"SearchAction\",\"target\":{\"@type\":\"EntryPoint\",\"urlTemplate\":\"https:\/\/shower-seals.com\/?s={search_term_string}\"},\"query-input\":{\"@type\":\"PropertyValueSpecification\",\"valueRequired\":true,\"valueName\":\"search_term_string\"}}],\"inLanguage\":\"pt-BR\"},{\"@type\":\"Organization\",\"@id\":\"https:\/\/shower-seals.com\/#organization\",\"name\":\"shower-seals.com\",\"url\":\"https:\/\/shower-seals.com\/\",\"logo\":{\"@type\":\"ImageObject\",\"inLanguage\":\"pt-BR\",\"@id\":\"https:\/\/shower-seals.com\/#\/schema\/logo\/image\/\",\"url\":\"https:\/\/shower-seals.com\/wp-content\/uploads\/2024\/12\/Shower-seals-Logo.png\",\"contentUrl\":\"https:\/\/shower-seals.com\/wp-content\/uploads\/2024\/12\/Shower-seals-Logo.png\",\"width\":350,\"height\":100,\"caption\":\"shower-seals.com\"},\"image\":{\"@id\":\"https:\/\/shower-seals.com\/#\/schema\/logo\/image\/\"}}]}<\/script>\n<meta property=\"product:price:amount\" content=\"0.00\" \/>\n<meta property=\"product:price:currency\" content=\"USD\" \/>\n<meta property=\"og:availability\" content=\"instock\" \/>\n<meta property=\"product:availability\" content=\"instock\" \/>\n<meta property=\"product:condition\" content=\"new\" \/>\n<!-- \/ Yoast SEO Premium plugin. -->","yoast_head_json":{"title":"Tira de veda\u00e7\u00e3o inferior da porta de vidro preta do chuveiro - estilo de anel de dist\u00e2ncia m\u00e9dia","robots":{"index":"index","follow":"follow","max-snippet":"max-snippet:-1","max-image-preview":"max-image-preview:large","max-video-preview":"max-video-preview:-1"},"canonical":"https:\/\/shower-seals.com\/pt\/product\/black-glass-shower-door-bottom-seal-strip-mid-distance-ring-style\/","og_locale":"pt_BR","og_type":"article","og_title":"Black Glass Shower Door Bottom Seal Strip - Mid Distance Ring Style","og_description":"Glass Shower Door Bottom Seal Strip - Mid Distance Ring Style;  Black glass shower door bottom seal strip For 6mm,8mm,10mm,12mm Glass;  The mid distance ring style provides both functionality and an attractive finish;","og_url":"https:\/\/shower-seals.com\/pt\/product\/black-glass-shower-door-bottom-seal-strip-mid-distance-ring-style\/","og_site_name":"shower-seals.com","article_modified_time":"2025-03-04T03:27:17+00:00","og_image":[{"width":380,"height":396,"url":"https:\/\/shower-seals.com\/wp-content\/uploads\/2024\/12\/Shower-Door-Bottom-Seal-Black.jpg","type":"image\/jpeg"}],"twitter_card":"summary_large_image","twitter_misc":{"Pre\u00e7o":"","Disponibilidade":"Em Estoque"},"schema":{"@context":"https:\/\/schema.org","@graph":[{"@type":"WebPage","@id":"https:\/\/shower-seals.com\/product\/black-glass-shower-door-bottom-seal-strip-mid-distance-ring-style\/","url":"https:\/\/shower-seals.com\/product\/black-glass-shower-door-bottom-seal-strip-mid-distance-ring-style\/","name":"Tira de veda\u00e7\u00e3o inferior da porta de vidro preta do chuveiro - estilo de anel de dist\u00e2ncia m\u00e9dia","isPartOf":{"@id":"https:\/\/shower-seals.com\/#website"},"primaryImageOfPage":{"@id":"https:\/\/shower-seals.com\/product\/black-glass-shower-door-bottom-seal-strip-mid-distance-ring-style\/#primaryimage"},"image":{"@id":"https:\/\/shower-seals.com\/product\/black-glass-shower-door-bottom-seal-strip-mid-distance-ring-style\/#primaryimage"},"thumbnailUrl":"https:\/\/shower-seals.com\/wp-content\/uploads\/2024\/12\/Shower-Door-Bottom-Seal-Black.jpg","datePublished":"2025-02-09T09:40:11+00:00","dateModified":"2025-03-04T03:27:17+00:00","breadcrumb":{"@id":"https:\/\/shower-seals.com\/product\/black-glass-shower-door-bottom-seal-strip-mid-distance-ring-style\/#breadcrumb"},"inLanguage":"pt-BR","potentialAction":[{"@type":"ReadAction","target":["https:\/\/shower-seals.com\/product\/black-glass-shower-door-bottom-seal-strip-mid-distance-ring-style\/"]}]},{"@type":"ImageObject","inLanguage":"pt-BR","@id":"https:\/\/shower-seals.com\/product\/black-glass-shower-door-bottom-seal-strip-mid-distance-ring-style\/#primaryimage","url":"https:\/\/shower-seals.com\/wp-content\/uploads\/2024\/12\/Shower-Door-Bottom-Seal-Black.jpg","contentUrl":"https:\/\/shower-seals.com\/wp-content\/uploads\/2024\/12\/Shower-Door-Bottom-Seal-Black.jpg","width":380,"height":396,"caption":"glass shower door bottom seal strip"},{"@type":"BreadcrumbList","@id":"https:\/\/shower-seals.com\/product\/black-glass-shower-door-bottom-seal-strip-mid-distance-ring-style\/#breadcrumb","itemListElement":[{"@type":"ListItem","position":1,"name":"Home","item":"https:\/\/shower-seals.com\/"},{"@type":"ListItem","position":2,"name":"Wholesale Glass Shower Door Seals","item":"https:\/\/shower-seals.com\/shower-seals\/"},{"@type":"ListItem","position":3,"name":"Black Glass Shower Door Bottom Seal Strip &#8211; Mid Distance Ring Style"}]},{"@type":"WebSite","@id":"https:\/\/shower-seals.com\/#website","url":"https:\/\/shower-seals.com\/","name":"shower-seals.com","description":"Veda\u00e7\u00f5es de chuveiro | Veda\u00e7\u00f5es de tela de chuveiro | Veda\u00e7\u00f5es de porta de chuveiro","publisher":{"@id":"https:\/\/shower-seals.com\/#organization"},"potentialAction":[{"@type":"SearchAction","target":{"@type":"EntryPoint","urlTemplate":"https:\/\/shower-seals.com\/?s={search_term_string}"},"query-input":{"@type":"PropertyValueSpecification","valueRequired":true,"valueName":"search_term_string"}}],"inLanguage":"pt-BR"},{"@type":"Organization","@id":"https:\/\/shower-seals.com\/#organization","name":"shower-seals.com","url":"https:\/\/shower-seals.com\/","logo":{"@type":"ImageObject","inLanguage":"pt-BR","@id":"https:\/\/shower-seals.com\/#\/schema\/logo\/image\/","url":"https:\/\/shower-seals.com\/wp-content\/uploads\/2024\/12\/Shower-seals-Logo.png","contentUrl":"https:\/\/shower-seals.com\/wp-content\/uploads\/2024\/12\/Shower-seals-Logo.png","width":350,"height":100,"caption":"shower-seals.com"},"image":{"@id":"https:\/\/shower-seals.com\/#\/schema\/logo\/image\/"}}]},"product_price_amount":"0.00","product_price_currency":"USD","og_availability":"instock","product_availability":"instock","product_condition":"new"},"tiered_pricing_type":"fixed","tiered_pricing_fixed_rules":[],"tiered_pricing_product_settings":{"layout":"default","base_unit_name":{"singular":null,"plural":null},"default_variation":null},"tiered_pricing_minimum_quantity":null,"tiered_pricing_roles_data":[],"tiered_pricing_percentage_rules":[],"tiered_pricing_maximum_quantity":null,"tiered_pricing_quantity_step":null,"_links":{"self":[{"href":"https:\/\/shower-seals.com\/pt\/wp-json\/wp\/v2\/product\/1274","targetHints":{"allow":["GET"]}}],"collection":[{"href":"https:\/\/shower-seals.com\/pt\/wp-json\/wp\/v2\/product"}],"about":[{"href":"https:\/\/shower-seals.com\/pt\/wp-json\/wp\/v2\/types\/product"}],"wp:featuredmedia":[{"embeddable":true,"href":"https:\/\/shower-seals.com\/pt\/wp-json\/wp\/v2\/media\/513"}],"wp:attachment":[{"href":"https:\/\/shower-seals.com\/pt\/wp-json\/wp\/v2\/media?parent=1274"}],"wp:term":[{"taxonomy":"product_brand","embeddable":true,"href":"https:\/\/shower-seals.com\/pt\/wp-json\/wp\/v2\/product_brand?post=1274"},{"taxonomy":"product_cat","embeddable":true,"href":"https:\/\/shower-seals.com\/pt\/wp-json\/wp\/v2\/product_cat?post=1274"},{"taxonomy":"product_tag","embeddable":true,"href":"https:\/\/shower-seals.com\/pt\/wp-json\/wp\/v2\/product_tag?post=1274"}],"curies":[{"name":"wp","href":"https:\/\/api.w.org\/{rel}","templated":true}]}}