{"id":41,"date":"2024-12-03T02:45:32","date_gmt":"2024-12-03T02:45:32","guid":{"rendered":"https:\/\/shower-seals.com\/?page_id=41"},"modified":"2025-03-10T01:24:24","modified_gmt":"2025-03-10T01:24:24","slug":"about-us","status":"publish","type":"page","link":"https:\/\/shower-seals.com\/pt\/about-us\/","title":{"rendered":"Sobre n\u00f3s"},"content":{"rendered":"<div data-elementor-type=\"wp-page\" data-elementor-id=\"41\" class=\"elementor elementor-41\" data-elementor-post-type=\"page\">\n\t\t\t\t\t\t<section data-particle_enable=\"false\" data-particle-mobile-disabled=\"false\" class=\"elementor-section elementor-top-section elementor-element elementor-element-538ac4ec elementor-section-height-min-height elementor-section-boxed elementor-section-height-default elementor-section-items-middle\" data-id=\"538ac4ec\" data-element_type=\"section\" data-e-type=\"section\" data-settings=\"{&quot;background_background&quot;:&quot;classic&quot;}\">\n\t\t\t\t\t\t\t<div class=\"elementor-background-overlay\"><\/div>\n\t\t\t\t\t\t\t<div class=\"elementor-container elementor-column-gap-default\">\n\t\t\t\t\t<div class=\"elementor-column elementor-col-100 elementor-top-column elementor-element elementor-element-57e0b800\" data-id=\"57e0b800\" data-element_type=\"column\" data-e-type=\"column\">\n\t\t\t<div class=\"elementor-widget-wrap elementor-element-populated\">\n\t\t\t\t\t\t<div class=\"elementor-element elementor-element-18ea8f1d animated-slow elementor-invisible elementor-widget elementor-widget-heading\" data-id=\"18ea8f1d\" data-element_type=\"widget\" data-e-type=\"widget\" data-settings=\"{&quot;_animation&quot;:&quot;fadeIn&quot;}\" data-widget_type=\"heading.default\">\n\t\t\t\t<div class=\"elementor-widget-container\">\n\t\t\t\t\t<h1 class=\"elementor-heading-title elementor-size-default\">Sobre n\u00f3s<\/h1>\t\t\t\t<\/div>\n\t\t\t\t<\/div>\n\t\t\t\t<div class=\"elementor-element elementor-element-527311b0 animated-slow elementor-invisible elementor-widget elementor-widget-heading\" data-id=\"527311b0\" data-element_type=\"widget\" data-e-type=\"widget\" data-settings=\"{&quot;_animation&quot;:&quot;fadeIn&quot;}\" data-widget_type=\"heading.default\">\n\t\t\t\t<div class=\"elementor-widget-container\">\n\t\t\t\t\t<h2 class=\"elementor-heading-title elementor-size-default\">Solu\u00e7\u00e3o completa para veda\u00e7\u00f5es de portas de chuveiro<\/h2>\t\t\t\t<\/div>\n\t\t\t\t<\/div>\n\t\t\t\t<div class=\"elementor-element elementor-element-6c51a685 elementor-widget elementor-widget-spacer\" data-id=\"6c51a685\" data-element_type=\"widget\" data-e-type=\"widget\" data-widget_type=\"spacer.default\">\n\t\t\t\t<div class=\"elementor-widget-container\">\n\t\t\t\t\t\t\t<div class=\"elementor-spacer\">\n\t\t\t<div class=\"elementor-spacer-inner\"><\/div>\n\t\t<\/div>\n\t\t\t\t\t\t<\/div>\n\t\t\t\t<\/div>\n\t\t\t\t<section data-particle_enable=\"false\" data-particle-mobile-disabled=\"false\" class=\"elementor-section elementor-inner-section elementor-element elementor-element-1f0545e5 elementor-section-content-middle elementor-section-boxed elementor-section-height-default elementor-section-height-default\" data-id=\"1f0545e5\" data-element_type=\"section\" data-e-type=\"section\">\n\t\t\t\t\t\t<div class=\"elementor-container elementor-column-gap-default\">\n\t\t\t\t\t<div class=\"elementor-column elementor-col-50 elementor-inner-column elementor-element elementor-element-46fa8b49\" data-id=\"46fa8b49\" data-element_type=\"column\" data-e-type=\"column\">\n\t\t\t<div class=\"elementor-widget-wrap elementor-element-populated\">\n\t\t\t\t\t\t<div class=\"elementor-element elementor-element-52ee1a3f elementor-invisible elementor-widget elementor-widget-text-editor\" data-id=\"52ee1a3f\" data-element_type=\"widget\" data-e-type=\"widget\" data-settings=\"{&quot;_animation&quot;:&quot;fadeIn&quot;}\" data-widget_type=\"text-editor.default\">\n\t\t\t\t<div class=\"elementor-widget-container\">\n\t\t\t\t\t\t\t\t\t<p>Bem-vindo ao <em><a href=\"https:\/\/shower-seals.com\/pt\/\"><strong>Shower-Seals.com<\/strong><\/a><\/em>, seu parceiro de confian\u00e7a em <em><strong><a href=\"https:\/\/shower-seals.com\/pt\/shower-seals\/\">veda\u00e7\u00e3o da porta do chuveiro<\/a><\/strong><\/em> e fabrica\u00e7\u00e3o de gaxetas desde 2013. Com mais de uma d\u00e9cada de experi\u00eancia, somos especializados na produ\u00e7\u00e3o de solu\u00e7\u00f5es de veda\u00e7\u00e3o de alta qualidade para portas de chuveiro, portas de vidro, janelas e v\u00e1rias aplica\u00e7\u00f5es industriais.<\/p><p>Nossas instala\u00e7\u00f5es de \u00faltima gera\u00e7\u00e3o foram projetadas para oferecer precis\u00e3o e efici\u00eancia, garantindo que cada produ\u00e7\u00e3o atenda aos mais altos padr\u00f5es de qualidade. Clientes de todo o mundo, inclusive da Europa e dos EUA, confiam em n\u00f3s para obter produtos de veda\u00e7\u00e3o confi\u00e1veis e inovadores.<\/p><p>Oferecemos uma ampla gama de perfis de veda\u00e7\u00e3o adaptados para atender a diversos requisitos, combinando durabilidade, funcionalidade e estilo. No Shower-Seals.com, temos o compromisso de fornecer solu\u00e7\u00f5es que elevam o desempenho e a est\u00e9tica de seus projetos.<\/p>\t\t\t\t\t\t\t\t<\/div>\n\t\t\t\t<\/div>\n\t\t\t\t\t<\/div>\n\t\t<\/div>\n\t\t\t\t<div class=\"elementor-column elementor-col-50 elementor-inner-column elementor-element elementor-element-732b5354\" data-id=\"732b5354\" data-element_type=\"column\" data-e-type=\"column\">\n\t\t\t<div class=\"elementor-widget-wrap elementor-element-populated\">\n\t\t\t\t\t\t<div class=\"elementor-element elementor-element-1ab6786f elementor-invisible elementor-widget elementor-widget-image\" data-id=\"1ab6786f\" data-element_type=\"widget\" data-e-type=\"widget\" data-settings=\"{&quot;_animation&quot;:&quot;fadeInUp&quot;}\" data-widget_type=\"image.default\">\n\t\t\t\t<div class=\"elementor-widget-container\">\n\t\t\t\t\t\t\t\t\t\t\t\t\t\t\t<img fetchpriority=\"high\" decoding=\"async\" width=\"800\" height=\"545\" src=\"https:\/\/shower-seals.com\/wp-content\/uploads\/2024\/12\/Shower-Door-Seals-Banner-1024x697.jpg\" class=\"attachment-large size-large wp-image-56\" alt=\"Banner de veda\u00e7\u00e3o de porta de chuveiro\" srcset=\"https:\/\/shower-seals.com\/wp-content\/uploads\/2024\/12\/Shower-Door-Seals-Banner-1024x697.jpg.webp 1024w, https:\/\/shower-seals.com\/wp-content\/uploads\/2024\/12\/Shower-Door-Seals-Banner-scaled-600x408.jpg 600w, https:\/\/shower-seals.com\/wp-content\/uploads\/2024\/12\/Shower-Door-Seals-Banner-300x204.jpg.webp 300w, https:\/\/shower-seals.com\/wp-content\/uploads\/2024\/12\/Shower-Door-Seals-Banner-768x523.jpg.webp 768w, https:\/\/shower-seals.com\/wp-content\/uploads\/2024\/12\/Shower-Door-Seals-Banner-1536x1045.jpg.webp 1536w, https:\/\/shower-seals.com\/wp-content\/uploads\/2024\/12\/Shower-Door-Seals-Banner-2048x1394.jpg.webp 2048w\" sizes=\"(max-width: 800px) 100vw, 800px\" \/>\t\t\t\t\t\t\t\t\t\t\t\t\t\t\t<\/div>\n\t\t\t\t<\/div>\n\t\t\t\t\t<\/div>\n\t\t<\/div>\n\t\t\t\t\t<\/div>\n\t\t<\/section>\n\t\t\t\t<div class=\"elementor-element elementor-element-2e482b6 elementor-widget elementor-widget-image\" data-id=\"2e482b6\" data-element_type=\"widget\" data-e-type=\"widget\" data-widget_type=\"image.default\">\n\t\t\t\t<div class=\"elementor-widget-container\">\n\t\t\t\t\t\t\t\t\t\t\t\t\t\t\t<img decoding=\"async\" width=\"800\" height=\"379\" src=\"https:\/\/shower-seals.com\/wp-content\/uploads\/2025\/01\/about-shower-seals.com_.gif\" class=\"attachment-large size-large wp-image-977\" alt=\"sobre shower-seals.com\" \/>\t\t\t\t\t\t\t\t\t\t\t\t\t\t\t<\/div>\n\t\t\t\t<\/div>\n\t\t\t\t\t<\/div>\n\t\t<\/div>\n\t\t\t\t\t<\/div>\n\t\t<\/section>\n\t\t\t\t<section data-particle_enable=\"false\" data-particle-mobile-disabled=\"false\" class=\"elementor-section elementor-top-section elementor-element elementor-element-1ff9e9ed elementor-section-boxed elementor-section-height-default elementor-section-height-default\" data-id=\"1ff9e9ed\" data-element_type=\"section\" data-e-type=\"section\" data-settings=\"{&quot;background_background&quot;:&quot;classic&quot;}\">\n\t\t\t\t\t\t\t<div class=\"elementor-background-overlay\"><\/div>\n\t\t\t\t\t\t\t<div class=\"elementor-container elementor-column-gap-default\">\n\t\t\t\t\t<div class=\"elementor-column elementor-col-100 elementor-top-column elementor-element elementor-element-588a8e00\" data-id=\"588a8e00\" data-element_type=\"column\" data-e-type=\"column\">\n\t\t\t<div class=\"elementor-widget-wrap elementor-element-populated\">\n\t\t\t\t\t\t<div class=\"elementor-element elementor-element-24fc2e33 elementor-invisible elementor-widget elementor-widget-heading\" data-id=\"24fc2e33\" data-element_type=\"widget\" data-e-type=\"widget\" data-settings=\"{&quot;_animation&quot;:&quot;fadeIn&quot;,&quot;_animation_delay&quot;:100}\" data-widget_type=\"heading.default\">\n\t\t\t\t<div class=\"elementor-widget-container\">\n\t\t\t\t\t<h2 class=\"elementor-heading-title elementor-size-default\">10% de desconto em sua primeira compra.<\/h2>\t\t\t\t<\/div>\n\t\t\t\t<\/div>\n\t\t\t\t<div class=\"elementor-element elementor-element-a2ea471 elementor-button-align-stretch elementor-widget elementor-widget-form\" data-id=\"a2ea471\" data-element_type=\"widget\" data-e-type=\"widget\" data-settings=\"{&quot;button_width&quot;:&quot;30&quot;,&quot;step_next_label&quot;:&quot;Next&quot;,&quot;step_previous_label&quot;:&quot;Previous&quot;,&quot;step_type&quot;:&quot;number_text&quot;,&quot;step_icon_shape&quot;:&quot;circle&quot;}\" data-widget_type=\"form.default\">\n\t\t\t\t<div class=\"elementor-widget-container\">\n\t\t\t\t\t    <script>\r\n    jQuery(document).ready(function() {\r\n      jQuery(\".elementor-form\").on('submit', function() {\r\n        var submittedForm = jQuery(this);\r\n        setTimeout(function() {\r\n          var turnstileElement = submittedForm.find('.cf-turnstile');\r\n          if (turnstileElement.length > 0) {\r\n            var uniqueId = 'cf-turnstile-elementor-' + new Date().getTime();\r\n            turnstileElement.attr('id', uniqueId);\r\n            turnstile.reset('#' + uniqueId);\r\n          }\r\n        }, 2500);\r\n      });\r\n    });\r\n    <\/script>\r\n        \t\t<form class=\"elementor-form\" method=\"post\" name=\"New Form\" action=\"\">\n\t\t\t<input type=\"hidden\" name=\"post_id\" value=\"41\"\/>\n\t\t\t<input type=\"hidden\" name=\"form_id\" value=\"a2ea471\"\/>\n\t\t\t<input type=\"hidden\" name=\"referer_title\" value=\"Premium Shower Door Seals &amp; Gaskets | Shower-Seals.com\" \/>\n\n\t\t\t\t\t\t\t<input type=\"hidden\" name=\"queried_id\" value=\"41\"\/>\n\t\t\t\n\t\t\t<div class=\"elementor-form-fields-wrapper elementor-labels-above\">\n\t\t\t\t\t\t\t\t<div class=\"elementor-field-type-recaptcha_v3 elementor-field-group elementor-column elementor-field-group-field_07fbe4b elementor-col-100 recaptcha_v3-bottomright\">\n\t\t\t\t\t<div class=\"elementor-field\" id=\"form-field-field_07fbe4b\"><\/div>\t\t\t\t<\/div>\n\t\t\t\t\t\t\t\t<div class=\"elementor-field-type-email elementor-field-group elementor-column elementor-field-group-email elementor-col-70 elementor-field-required\">\n\t\t\t\t\t\t\t\t\t\t\t\t\t<input size=\"1\" type=\"email\" name=\"form_fields[email]\" id=\"form-field-email\" class=\"elementor-field elementor-size-lg  elementor-field-textual\" placeholder=\"E-mail\" required=\"required\">\n\t\t\t\t\t\t\t\t\t\t\t<\/div>\n\t\t\t\t\t\t\t\t<div class=\"elementor-field-group elementor-column elementor-field-type-submit elementor-col-30 e-form__buttons\">\n\t\t\t\t\t<div class='elementor-turnstile-field' style='display: block;margin-top: 10px;width: 100%;'>\t\t<div id=\"cf-turnstile-elementor-3609198804\"\r\n\t\tclass=\"cf-turnstile\" \t\tdata-sitekey=\"0x4AAAAAABBxY7mBaFtiUl4G\"\r\n\t\tdata-theme=\"light\"\r\n\t\tdata-language=\"auto\"\r\n\t\tdata-size=\"normal\"\r\n\t\tdata-retry=\"auto\" data-retry-interval=\"1000\"\r\n\t\tdata-action=\"elementor-3609198804\"\r\n\t\t\t\tdata-appearance=\"always\"><\/div>\r\n\t\t\t<script>document.addEventListener(\"DOMContentLoaded\", function() { setTimeout(function(){ var e=document.getElementById(\"cf-turnstile-elementor-3609198804\"); e&&!e.innerHTML.trim()&&(turnstile.remove(\"#cf-turnstile-elementor-3609198804\"), turnstile.render(\"#cf-turnstile-elementor-3609198804\", {sitekey:\"0x4AAAAAABBxY7mBaFtiUl4G\"})); }, 0); });<\/script>\r\n\t\t\t<br class=\"cf-turnstile-br cf-turnstile-br-elementor-3609198804\">\r\n\t\t<\/div><br\/><button class=\"elementor-button elementor-size-lg\" type=\"submit\">\n\t\t\t\t\t\t<span class=\"elementor-button-content-wrapper\">\n\t\t\t\t\t\t\t\t\t\t\t\t\t\t\t\t\t\t\t\t\t\t<span class=\"elementor-button-text\">Assinatura<\/span>\n\t\t\t\t\t\t\t\t\t\t\t\t\t<\/span>\n\t\t\t\t\t<\/button>\n\t\t\t\t<\/div>\n\t\t\t<\/div>\n\t\t<input type=\"hidden\" name=\"trp-form-language\" value=\"pt\"\/><\/form>\n\t\t\t\t\t\t<\/div>\n\t\t\t\t<\/div>\n\t\t\t\t<div class=\"elementor-element elementor-element-3226eaa2 elementor-widget-divider--view-line elementor-invisible elementor-widget elementor-widget-divider\" data-id=\"3226eaa2\" data-element_type=\"widget\" data-e-type=\"widget\" data-settings=\"{&quot;_animation&quot;:&quot;fadeIn&quot;,&quot;_animation_delay&quot;:300}\" data-widget_type=\"divider.default\">\n\t\t\t\t<div class=\"elementor-widget-container\">\n\t\t\t\t\t\t\t<div class=\"elementor-divider\">\n\t\t\t<span class=\"elementor-divider-separator\">\n\t\t\t\t\t\t<\/span>\n\t\t<\/div>\n\t\t\t\t\t\t<\/div>\n\t\t\t\t<\/div>\n\t\t\t\t\t<\/div>\n\t\t<\/div>\n\t\t\t\t\t<\/div>\n\t\t<\/section>\n\t\t\t\t<\/div>","protected":false},"excerpt":{"rendered":"<p>Sobre n\u00f3s Solu\u00e7\u00e3o completa para veda\u00e7\u00f5es de portas de chuveiro Bem-vindo ao Shower-Seals.com, seu parceiro confi\u00e1vel na fabrica\u00e7\u00e3o de veda\u00e7\u00f5es e juntas para portas de chuveiro desde 2013. Com mais de uma d\u00e9cada de experi\u00eancia, somos especializados na produ\u00e7\u00e3o de solu\u00e7\u00f5es de veda\u00e7\u00e3o de alta qualidade para portas de chuveiro, portas de vidro, janelas e v\u00e1rias aplica\u00e7\u00f5es industriais. Nossas instala\u00e7\u00f5es de \u00faltima gera\u00e7\u00e3o foram projetadas para oferecer precis\u00e3o e efici\u00eancia, [...]<\/p>","protected":false},"author":1,"featured_media":0,"parent":0,"menu_order":0,"comment_status":"closed","ping_status":"closed","template":"elementor_header_footer","meta":{"footnotes":""},"class_list":["post-41","page","type-page","status-publish","hentry"],"yoast_head":"<!-- This site is optimized with the Yoast SEO Premium plugin v23.4 (Yoast SEO v24.2) - https:\/\/yoast.com\/wordpress\/plugins\/seo\/ -->\n<title>Premium Shower Door Seals &amp; Gaskets | Shower-Seals.com<\/title>\n<meta name=\"description\" content=\"Discover high-quality shower door seals &amp; gaskets at Shower-Seals.com. Trusted globally since 2013 for durable sealing solutions.\" \/>\n<meta name=\"robots\" content=\"index, follow, max-snippet:-1, max-image-preview:large, max-video-preview:-1\" \/>\n<link rel=\"canonical\" href=\"https:\/\/shower-seals.com\/pt\/about-us\/\" \/>\n<meta property=\"og:locale\" content=\"pt_BR\" \/>\n<meta property=\"og:type\" content=\"article\" \/>\n<meta property=\"og:title\" content=\"About Us\" \/>\n<meta property=\"og:description\" content=\"Discover high-quality shower door seals &amp; gaskets at Shower-Seals.com. Trusted globally since 2013 for durable sealing solutions.\" \/>\n<meta property=\"og:url\" content=\"https:\/\/shower-seals.com\/pt\/about-us\/\" \/>\n<meta property=\"og:site_name\" content=\"shower-seals.com\" \/>\n<meta property=\"article:modified_time\" content=\"2025-03-10T01:24:24+00:00\" \/>\n<meta property=\"og:image\" content=\"https:\/\/shower-seals.com\/wp-content\/uploads\/2024\/12\/Shower-Door-Seals-Banner-1024x697.jpg\" \/>\n<meta name=\"twitter:card\" content=\"summary_large_image\" \/>\n<meta name=\"twitter:label1\" content=\"Est. tempo de leitura\" \/>\n\t<meta name=\"twitter:data1\" content=\"1 minuto\" \/>\n<script type=\"application\/ld+json\" class=\"yoast-schema-graph\">{\"@context\":\"https:\/\/schema.org\",\"@graph\":[{\"@type\":\"WebPage\",\"@id\":\"https:\/\/shower-seals.com\/about-us\/\",\"url\":\"https:\/\/shower-seals.com\/about-us\/\",\"name\":\"Premium Shower Door Seals & Gaskets | Shower-Seals.com\",\"isPartOf\":{\"@id\":\"https:\/\/shower-seals.com\/#website\"},\"primaryImageOfPage\":{\"@id\":\"https:\/\/shower-seals.com\/about-us\/#primaryimage\"},\"image\":{\"@id\":\"https:\/\/shower-seals.com\/about-us\/#primaryimage\"},\"thumbnailUrl\":\"https:\/\/shower-seals.com\/wp-content\/uploads\/2024\/12\/Shower-Door-Seals-Banner-1024x697.jpg\",\"datePublished\":\"2024-12-03T02:45:32+00:00\",\"dateModified\":\"2025-03-10T01:24:24+00:00\",\"description\":\"Discover high-quality shower door seals & gaskets at Shower-Seals.com. Trusted globally since 2013 for durable sealing solutions.\",\"breadcrumb\":{\"@id\":\"https:\/\/shower-seals.com\/about-us\/#breadcrumb\"},\"inLanguage\":\"pt-BR\",\"potentialAction\":[{\"@type\":\"ReadAction\",\"target\":[\"https:\/\/shower-seals.com\/about-us\/\"]}]},{\"@type\":\"ImageObject\",\"inLanguage\":\"pt-BR\",\"@id\":\"https:\/\/shower-seals.com\/about-us\/#primaryimage\",\"url\":\"https:\/\/shower-seals.com\/wp-content\/uploads\/2024\/12\/Shower-Door-Seals-Banner-1024x697.jpg\",\"contentUrl\":\"https:\/\/shower-seals.com\/wp-content\/uploads\/2024\/12\/Shower-Door-Seals-Banner-1024x697.jpg\"},{\"@type\":\"BreadcrumbList\",\"@id\":\"https:\/\/shower-seals.com\/about-us\/#breadcrumb\",\"itemListElement\":[{\"@type\":\"ListItem\",\"position\":1,\"name\":\"Home\",\"item\":\"https:\/\/shower-seals.com\/\"},{\"@type\":\"ListItem\",\"position\":2,\"name\":\"About Us\"}]},{\"@type\":\"WebSite\",\"@id\":\"https:\/\/shower-seals.com\/#website\",\"url\":\"https:\/\/shower-seals.com\/\",\"name\":\"shower-seals.com\",\"description\":\"Shower Seals | Shower Screen Seals | Shower Door Seals\",\"publisher\":{\"@id\":\"https:\/\/shower-seals.com\/#organization\"},\"potentialAction\":[{\"@type\":\"SearchAction\",\"target\":{\"@type\":\"EntryPoint\",\"urlTemplate\":\"https:\/\/shower-seals.com\/?s={search_term_string}\"},\"query-input\":{\"@type\":\"PropertyValueSpecification\",\"valueRequired\":true,\"valueName\":\"search_term_string\"}}],\"inLanguage\":\"pt-BR\"},{\"@type\":\"Organization\",\"@id\":\"https:\/\/shower-seals.com\/#organization\",\"name\":\"shower-seals.com\",\"url\":\"https:\/\/shower-seals.com\/\",\"logo\":{\"@type\":\"ImageObject\",\"inLanguage\":\"pt-BR\",\"@id\":\"https:\/\/shower-seals.com\/#\/schema\/logo\/image\/\",\"url\":\"https:\/\/shower-seals.com\/wp-content\/uploads\/2024\/12\/Shower-seals-Logo.png\",\"contentUrl\":\"https:\/\/shower-seals.com\/wp-content\/uploads\/2024\/12\/Shower-seals-Logo.png\",\"width\":350,\"height\":100,\"caption\":\"shower-seals.com\"},\"image\":{\"@id\":\"https:\/\/shower-seals.com\/#\/schema\/logo\/image\/\"}}]}<\/script>\n<!-- \/ Yoast SEO Premium plugin. -->","yoast_head_json":{"title":"Veda\u00e7\u00f5es e gaxetas premium para portas de chuveiro | Shower-Seals.com","description":"Descubra veda\u00e7\u00f5es e juntas de alta qualidade para portas de chuveiro em Shower-Seals.com. Confi\u00e1vel em todo o mundo desde 2013 para solu\u00e7\u00f5es de veda\u00e7\u00e3o dur\u00e1veis.","robots":{"index":"index","follow":"follow","max-snippet":"max-snippet:-1","max-image-preview":"max-image-preview:large","max-video-preview":"max-video-preview:-1"},"canonical":"https:\/\/shower-seals.com\/pt\/about-us\/","og_locale":"pt_BR","og_type":"article","og_title":"About Us","og_description":"Discover high-quality shower door seals & gaskets at Shower-Seals.com. Trusted globally since 2013 for durable sealing solutions.","og_url":"https:\/\/shower-seals.com\/pt\/about-us\/","og_site_name":"shower-seals.com","article_modified_time":"2025-03-10T01:24:24+00:00","og_image":[{"url":"https:\/\/shower-seals.com\/wp-content\/uploads\/2024\/12\/Shower-Door-Seals-Banner-1024x697.jpg","type":"","width":"","height":""}],"twitter_card":"summary_large_image","twitter_misc":{"Est. tempo de leitura":"1 minuto"},"schema":{"@context":"https:\/\/schema.org","@graph":[{"@type":"WebPage","@id":"https:\/\/shower-seals.com\/about-us\/","url":"https:\/\/shower-seals.com\/about-us\/","name":"Veda\u00e7\u00f5es e gaxetas premium para portas de chuveiro | Shower-Seals.com","isPartOf":{"@id":"https:\/\/shower-seals.com\/#website"},"primaryImageOfPage":{"@id":"https:\/\/shower-seals.com\/about-us\/#primaryimage"},"image":{"@id":"https:\/\/shower-seals.com\/about-us\/#primaryimage"},"thumbnailUrl":"https:\/\/shower-seals.com\/wp-content\/uploads\/2024\/12\/Shower-Door-Seals-Banner-1024x697.jpg","datePublished":"2024-12-03T02:45:32+00:00","dateModified":"2025-03-10T01:24:24+00:00","description":"Descubra veda\u00e7\u00f5es e juntas de alta qualidade para portas de chuveiro em Shower-Seals.com. Confi\u00e1vel em todo o mundo desde 2013 para solu\u00e7\u00f5es de veda\u00e7\u00e3o dur\u00e1veis.","breadcrumb":{"@id":"https:\/\/shower-seals.com\/about-us\/#breadcrumb"},"inLanguage":"pt-BR","potentialAction":[{"@type":"ReadAction","target":["https:\/\/shower-seals.com\/about-us\/"]}]},{"@type":"ImageObject","inLanguage":"pt-BR","@id":"https:\/\/shower-seals.com\/about-us\/#primaryimage","url":"https:\/\/shower-seals.com\/wp-content\/uploads\/2024\/12\/Shower-Door-Seals-Banner-1024x697.jpg","contentUrl":"https:\/\/shower-seals.com\/wp-content\/uploads\/2024\/12\/Shower-Door-Seals-Banner-1024x697.jpg"},{"@type":"BreadcrumbList","@id":"https:\/\/shower-seals.com\/about-us\/#breadcrumb","itemListElement":[{"@type":"ListItem","position":1,"name":"Home","item":"https:\/\/shower-seals.com\/"},{"@type":"ListItem","position":2,"name":"About Us"}]},{"@type":"WebSite","@id":"https:\/\/shower-seals.com\/#website","url":"https:\/\/shower-seals.com\/","name":"shower-seals.com","description":"Veda\u00e7\u00f5es de chuveiro | Veda\u00e7\u00f5es de tela de chuveiro | Veda\u00e7\u00f5es de porta de chuveiro","publisher":{"@id":"https:\/\/shower-seals.com\/#organization"},"potentialAction":[{"@type":"SearchAction","target":{"@type":"EntryPoint","urlTemplate":"https:\/\/shower-seals.com\/?s={search_term_string}"},"query-input":{"@type":"PropertyValueSpecification","valueRequired":true,"valueName":"search_term_string"}}],"inLanguage":"pt-BR"},{"@type":"Organization","@id":"https:\/\/shower-seals.com\/#organization","name":"shower-seals.com","url":"https:\/\/shower-seals.com\/","logo":{"@type":"ImageObject","inLanguage":"pt-BR","@id":"https:\/\/shower-seals.com\/#\/schema\/logo\/image\/","url":"https:\/\/shower-seals.com\/wp-content\/uploads\/2024\/12\/Shower-seals-Logo.png","contentUrl":"https:\/\/shower-seals.com\/wp-content\/uploads\/2024\/12\/Shower-seals-Logo.png","width":350,"height":100,"caption":"shower-seals.com"},"image":{"@id":"https:\/\/shower-seals.com\/#\/schema\/logo\/image\/"}}]}},"_links":{"self":[{"href":"https:\/\/shower-seals.com\/pt\/wp-json\/wp\/v2\/pages\/41","targetHints":{"allow":["GET"]}}],"collection":[{"href":"https:\/\/shower-seals.com\/pt\/wp-json\/wp\/v2\/pages"}],"about":[{"href":"https:\/\/shower-seals.com\/pt\/wp-json\/wp\/v2\/types\/page"}],"author":[{"embeddable":true,"href":"https:\/\/shower-seals.com\/pt\/wp-json\/wp\/v2\/users\/1"}],"replies":[{"embeddable":true,"href":"https:\/\/shower-seals.com\/pt\/wp-json\/wp\/v2\/comments?post=41"}],"version-history":[{"count":16,"href":"https:\/\/shower-seals.com\/pt\/wp-json\/wp\/v2\/pages\/41\/revisions"}],"predecessor-version":[{"id":984,"href":"https:\/\/shower-seals.com\/pt\/wp-json\/wp\/v2\/pages\/41\/revisions\/984"}],"wp:attachment":[{"href":"https:\/\/shower-seals.com\/pt\/wp-json\/wp\/v2\/media?parent=41"}],"curies":[{"name":"wp","href":"https:\/\/api.w.org\/{rel}","templated":true}]}}