{"id":716,"date":"2024-12-10T15:43:27","date_gmt":"2024-12-10T15:43:27","guid":{"rendered":"https:\/\/shower-seals.com\/?post_type=product&#038;p=716"},"modified":"2025-02-12T04:00:30","modified_gmt":"2025-02-12T04:00:30","slug":"black-h-jamb-water-seal-in-line-panel","status":"publish","type":"product","link":"https:\/\/shower-seals.com\/fr\/product\/black-h-jamb-water-seal-in-line-panel\/","title":{"rendered":"Joint d'\u00e9tanch\u00e9it\u00e9 pour montant noir \"h\" Panneau en ligne BS003-BK"},"content":{"rendered":"<p>Num\u00e9ro de catalogue : BS003-BK ;<\/p>\n<p>Notre joint noir en ligne \u00e0 180 degr\u00e9s le plus populaire ;<\/p>\n<p>S'enclenche sur un panneau fixe ou une porte ;<\/p>\n<p>Pour les applications verre sur verre ;<\/p>\n<p>Longueur de la jambe : 6-12mm ; (\u00e0 adapter selon vos besoins)<\/p>\n<p>Ce cadre en \"H\" de Black Seal est destin\u00e9 aux applications en ligne \u00e0 180 degr\u00e9s entre deux vitres. S'enclenche sur le panneau fixe avec la l\u00e8vre du c\u00f4t\u00e9 de la g\u00e2che, ou sur la porte avec la l\u00e8vre du c\u00f4t\u00e9 de la charni\u00e8re. Il laisse une apparence claire tout en servant de joint fonctionnel. L'ensemble du montant en \"H\" est fabriqu\u00e9 en polycarbonate dur.<\/p>","protected":false},"excerpt":{"rendered":"<ul>\n<li>Joint H noir pour verre de 6mm, 8mm, 10mm, 12mm ;<\/li>\n<li>Dispersion de l'eau dans la douche ;<\/li>\n<li>Pour les applications en ligne \u00e0 180 degr\u00e9s ;<\/li>\n<li>But\u00e9e de porte rigide int\u00e9gr\u00e9e au c\u00f4t\u00e9 de la g\u00e2che ;<\/li>\n<\/ul>","protected":false},"featured_media":502,"template":"","meta":[],"product_brand":[],"product_cat":[34],"product_tag":[],"class_list":{"0":"post-716","1":"product","2":"type-product","3":"status-publish","4":"has-post-thumbnail","6":"product_cat-black-shower-door-seals","8":"first","9":"instock","10":"shipping-taxable","11":"product-type-simple"},"yoast_head":"<!-- This site is optimized with the Yoast SEO Premium plugin v23.4 (Yoast SEO v24.2) - https:\/\/yoast.com\/wordpress\/plugins\/seo\/ -->\n<title>Black &quot;h&quot; Jamb Water Seal In Line Panel BS003-BK<\/title>\n<meta name=\"robots\" content=\"index, follow, max-snippet:-1, max-image-preview:large, max-video-preview:-1\" \/>\n<link rel=\"canonical\" href=\"https:\/\/shower-seals.com\/fr\/product\/black-h-jamb-water-seal-in-line-panel\/\" \/>\n<meta property=\"og:locale\" content=\"fr_FR\" \/>\n<meta property=\"og:type\" content=\"article\" \/>\n<meta property=\"og:title\" content=\"Black &quot;h&quot; Jamb Water Seal In Line Panel BS003-BK\" \/>\n<meta property=\"og:description\" content=\"Black H Seal For 6mm,8mm,10mm,12mm Glass;  Disperses Water Back Into Shower;  For 180 Degree Inline Applications;  Built in Strike Side Rigid Door Stop;\" \/>\n<meta property=\"og:url\" content=\"https:\/\/shower-seals.com\/fr\/product\/black-h-jamb-water-seal-in-line-panel\/\" \/>\n<meta property=\"og:site_name\" content=\"shower-seals.com\" \/>\n<meta property=\"article:modified_time\" content=\"2025-02-12T04:00:30+00:00\" \/>\n<meta property=\"og:image\" content=\"https:\/\/shower-seals.com\/wp-content\/uploads\/2024\/12\/180-degree-black-shower-door-seals-B033-BK.jpg\" \/>\n\t<meta property=\"og:image:width\" content=\"379\" \/>\n\t<meta property=\"og:image:height\" content=\"395\" \/>\n\t<meta property=\"og:image:type\" content=\"image\/jpeg\" \/>\n<meta name=\"twitter:card\" content=\"summary_large_image\" \/>\n<meta name=\"twitter:label1\" content=\"Prix\" \/>\n\t<meta name=\"twitter:data1\" content=\"\" \/>\n\t<meta name=\"twitter:label2\" content=\"Disponibilit\u00e9\" \/>\n\t<meta name=\"twitter:data2\" content=\"En stock\" \/>\n<script type=\"application\/ld+json\" class=\"yoast-schema-graph\">{\"@context\":\"https:\/\/schema.org\",\"@graph\":[{\"@type\":\"WebPage\",\"@id\":\"https:\/\/shower-seals.com\/product\/black-h-jamb-water-seal-in-line-panel\/\",\"url\":\"https:\/\/shower-seals.com\/product\/black-h-jamb-water-seal-in-line-panel\/\",\"name\":\"Black \\\"h\\\" Jamb Water Seal In Line Panel BS003-BK\",\"isPartOf\":{\"@id\":\"https:\/\/shower-seals.com\/#website\"},\"primaryImageOfPage\":{\"@id\":\"https:\/\/shower-seals.com\/product\/black-h-jamb-water-seal-in-line-panel\/#primaryimage\"},\"image\":{\"@id\":\"https:\/\/shower-seals.com\/product\/black-h-jamb-water-seal-in-line-panel\/#primaryimage\"},\"thumbnailUrl\":\"https:\/\/shower-seals.com\/wp-content\/uploads\/2024\/12\/180-degree-black-shower-door-seals-B033-BK.jpg\",\"datePublished\":\"2024-12-10T15:43:27+00:00\",\"dateModified\":\"2025-02-12T04:00:30+00:00\",\"breadcrumb\":{\"@id\":\"https:\/\/shower-seals.com\/product\/black-h-jamb-water-seal-in-line-panel\/#breadcrumb\"},\"inLanguage\":\"fr-FR\",\"potentialAction\":[{\"@type\":\"ReadAction\",\"target\":[\"https:\/\/shower-seals.com\/product\/black-h-jamb-water-seal-in-line-panel\/\"]}]},{\"@type\":\"ImageObject\",\"inLanguage\":\"fr-FR\",\"@id\":\"https:\/\/shower-seals.com\/product\/black-h-jamb-water-seal-in-line-panel\/#primaryimage\",\"url\":\"https:\/\/shower-seals.com\/wp-content\/uploads\/2024\/12\/180-degree-black-shower-door-seals-B033-BK.jpg\",\"contentUrl\":\"https:\/\/shower-seals.com\/wp-content\/uploads\/2024\/12\/180-degree-black-shower-door-seals-B033-BK.jpg\",\"width\":379,\"height\":395,\"caption\":\"180 degree black shower door seals BS003-BK\"},{\"@type\":\"BreadcrumbList\",\"@id\":\"https:\/\/shower-seals.com\/product\/black-h-jamb-water-seal-in-line-panel\/#breadcrumb\",\"itemListElement\":[{\"@type\":\"ListItem\",\"position\":1,\"name\":\"Home\",\"item\":\"https:\/\/shower-seals.com\/\"},{\"@type\":\"ListItem\",\"position\":2,\"name\":\"Wholesale Glass Shower Door Seals\",\"item\":\"https:\/\/shower-seals.com\/shower-seals\/\"},{\"@type\":\"ListItem\",\"position\":3,\"name\":\"Black &#8220;h&#8221; Jamb Water Seal In Line Panel BS003-BK\"}]},{\"@type\":\"WebSite\",\"@id\":\"https:\/\/shower-seals.com\/#website\",\"url\":\"https:\/\/shower-seals.com\/\",\"name\":\"shower-seals.com\",\"description\":\"Shower Seals | Shower Screen Seals | Shower Door Seals\",\"publisher\":{\"@id\":\"https:\/\/shower-seals.com\/#organization\"},\"potentialAction\":[{\"@type\":\"SearchAction\",\"target\":{\"@type\":\"EntryPoint\",\"urlTemplate\":\"https:\/\/shower-seals.com\/?s={search_term_string}\"},\"query-input\":{\"@type\":\"PropertyValueSpecification\",\"valueRequired\":true,\"valueName\":\"search_term_string\"}}],\"inLanguage\":\"fr-FR\"},{\"@type\":\"Organization\",\"@id\":\"https:\/\/shower-seals.com\/#organization\",\"name\":\"shower-seals.com\",\"url\":\"https:\/\/shower-seals.com\/\",\"logo\":{\"@type\":\"ImageObject\",\"inLanguage\":\"fr-FR\",\"@id\":\"https:\/\/shower-seals.com\/#\/schema\/logo\/image\/\",\"url\":\"https:\/\/shower-seals.com\/wp-content\/uploads\/2024\/12\/Shower-seals-Logo.png\",\"contentUrl\":\"https:\/\/shower-seals.com\/wp-content\/uploads\/2024\/12\/Shower-seals-Logo.png\",\"width\":350,\"height\":100,\"caption\":\"shower-seals.com\"},\"image\":{\"@id\":\"https:\/\/shower-seals.com\/#\/schema\/logo\/image\/\"}}]}<\/script>\n<meta property=\"product:price:amount\" content=\"0.00\" \/>\n<meta property=\"product:price:currency\" content=\"USD\" \/>\n<meta property=\"og:availability\" content=\"instock\" \/>\n<meta property=\"product:availability\" content=\"instock\" \/>\n<meta property=\"product:condition\" content=\"new\" \/>\n<!-- \/ Yoast SEO Premium plugin. -->","yoast_head_json":{"title":"Joint d'\u00e9tanch\u00e9it\u00e9 pour montant noir \"h\" Panneau en ligne BS003-BK","robots":{"index":"index","follow":"follow","max-snippet":"max-snippet:-1","max-image-preview":"max-image-preview:large","max-video-preview":"max-video-preview:-1"},"canonical":"https:\/\/shower-seals.com\/fr\/product\/black-h-jamb-water-seal-in-line-panel\/","og_locale":"fr_FR","og_type":"article","og_title":"Black \"h\" Jamb Water Seal In Line Panel BS003-BK","og_description":"Black H Seal For 6mm,8mm,10mm,12mm Glass;  Disperses Water Back Into Shower;  For 180 Degree Inline Applications;  Built in Strike Side Rigid Door Stop;","og_url":"https:\/\/shower-seals.com\/fr\/product\/black-h-jamb-water-seal-in-line-panel\/","og_site_name":"shower-seals.com","article_modified_time":"2025-02-12T04:00:30+00:00","og_image":[{"width":379,"height":395,"url":"https:\/\/shower-seals.com\/wp-content\/uploads\/2024\/12\/180-degree-black-shower-door-seals-B033-BK.jpg","type":"image\/jpeg"}],"twitter_card":"summary_large_image","twitter_misc":{"Prix":"","Disponibilit\u00e9":"En stock"},"schema":{"@context":"https:\/\/schema.org","@graph":[{"@type":"WebPage","@id":"https:\/\/shower-seals.com\/product\/black-h-jamb-water-seal-in-line-panel\/","url":"https:\/\/shower-seals.com\/product\/black-h-jamb-water-seal-in-line-panel\/","name":"Joint d'\u00e9tanch\u00e9it\u00e9 pour montant noir \"h\" Panneau en ligne BS003-BK","isPartOf":{"@id":"https:\/\/shower-seals.com\/#website"},"primaryImageOfPage":{"@id":"https:\/\/shower-seals.com\/product\/black-h-jamb-water-seal-in-line-panel\/#primaryimage"},"image":{"@id":"https:\/\/shower-seals.com\/product\/black-h-jamb-water-seal-in-line-panel\/#primaryimage"},"thumbnailUrl":"https:\/\/shower-seals.com\/wp-content\/uploads\/2024\/12\/180-degree-black-shower-door-seals-B033-BK.jpg","datePublished":"2024-12-10T15:43:27+00:00","dateModified":"2025-02-12T04:00:30+00:00","breadcrumb":{"@id":"https:\/\/shower-seals.com\/product\/black-h-jamb-water-seal-in-line-panel\/#breadcrumb"},"inLanguage":"fr-FR","potentialAction":[{"@type":"ReadAction","target":["https:\/\/shower-seals.com\/product\/black-h-jamb-water-seal-in-line-panel\/"]}]},{"@type":"ImageObject","inLanguage":"fr-FR","@id":"https:\/\/shower-seals.com\/product\/black-h-jamb-water-seal-in-line-panel\/#primaryimage","url":"https:\/\/shower-seals.com\/wp-content\/uploads\/2024\/12\/180-degree-black-shower-door-seals-B033-BK.jpg","contentUrl":"https:\/\/shower-seals.com\/wp-content\/uploads\/2024\/12\/180-degree-black-shower-door-seals-B033-BK.jpg","width":379,"height":395,"caption":"180 degree black shower door seals BS003-BK"},{"@type":"BreadcrumbList","@id":"https:\/\/shower-seals.com\/product\/black-h-jamb-water-seal-in-line-panel\/#breadcrumb","itemListElement":[{"@type":"ListItem","position":1,"name":"Home","item":"https:\/\/shower-seals.com\/"},{"@type":"ListItem","position":2,"name":"Wholesale Glass Shower Door Seals","item":"https:\/\/shower-seals.com\/shower-seals\/"},{"@type":"ListItem","position":3,"name":"Black &#8220;h&#8221; Jamb Water Seal In Line Panel BS003-BK"}]},{"@type":"WebSite","@id":"https:\/\/shower-seals.com\/#website","url":"https:\/\/shower-seals.com\/","name":"joints de douche.com","description":"Joints de douche | Joints de paroi de douche | Joints de porte de douche","publisher":{"@id":"https:\/\/shower-seals.com\/#organization"},"potentialAction":[{"@type":"SearchAction","target":{"@type":"EntryPoint","urlTemplate":"https:\/\/shower-seals.com\/?s={search_term_string}"},"query-input":{"@type":"PropertyValueSpecification","valueRequired":true,"valueName":"search_term_string"}}],"inLanguage":"fr-FR"},{"@type":"Organization","@id":"https:\/\/shower-seals.com\/#organization","name":"joints de douche.com","url":"https:\/\/shower-seals.com\/","logo":{"@type":"ImageObject","inLanguage":"fr-FR","@id":"https:\/\/shower-seals.com\/#\/schema\/logo\/image\/","url":"https:\/\/shower-seals.com\/wp-content\/uploads\/2024\/12\/Shower-seals-Logo.png","contentUrl":"https:\/\/shower-seals.com\/wp-content\/uploads\/2024\/12\/Shower-seals-Logo.png","width":350,"height":100,"caption":"shower-seals.com"},"image":{"@id":"https:\/\/shower-seals.com\/#\/schema\/logo\/image\/"}}]},"product_price_amount":"0.00","product_price_currency":"USD","og_availability":"instock","product_availability":"instock","product_condition":"new"},"tiered_pricing_type":"fixed","tiered_pricing_fixed_rules":[],"tiered_pricing_product_settings":{"layout":"default","base_unit_name":{"singular":null,"plural":null},"default_variation":null},"tiered_pricing_minimum_quantity":500,"tiered_pricing_roles_data":[],"tiered_pricing_percentage_rules":[],"tiered_pricing_maximum_quantity":null,"tiered_pricing_quantity_step":null,"_links":{"self":[{"href":"https:\/\/shower-seals.com\/fr\/wp-json\/wp\/v2\/product\/716","targetHints":{"allow":["GET"]}}],"collection":[{"href":"https:\/\/shower-seals.com\/fr\/wp-json\/wp\/v2\/product"}],"about":[{"href":"https:\/\/shower-seals.com\/fr\/wp-json\/wp\/v2\/types\/product"}],"wp:featuredmedia":[{"embeddable":true,"href":"https:\/\/shower-seals.com\/fr\/wp-json\/wp\/v2\/media\/502"}],"wp:attachment":[{"href":"https:\/\/shower-seals.com\/fr\/wp-json\/wp\/v2\/media?parent=716"}],"wp:term":[{"taxonomy":"product_brand","embeddable":true,"href":"https:\/\/shower-seals.com\/fr\/wp-json\/wp\/v2\/product_brand?post=716"},{"taxonomy":"product_cat","embeddable":true,"href":"https:\/\/shower-seals.com\/fr\/wp-json\/wp\/v2\/product_cat?post=716"},{"taxonomy":"product_tag","embeddable":true,"href":"https:\/\/shower-seals.com\/fr\/wp-json\/wp\/v2\/product_tag?post=716"}],"curies":[{"name":"wp","href":"https:\/\/api.w.org\/{rel}","templated":true}]}}