{"id":1355,"date":"2025-02-12T08:28:13","date_gmt":"2025-02-12T08:28:13","guid":{"rendered":"https:\/\/shower-seals.com\/?post_type=product&#038;p=1355"},"modified":"2025-03-07T09:01:05","modified_gmt":"2025-03-07T09:01:05","slug":"180-or-90-degree-magnetic-shower-door-seal-strip-black","status":"publish","type":"product","link":"https:\/\/shower-seals.com\/fr\/product\/180-or-90-degree-magnetic-shower-door-seal-strip-black\/","title":{"rendered":"Bande d'\u00e9tanch\u00e9it\u00e9 magn\u00e9tique pour porte de douche \u00e0 180 ou 90 degr\u00e9s - Noir"},"content":{"rendered":"<table style=\"width: 100%; border-collapse: collapse;\" border=\"1\" cellspacing=\"0\" cellpadding=\"8\">\n<tbody>\n<tr>\n<th style=\"text-align: left; background-color: #f2f2f2;\" colspan=\"2\">Sp\u00e9cifications des produits<\/th>\n<\/tr>\n<tr>\n<td><strong>Mat\u00e9riau<\/strong><\/td>\n<td>PVC, TPE, PC, PMMA<\/td>\n<\/tr>\n<tr>\n<td><strong>Dimensions et sp\u00e9cifications<\/strong><\/td>\n<td>\n<ul>\n<li><strong>Type de joints de porte de douche :<\/strong> Bande d'\u00e9tanch\u00e9it\u00e9 magn\u00e9tique pour porte de douche 90 ou 180<\/li>\n<li><strong>Largeur de la bande d'\u00e9tanch\u00e9it\u00e9 :<\/strong> 8mm \/ 10mm \/ 12mm<\/li>\n<li><strong>Scelle les lacunes :<\/strong> Pas plus de 22 mm<\/li>\n<\/ul>\n<\/td>\n<\/tr>\n<tr>\n<td><strong>Couleur<\/strong><\/td>\n<td>\n<ul>\n<li><strong>Couleur standard :<\/strong> Transparent, Clair, Noir<\/li>\n<li><strong>Couleurs personnalis\u00e9es :<\/strong> Disponible<\/li>\n<\/ul>\n<\/td>\n<\/tr>\n<tr>\n<td><strong>M\u00e9thode d'installation de la bande d'\u00e9tanch\u00e9it\u00e9<\/strong><\/td>\n<td>Joints de douche \u00e0 clipser<\/td>\n<\/tr>\n<tr>\n<td><strong>Type de porte de douche adapt\u00e9<\/strong><\/td>\n<td>\n<ul>\n<li>Porte de douche sans cadre \/ Porte de douche \u00e0 charni\u00e8re \/ Porte de douche pliante<\/li>\n<li><strong>Compatible avec l'\u00e9paisseur du verre :<\/strong> 8mm \/ 10mm \/ 12mm<\/li>\n<\/ul>\n<\/td>\n<\/tr>\n<tr>\n<td><strong>R\u00e9sistance du nettoyeur<\/strong><\/td>\n<td>Compatible avec les nettoyants courants pour salles de bains (tels que l'eau de Javel et l'alcool)<\/td>\n<\/tr>\n<tr>\n<td><strong>Achat en gros<\/strong><\/td>\n<td>\n<ul>\n<li><strong>MOQ :<\/strong> 500m<\/li>\n<li><strong>Services de personnalisation :<\/strong> Coupe \u00e0 longueur, impression de logos<\/li>\n<li><strong>Emballage :<\/strong> Carton kraft ou emballage personnalis\u00e9<\/li>\n<\/ul>\n<\/td>\n<\/tr>\n<tr>\n<td><strong>Garantie et service apr\u00e8s-vente<\/strong><\/td>\n<td>\n<ul>\n<li><strong>Support technique :<\/strong> R\u00e9ponse dans les 24 heures + Vid\u00e9o d'aide \u00e0 l'installation<\/li>\n<\/ul>\n<\/td>\n<\/tr>\n<\/tbody>\n<\/table>\n<p>Am\u00e9liorez vos installations de portes en verre avec notre bande d'\u00e9tanch\u00e9it\u00e9 magn\u00e9tique polyvalente pour portes de douche, con\u00e7ue pour des ouvertures \u00e0 90\u00b0 et 180\u00b0. Vendue par paire, cette bande d'\u00e9tanch\u00e9it\u00e9 de qualit\u00e9 sup\u00e9rieure offre une r\u00e9sistance \u00e0 l'eau fiable et un aspect \u00e9l\u00e9gant et moderne, tout en s'adaptant \u00e0 une large gamme d'\u00e9paisseurs de verre.<\/p>\n<p><em><strong>Caract\u00e9ristiques principales :<\/strong><\/em><\/p>\n<ul>\n<li>Double application : Con\u00e7ue pour \u00eatre utilis\u00e9e avec des portes en verre \u00e0 90\u00b0 et 180\u00b0.<\/li>\n<li>Couverture compl\u00e8te : Vendu par paire pour une \u00e9tanch\u00e9it\u00e9 \u00e9quilibr\u00e9e et efficace des deux c\u00f4t\u00e9s.<\/li>\n<li>Compatibilit\u00e9 universelle avec le verre : Convient au verre de 6 mm, 8 mm, 10 mm et 12 mm d'\u00e9paisseur.<\/li>\n<li>Construction en PVC de premi\u00e8re qualit\u00e9 : Comprend un clip dur pour un ancrage s\u00fbr et des bords souples pour une installation impeccable, sans colle.<\/li>\n<li>Taille personnalis\u00e9e : Pour des dimensions sp\u00e9cifiques, veuillez contacter notre service client\u00e8le.<\/li>\n<\/ul>","protected":false},"excerpt":{"rendered":"<ul>\n<li>Bande d'\u00e9tanch\u00e9it\u00e9 magn\u00e9tique pour porte de douche \u00e0 180 ou 90 degr\u00e9s - Noir<\/li>\n<li>Con\u00e7u pour \u00eatre utilis\u00e9 avec des portes en verre \u00e0 90\u00b0 et 180\u00b0.<\/li>\n<li>Convient au verre de 6 mm, 8 mm, 10 mm et 12 mm d'\u00e9paisseur.<\/li>\n<\/ul>","protected":false},"featured_media":521,"template":"","meta":[],"product_brand":[],"product_cat":[34,38,45],"product_tag":[],"class_list":{"0":"post-1355","1":"product","2":"type-product","3":"status-publish","4":"has-post-thumbnail","6":"product_cat-black-shower-door-seals","7":"product_cat-magnetic-shower-door-seal","8":"product_cat-vertical-shower-door-seals","10":"first","11":"instock","12":"shipping-taxable","13":"product-type-simple"},"yoast_head":"<!-- This site is optimized with the Yoast SEO Premium plugin v23.4 (Yoast SEO v24.2) - https:\/\/yoast.com\/wordpress\/plugins\/seo\/ -->\n<title>180 or 90 Degree Magnetic Shower Door Seal\u200b Strip - Black<\/title>\n<meta name=\"robots\" content=\"index, follow, max-snippet:-1, max-image-preview:large, max-video-preview:-1\" \/>\n<link rel=\"canonical\" href=\"https:\/\/shower-seals.com\/fr\/product\/180-or-90-degree-magnetic-shower-door-seal-strip-black\/\" \/>\n<meta property=\"og:locale\" content=\"fr_FR\" \/>\n<meta property=\"og:type\" content=\"article\" \/>\n<meta property=\"og:title\" content=\"180 or 90 Degree Magnetic Shower Door Seal\u200b Strip - Black\" \/>\n<meta property=\"og:description\" content=\"180 or 90 Degree Magnetic Shower Door Seal\u200b Strip - Black  Engineered for use with both 90\u00b0 and 180\u00b0 glass doors.  Suitable for 6mm, 8mm, 10mm, and 12mm thick glass.\" \/>\n<meta property=\"og:url\" content=\"https:\/\/shower-seals.com\/fr\/product\/180-or-90-degree-magnetic-shower-door-seal-strip-black\/\" \/>\n<meta property=\"og:site_name\" content=\"shower-seals.com\" \/>\n<meta property=\"article:modified_time\" content=\"2025-03-07T09:01:05+00:00\" \/>\n<meta property=\"og:image\" content=\"https:\/\/shower-seals.com\/wp-content\/uploads\/2024\/12\/black-magnetic-shower-door-seal.jpg\" \/>\n\t<meta property=\"og:image:width\" content=\"382\" \/>\n\t<meta property=\"og:image:height\" content=\"397\" \/>\n\t<meta property=\"og:image:type\" content=\"image\/jpeg\" \/>\n<meta name=\"twitter:card\" content=\"summary_large_image\" \/>\n<meta name=\"twitter:label1\" content=\"Prix\" \/>\n\t<meta name=\"twitter:data1\" content=\"\" \/>\n\t<meta name=\"twitter:label2\" content=\"Disponibilit\u00e9\" \/>\n\t<meta name=\"twitter:data2\" content=\"En stock\" \/>\n<script type=\"application\/ld+json\" class=\"yoast-schema-graph\">{\"@context\":\"https:\/\/schema.org\",\"@graph\":[{\"@type\":\"WebPage\",\"@id\":\"https:\/\/shower-seals.com\/product\/180-or-90-degree-magnetic-shower-door-seal-strip-black\/\",\"url\":\"https:\/\/shower-seals.com\/product\/180-or-90-degree-magnetic-shower-door-seal-strip-black\/\",\"name\":\"180 or 90 Degree Magnetic Shower Door Seal\u200b Strip - Black\",\"isPartOf\":{\"@id\":\"https:\/\/shower-seals.com\/#website\"},\"primaryImageOfPage\":{\"@id\":\"https:\/\/shower-seals.com\/product\/180-or-90-degree-magnetic-shower-door-seal-strip-black\/#primaryimage\"},\"image\":{\"@id\":\"https:\/\/shower-seals.com\/product\/180-or-90-degree-magnetic-shower-door-seal-strip-black\/#primaryimage\"},\"thumbnailUrl\":\"https:\/\/shower-seals.com\/wp-content\/uploads\/2024\/12\/black-magnetic-shower-door-seal.jpg\",\"datePublished\":\"2025-02-12T08:28:13+00:00\",\"dateModified\":\"2025-03-07T09:01:05+00:00\",\"breadcrumb\":{\"@id\":\"https:\/\/shower-seals.com\/product\/180-or-90-degree-magnetic-shower-door-seal-strip-black\/#breadcrumb\"},\"inLanguage\":\"fr-FR\",\"potentialAction\":[{\"@type\":\"ReadAction\",\"target\":[\"https:\/\/shower-seals.com\/product\/180-or-90-degree-magnetic-shower-door-seal-strip-black\/\"]}]},{\"@type\":\"ImageObject\",\"inLanguage\":\"fr-FR\",\"@id\":\"https:\/\/shower-seals.com\/product\/180-or-90-degree-magnetic-shower-door-seal-strip-black\/#primaryimage\",\"url\":\"https:\/\/shower-seals.com\/wp-content\/uploads\/2024\/12\/black-magnetic-shower-door-seal.jpg\",\"contentUrl\":\"https:\/\/shower-seals.com\/wp-content\/uploads\/2024\/12\/black-magnetic-shower-door-seal.jpg\",\"width\":382,\"height\":397,\"caption\":\"black magnetic shower door seal\"},{\"@type\":\"BreadcrumbList\",\"@id\":\"https:\/\/shower-seals.com\/product\/180-or-90-degree-magnetic-shower-door-seal-strip-black\/#breadcrumb\",\"itemListElement\":[{\"@type\":\"ListItem\",\"position\":1,\"name\":\"Home\",\"item\":\"https:\/\/shower-seals.com\/\"},{\"@type\":\"ListItem\",\"position\":2,\"name\":\"Wholesale Glass Shower Door Seals\",\"item\":\"https:\/\/shower-seals.com\/shower-seals\/\"},{\"@type\":\"ListItem\",\"position\":3,\"name\":\"180 or 90 Degree Magnetic Shower Door Seal\u200b Strip &#8211; Black\"}]},{\"@type\":\"WebSite\",\"@id\":\"https:\/\/shower-seals.com\/#website\",\"url\":\"https:\/\/shower-seals.com\/\",\"name\":\"shower-seals.com\",\"description\":\"Shower Seals | Shower Screen Seals | Shower Door Seals\",\"publisher\":{\"@id\":\"https:\/\/shower-seals.com\/#organization\"},\"potentialAction\":[{\"@type\":\"SearchAction\",\"target\":{\"@type\":\"EntryPoint\",\"urlTemplate\":\"https:\/\/shower-seals.com\/?s={search_term_string}\"},\"query-input\":{\"@type\":\"PropertyValueSpecification\",\"valueRequired\":true,\"valueName\":\"search_term_string\"}}],\"inLanguage\":\"fr-FR\"},{\"@type\":\"Organization\",\"@id\":\"https:\/\/shower-seals.com\/#organization\",\"name\":\"shower-seals.com\",\"url\":\"https:\/\/shower-seals.com\/\",\"logo\":{\"@type\":\"ImageObject\",\"inLanguage\":\"fr-FR\",\"@id\":\"https:\/\/shower-seals.com\/#\/schema\/logo\/image\/\",\"url\":\"https:\/\/shower-seals.com\/wp-content\/uploads\/2024\/12\/Shower-seals-Logo.png\",\"contentUrl\":\"https:\/\/shower-seals.com\/wp-content\/uploads\/2024\/12\/Shower-seals-Logo.png\",\"width\":350,\"height\":100,\"caption\":\"shower-seals.com\"},\"image\":{\"@id\":\"https:\/\/shower-seals.com\/#\/schema\/logo\/image\/\"}}]}<\/script>\n<meta property=\"product:price:amount\" content=\"0.00\" \/>\n<meta property=\"product:price:currency\" content=\"USD\" \/>\n<meta property=\"og:availability\" content=\"instock\" \/>\n<meta property=\"product:availability\" content=\"instock\" \/>\n<meta property=\"product:condition\" content=\"new\" \/>\n<!-- \/ Yoast SEO Premium plugin. -->","yoast_head_json":{"title":"Bande d'\u00e9tanch\u00e9it\u00e9 magn\u00e9tique pour porte de douche \u00e0 180 ou 90 degr\u00e9s - Noir","robots":{"index":"index","follow":"follow","max-snippet":"max-snippet:-1","max-image-preview":"max-image-preview:large","max-video-preview":"max-video-preview:-1"},"canonical":"https:\/\/shower-seals.com\/fr\/product\/180-or-90-degree-magnetic-shower-door-seal-strip-black\/","og_locale":"fr_FR","og_type":"article","og_title":"180 or 90 Degree Magnetic Shower Door Seal\u200b Strip - Black","og_description":"180 or 90 Degree Magnetic Shower Door Seal\u200b Strip - Black  Engineered for use with both 90\u00b0 and 180\u00b0 glass doors.  Suitable for 6mm, 8mm, 10mm, and 12mm thick glass.","og_url":"https:\/\/shower-seals.com\/fr\/product\/180-or-90-degree-magnetic-shower-door-seal-strip-black\/","og_site_name":"shower-seals.com","article_modified_time":"2025-03-07T09:01:05+00:00","og_image":[{"width":382,"height":397,"url":"https:\/\/shower-seals.com\/wp-content\/uploads\/2024\/12\/black-magnetic-shower-door-seal.jpg","type":"image\/jpeg"}],"twitter_card":"summary_large_image","twitter_misc":{"Prix":"","Disponibilit\u00e9":"En stock"},"schema":{"@context":"https:\/\/schema.org","@graph":[{"@type":"WebPage","@id":"https:\/\/shower-seals.com\/product\/180-or-90-degree-magnetic-shower-door-seal-strip-black\/","url":"https:\/\/shower-seals.com\/product\/180-or-90-degree-magnetic-shower-door-seal-strip-black\/","name":"Bande d'\u00e9tanch\u00e9it\u00e9 magn\u00e9tique pour porte de douche \u00e0 180 ou 90 degr\u00e9s - Noir","isPartOf":{"@id":"https:\/\/shower-seals.com\/#website"},"primaryImageOfPage":{"@id":"https:\/\/shower-seals.com\/product\/180-or-90-degree-magnetic-shower-door-seal-strip-black\/#primaryimage"},"image":{"@id":"https:\/\/shower-seals.com\/product\/180-or-90-degree-magnetic-shower-door-seal-strip-black\/#primaryimage"},"thumbnailUrl":"https:\/\/shower-seals.com\/wp-content\/uploads\/2024\/12\/black-magnetic-shower-door-seal.jpg","datePublished":"2025-02-12T08:28:13+00:00","dateModified":"2025-03-07T09:01:05+00:00","breadcrumb":{"@id":"https:\/\/shower-seals.com\/product\/180-or-90-degree-magnetic-shower-door-seal-strip-black\/#breadcrumb"},"inLanguage":"fr-FR","potentialAction":[{"@type":"ReadAction","target":["https:\/\/shower-seals.com\/product\/180-or-90-degree-magnetic-shower-door-seal-strip-black\/"]}]},{"@type":"ImageObject","inLanguage":"fr-FR","@id":"https:\/\/shower-seals.com\/product\/180-or-90-degree-magnetic-shower-door-seal-strip-black\/#primaryimage","url":"https:\/\/shower-seals.com\/wp-content\/uploads\/2024\/12\/black-magnetic-shower-door-seal.jpg","contentUrl":"https:\/\/shower-seals.com\/wp-content\/uploads\/2024\/12\/black-magnetic-shower-door-seal.jpg","width":382,"height":397,"caption":"black magnetic shower door seal"},{"@type":"BreadcrumbList","@id":"https:\/\/shower-seals.com\/product\/180-or-90-degree-magnetic-shower-door-seal-strip-black\/#breadcrumb","itemListElement":[{"@type":"ListItem","position":1,"name":"Home","item":"https:\/\/shower-seals.com\/"},{"@type":"ListItem","position":2,"name":"Wholesale Glass Shower Door Seals","item":"https:\/\/shower-seals.com\/shower-seals\/"},{"@type":"ListItem","position":3,"name":"180 or 90 Degree Magnetic Shower Door Seal\u200b Strip &#8211; Black"}]},{"@type":"WebSite","@id":"https:\/\/shower-seals.com\/#website","url":"https:\/\/shower-seals.com\/","name":"joints de douche.com","description":"Joints de douche | Joints de paroi de douche | Joints de porte de douche","publisher":{"@id":"https:\/\/shower-seals.com\/#organization"},"potentialAction":[{"@type":"SearchAction","target":{"@type":"EntryPoint","urlTemplate":"https:\/\/shower-seals.com\/?s={search_term_string}"},"query-input":{"@type":"PropertyValueSpecification","valueRequired":true,"valueName":"search_term_string"}}],"inLanguage":"fr-FR"},{"@type":"Organization","@id":"https:\/\/shower-seals.com\/#organization","name":"joints de douche.com","url":"https:\/\/shower-seals.com\/","logo":{"@type":"ImageObject","inLanguage":"fr-FR","@id":"https:\/\/shower-seals.com\/#\/schema\/logo\/image\/","url":"https:\/\/shower-seals.com\/wp-content\/uploads\/2024\/12\/Shower-seals-Logo.png","contentUrl":"https:\/\/shower-seals.com\/wp-content\/uploads\/2024\/12\/Shower-seals-Logo.png","width":350,"height":100,"caption":"shower-seals.com"},"image":{"@id":"https:\/\/shower-seals.com\/#\/schema\/logo\/image\/"}}]},"product_price_amount":"0.00","product_price_currency":"USD","og_availability":"instock","product_availability":"instock","product_condition":"new"},"tiered_pricing_type":"fixed","tiered_pricing_fixed_rules":[],"tiered_pricing_product_settings":{"layout":"default","base_unit_name":{"singular":null,"plural":null},"default_variation":null},"tiered_pricing_minimum_quantity":null,"tiered_pricing_roles_data":[],"tiered_pricing_percentage_rules":[],"tiered_pricing_maximum_quantity":null,"tiered_pricing_quantity_step":null,"_links":{"self":[{"href":"https:\/\/shower-seals.com\/fr\/wp-json\/wp\/v2\/product\/1355","targetHints":{"allow":["GET"]}}],"collection":[{"href":"https:\/\/shower-seals.com\/fr\/wp-json\/wp\/v2\/product"}],"about":[{"href":"https:\/\/shower-seals.com\/fr\/wp-json\/wp\/v2\/types\/product"}],"wp:featuredmedia":[{"embeddable":true,"href":"https:\/\/shower-seals.com\/fr\/wp-json\/wp\/v2\/media\/521"}],"wp:attachment":[{"href":"https:\/\/shower-seals.com\/fr\/wp-json\/wp\/v2\/media?parent=1355"}],"wp:term":[{"taxonomy":"product_brand","embeddable":true,"href":"https:\/\/shower-seals.com\/fr\/wp-json\/wp\/v2\/product_brand?post=1355"},{"taxonomy":"product_cat","embeddable":true,"href":"https:\/\/shower-seals.com\/fr\/wp-json\/wp\/v2\/product_cat?post=1355"},{"taxonomy":"product_tag","embeddable":true,"href":"https:\/\/shower-seals.com\/fr\/wp-json\/wp\/v2\/product_tag?post=1355"}],"curies":[{"name":"wp","href":"https:\/\/api.w.org\/{rel}","templated":true}]}}