{"id":1349,"date":"2025-02-12T08:07:07","date_gmt":"2025-02-12T08:07:07","guid":{"rendered":"https:\/\/shower-seals.com\/?post_type=product&#038;p=1349"},"modified":"2025-03-07T09:14:57","modified_gmt":"2025-03-07T09:14:57","slug":"135-degree-black-glass-shower-door-magetic-seal-strip-inward-opening","status":"publish","type":"product","link":"https:\/\/shower-seals.com\/fr\/product\/135-degree-black-glass-shower-door-magetic-seal-strip-inward-opening\/","title":{"rendered":"135 Degree Black Glass Shower Door Magetic Seal Strip - Inward Opening (ouverture vers l'int\u00e9rieur)"},"content":{"rendered":"<table style=\"width: 100%; border-collapse: collapse;\" border=\"1\" cellspacing=\"0\" cellpadding=\"8\">\n<tbody>\n<tr>\n<th style=\"text-align: left; background-color: #f2f2f2;\" colspan=\"2\">Sp\u00e9cifications des produits<\/th>\n<\/tr>\n<tr>\n<td><strong>Mat\u00e9riau<\/strong><\/td>\n<td>PVC, TPE, PC, PMMA<\/td>\n<\/tr>\n<tr>\n<td><strong>Dimensions et sp\u00e9cifications<\/strong><\/td>\n<td>\n<ul>\n<li><strong>Type de joints de porte de douche :<\/strong> 135 Bande d'\u00e9tanch\u00e9it\u00e9 magn\u00e9tique pour porte de douche - Ouverture vers l'int\u00e9rieur<\/li>\n<li><strong>Largeur de la bande d'\u00e9tanch\u00e9it\u00e9 :<\/strong> 8mm \/ 10mm \/ 12mm<\/li>\n<li><strong>Scelle les lacunes :<\/strong> 22 mm<\/li>\n<\/ul>\n<\/td>\n<\/tr>\n<tr>\n<td><strong>Couleur<\/strong><\/td>\n<td>\n<ul>\n<li><strong>Couleur standard :<\/strong> Transparent, Clair, Noir<\/li>\n<li><strong>Couleurs personnalis\u00e9es :<\/strong> Disponible<\/li>\n<\/ul>\n<\/td>\n<\/tr>\n<tr>\n<td><strong>M\u00e9thode d'installation de la bande d'\u00e9tanch\u00e9it\u00e9<\/strong><\/td>\n<td>Joints de douche \u00e0 clipser<\/td>\n<\/tr>\n<tr>\n<td><strong>Type de porte de douche adapt\u00e9<\/strong><\/td>\n<td>\n<ul>\n<li>Porte de douche sans cadre \/ Porte de douche \u00e0 charni\u00e8re \/ Porte de douche pliante<\/li>\n<li><strong>Compatible avec l'\u00e9paisseur du verre :<\/strong> 8mm \/ 10mm \/ 12mm<\/li>\n<\/ul>\n<\/td>\n<\/tr>\n<tr>\n<td><strong>R\u00e9sistance du nettoyeur<\/strong><\/td>\n<td>Compatible avec les nettoyants courants pour salles de bains (tels que l'eau de Javel et l'alcool)<\/td>\n<\/tr>\n<tr>\n<td><strong>Achat en gros<\/strong><\/td>\n<td>\n<ul>\n<li><strong>MOQ :<\/strong> 500m<\/li>\n<li><strong>Services de personnalisation :<\/strong> Coupe \u00e0 longueur, impression de logos<\/li>\n<li><strong>Emballage :<\/strong> Carton kraft ou emballage personnalis\u00e9<\/li>\n<\/ul>\n<\/td>\n<\/tr>\n<tr>\n<td><strong>Garantie et service apr\u00e8s-vente<\/strong><\/td>\n<td>\n<ul>\n<li><strong>Support technique :<\/strong> R\u00e9ponse dans les 24 heures + Vid\u00e9o d'aide \u00e0 l'installation<\/li>\n<\/ul>\n<\/td>\n<\/tr>\n<\/tbody>\n<\/table>\n<p>Am\u00e9liorez vos installations de portes de douche avec notre bande d'\u00e9tanch\u00e9it\u00e9 magn\u00e9tique pour portes de douche en verre \u00e0 ouverture int\u00e9rieure \u00e0 135\u00b0. Sp\u00e9cialement con\u00e7ue pour l'ouverture lat\u00e9rale des portes de douche en verre, cette bande d'\u00e9tanch\u00e9it\u00e9 magn\u00e9tique garantit une barri\u00e8re s\u00fbre et \u00e9tanche dans les salles de bains modernes. Elle est livr\u00e9e par paire pour assurer une \u00e9tanch\u00e9it\u00e9 compl\u00e8te et est compatible avec les \u00e9paisseurs de verre de 6 mm, 8 mm, 10 mm et 12 mm.<\/p>\n<p><em><strong>Caract\u00e9ristiques principales :<\/strong><\/em><\/p>\n<ul>\n<li>Conception optimis\u00e9e : Con\u00e7u pour les portes de douche en verre s'ouvrant \u00e0 135\u00b0 vers l'int\u00e9rieur, il am\u00e9liore la r\u00e9sistance \u00e0 l'eau et la fonctionnalit\u00e9 de la porte.<\/li>\n<li>Configuration par paire : Vendu par paire pour une \u00e9tanch\u00e9it\u00e9 \u00e9quilibr\u00e9e et compl\u00e8te des deux c\u00f4t\u00e9s de la porte.<\/li>\n<li>Compatibilit\u00e9 universelle : Convient aux panneaux de verre d'une \u00e9paisseur de 6 mm, 8 mm, 10 mm et 12 mm.<\/li>\n<li>Construction en PVC de premi\u00e8re qualit\u00e9 : Combine un clip rigide avec des bords souples pour garantir une installation s\u00fbre et sans colle.<\/li>\n<li>Esth\u00e9tique \u00e9pur\u00e9e : La finition noire conf\u00e8re un aspect moderne et sophistiqu\u00e9 \u00e0 toute douche.<\/li>\n<li>Dimensions personnalisables : Pour des exigences de taille sp\u00e9cifiques, veuillez contacter notre service client\u00e8le.<\/li>\n<\/ul>","protected":false},"excerpt":{"rendered":"<ul>\n<li>135 Degree Black Glass Shower Door Magetic Seal Strip - Inward Opening (ouverture vers l'int\u00e9rieur)<\/li>\n<li>Convient aux panneaux de verre d'une \u00e9paisseur de 6 mm, 8 mm, 10 mm et 12 mm.<\/li>\n<\/ul>","protected":false},"featured_media":523,"template":"","meta":[],"product_brand":[],"product_cat":[45,34,38],"product_tag":[],"class_list":{"0":"post-1349","1":"product","2":"type-product","3":"status-publish","4":"has-post-thumbnail","6":"product_cat-vertical-shower-door-seals","7":"product_cat-black-shower-door-seals","8":"product_cat-magnetic-shower-door-seal","10":"first","11":"instock","12":"shipping-taxable","13":"product-type-simple"},"yoast_head":"<!-- This site is optimized with the Yoast SEO Premium plugin v23.4 (Yoast SEO v24.2) - https:\/\/yoast.com\/wordpress\/plugins\/seo\/ -->\n<title>135 Degree Black Glass Shower Door Magetic Seal Strip - Inward Opening<\/title>\n<meta name=\"robots\" content=\"index, follow, max-snippet:-1, max-image-preview:large, max-video-preview:-1\" \/>\n<link rel=\"canonical\" href=\"https:\/\/shower-seals.com\/fr\/product\/135-degree-black-glass-shower-door-magetic-seal-strip-inward-opening\/\" \/>\n<meta property=\"og:locale\" content=\"fr_FR\" \/>\n<meta property=\"og:type\" content=\"article\" \/>\n<meta property=\"og:title\" content=\"135 Degree Black Glass Shower Door Magetic Seal Strip - Inward Opening\" \/>\n<meta property=\"og:description\" content=\"135 Degree Black Glass Shower Door Magetic Seal Strip - Inward Opening  Suitable for glass panels with thicknesses of 6mm, 8mm, 10mm, and 12mm.\" \/>\n<meta property=\"og:url\" content=\"https:\/\/shower-seals.com\/fr\/product\/135-degree-black-glass-shower-door-magetic-seal-strip-inward-opening\/\" \/>\n<meta property=\"og:site_name\" content=\"shower-seals.com\" \/>\n<meta property=\"article:modified_time\" content=\"2025-03-07T09:14:57+00:00\" \/>\n<meta property=\"og:image\" content=\"https:\/\/shower-seals.com\/wp-content\/uploads\/2024\/12\/135-black-magnetic-shower-seals.jpg\" \/>\n\t<meta property=\"og:image:width\" content=\"382\" \/>\n\t<meta property=\"og:image:height\" content=\"396\" \/>\n\t<meta property=\"og:image:type\" content=\"image\/jpeg\" \/>\n<meta name=\"twitter:card\" content=\"summary_large_image\" \/>\n<meta name=\"twitter:label1\" content=\"Prix\" \/>\n\t<meta name=\"twitter:data1\" content=\"\" \/>\n\t<meta name=\"twitter:label2\" content=\"Disponibilit\u00e9\" \/>\n\t<meta name=\"twitter:data2\" content=\"En stock\" \/>\n<script type=\"application\/ld+json\" class=\"yoast-schema-graph\">{\"@context\":\"https:\/\/schema.org\",\"@graph\":[{\"@type\":\"WebPage\",\"@id\":\"https:\/\/shower-seals.com\/product\/135-degree-black-glass-shower-door-magetic-seal-strip-inward-opening\/\",\"url\":\"https:\/\/shower-seals.com\/product\/135-degree-black-glass-shower-door-magetic-seal-strip-inward-opening\/\",\"name\":\"135 Degree Black Glass Shower Door Magetic Seal Strip - Inward Opening\",\"isPartOf\":{\"@id\":\"https:\/\/shower-seals.com\/#website\"},\"primaryImageOfPage\":{\"@id\":\"https:\/\/shower-seals.com\/product\/135-degree-black-glass-shower-door-magetic-seal-strip-inward-opening\/#primaryimage\"},\"image\":{\"@id\":\"https:\/\/shower-seals.com\/product\/135-degree-black-glass-shower-door-magetic-seal-strip-inward-opening\/#primaryimage\"},\"thumbnailUrl\":\"https:\/\/shower-seals.com\/wp-content\/uploads\/2024\/12\/135-black-magnetic-shower-seals.jpg\",\"datePublished\":\"2025-02-12T08:07:07+00:00\",\"dateModified\":\"2025-03-07T09:14:57+00:00\",\"breadcrumb\":{\"@id\":\"https:\/\/shower-seals.com\/product\/135-degree-black-glass-shower-door-magetic-seal-strip-inward-opening\/#breadcrumb\"},\"inLanguage\":\"fr-FR\",\"potentialAction\":[{\"@type\":\"ReadAction\",\"target\":[\"https:\/\/shower-seals.com\/product\/135-degree-black-glass-shower-door-magetic-seal-strip-inward-opening\/\"]}]},{\"@type\":\"ImageObject\",\"inLanguage\":\"fr-FR\",\"@id\":\"https:\/\/shower-seals.com\/product\/135-degree-black-glass-shower-door-magetic-seal-strip-inward-opening\/#primaryimage\",\"url\":\"https:\/\/shower-seals.com\/wp-content\/uploads\/2024\/12\/135-black-magnetic-shower-seals.jpg\",\"contentUrl\":\"https:\/\/shower-seals.com\/wp-content\/uploads\/2024\/12\/135-black-magnetic-shower-seals.jpg\",\"width\":382,\"height\":396,\"caption\":\"Black Glass Shower Door Magetic Seal\"},{\"@type\":\"BreadcrumbList\",\"@id\":\"https:\/\/shower-seals.com\/product\/135-degree-black-glass-shower-door-magetic-seal-strip-inward-opening\/#breadcrumb\",\"itemListElement\":[{\"@type\":\"ListItem\",\"position\":1,\"name\":\"Home\",\"item\":\"https:\/\/shower-seals.com\/\"},{\"@type\":\"ListItem\",\"position\":2,\"name\":\"Wholesale Glass Shower Door Seals\",\"item\":\"https:\/\/shower-seals.com\/shower-seals\/\"},{\"@type\":\"ListItem\",\"position\":3,\"name\":\"135 Degree Black Glass Shower Door Magetic Seal Strip &#8211; Inward Opening\"}]},{\"@type\":\"WebSite\",\"@id\":\"https:\/\/shower-seals.com\/#website\",\"url\":\"https:\/\/shower-seals.com\/\",\"name\":\"shower-seals.com\",\"description\":\"Shower Seals | Shower Screen Seals | Shower Door Seals\",\"publisher\":{\"@id\":\"https:\/\/shower-seals.com\/#organization\"},\"potentialAction\":[{\"@type\":\"SearchAction\",\"target\":{\"@type\":\"EntryPoint\",\"urlTemplate\":\"https:\/\/shower-seals.com\/?s={search_term_string}\"},\"query-input\":{\"@type\":\"PropertyValueSpecification\",\"valueRequired\":true,\"valueName\":\"search_term_string\"}}],\"inLanguage\":\"fr-FR\"},{\"@type\":\"Organization\",\"@id\":\"https:\/\/shower-seals.com\/#organization\",\"name\":\"shower-seals.com\",\"url\":\"https:\/\/shower-seals.com\/\",\"logo\":{\"@type\":\"ImageObject\",\"inLanguage\":\"fr-FR\",\"@id\":\"https:\/\/shower-seals.com\/#\/schema\/logo\/image\/\",\"url\":\"https:\/\/shower-seals.com\/wp-content\/uploads\/2024\/12\/Shower-seals-Logo.png\",\"contentUrl\":\"https:\/\/shower-seals.com\/wp-content\/uploads\/2024\/12\/Shower-seals-Logo.png\",\"width\":350,\"height\":100,\"caption\":\"shower-seals.com\"},\"image\":{\"@id\":\"https:\/\/shower-seals.com\/#\/schema\/logo\/image\/\"}}]}<\/script>\n<meta property=\"product:price:amount\" content=\"0.00\" \/>\n<meta property=\"product:price:currency\" content=\"USD\" \/>\n<meta property=\"og:availability\" content=\"instock\" \/>\n<meta property=\"product:availability\" content=\"instock\" \/>\n<meta property=\"product:condition\" content=\"new\" \/>\n<!-- \/ Yoast SEO Premium plugin. -->","yoast_head_json":{"title":"135 Degree Black Glass Shower Door Magetic Seal Strip - Inward Opening (ouverture vers l'int\u00e9rieur)","robots":{"index":"index","follow":"follow","max-snippet":"max-snippet:-1","max-image-preview":"max-image-preview:large","max-video-preview":"max-video-preview:-1"},"canonical":"https:\/\/shower-seals.com\/fr\/product\/135-degree-black-glass-shower-door-magetic-seal-strip-inward-opening\/","og_locale":"fr_FR","og_type":"article","og_title":"135 Degree Black Glass Shower Door Magetic Seal Strip - Inward Opening","og_description":"135 Degree Black Glass Shower Door Magetic Seal Strip - Inward Opening  Suitable for glass panels with thicknesses of 6mm, 8mm, 10mm, and 12mm.","og_url":"https:\/\/shower-seals.com\/fr\/product\/135-degree-black-glass-shower-door-magetic-seal-strip-inward-opening\/","og_site_name":"shower-seals.com","article_modified_time":"2025-03-07T09:14:57+00:00","og_image":[{"width":382,"height":396,"url":"https:\/\/shower-seals.com\/wp-content\/uploads\/2024\/12\/135-black-magnetic-shower-seals.jpg","type":"image\/jpeg"}],"twitter_card":"summary_large_image","twitter_misc":{"Prix":"","Disponibilit\u00e9":"En stock"},"schema":{"@context":"https:\/\/schema.org","@graph":[{"@type":"WebPage","@id":"https:\/\/shower-seals.com\/product\/135-degree-black-glass-shower-door-magetic-seal-strip-inward-opening\/","url":"https:\/\/shower-seals.com\/product\/135-degree-black-glass-shower-door-magetic-seal-strip-inward-opening\/","name":"135 Degree Black Glass Shower Door Magetic Seal Strip - Inward Opening (ouverture vers l'int\u00e9rieur)","isPartOf":{"@id":"https:\/\/shower-seals.com\/#website"},"primaryImageOfPage":{"@id":"https:\/\/shower-seals.com\/product\/135-degree-black-glass-shower-door-magetic-seal-strip-inward-opening\/#primaryimage"},"image":{"@id":"https:\/\/shower-seals.com\/product\/135-degree-black-glass-shower-door-magetic-seal-strip-inward-opening\/#primaryimage"},"thumbnailUrl":"https:\/\/shower-seals.com\/wp-content\/uploads\/2024\/12\/135-black-magnetic-shower-seals.jpg","datePublished":"2025-02-12T08:07:07+00:00","dateModified":"2025-03-07T09:14:57+00:00","breadcrumb":{"@id":"https:\/\/shower-seals.com\/product\/135-degree-black-glass-shower-door-magetic-seal-strip-inward-opening\/#breadcrumb"},"inLanguage":"fr-FR","potentialAction":[{"@type":"ReadAction","target":["https:\/\/shower-seals.com\/product\/135-degree-black-glass-shower-door-magetic-seal-strip-inward-opening\/"]}]},{"@type":"ImageObject","inLanguage":"fr-FR","@id":"https:\/\/shower-seals.com\/product\/135-degree-black-glass-shower-door-magetic-seal-strip-inward-opening\/#primaryimage","url":"https:\/\/shower-seals.com\/wp-content\/uploads\/2024\/12\/135-black-magnetic-shower-seals.jpg","contentUrl":"https:\/\/shower-seals.com\/wp-content\/uploads\/2024\/12\/135-black-magnetic-shower-seals.jpg","width":382,"height":396,"caption":"Black Glass Shower Door Magetic Seal"},{"@type":"BreadcrumbList","@id":"https:\/\/shower-seals.com\/product\/135-degree-black-glass-shower-door-magetic-seal-strip-inward-opening\/#breadcrumb","itemListElement":[{"@type":"ListItem","position":1,"name":"Home","item":"https:\/\/shower-seals.com\/"},{"@type":"ListItem","position":2,"name":"Wholesale Glass Shower Door Seals","item":"https:\/\/shower-seals.com\/shower-seals\/"},{"@type":"ListItem","position":3,"name":"135 Degree Black Glass Shower Door Magetic Seal Strip &#8211; Inward Opening"}]},{"@type":"WebSite","@id":"https:\/\/shower-seals.com\/#website","url":"https:\/\/shower-seals.com\/","name":"joints de douche.com","description":"Joints de douche | Joints de paroi de douche | Joints de porte de douche","publisher":{"@id":"https:\/\/shower-seals.com\/#organization"},"potentialAction":[{"@type":"SearchAction","target":{"@type":"EntryPoint","urlTemplate":"https:\/\/shower-seals.com\/?s={search_term_string}"},"query-input":{"@type":"PropertyValueSpecification","valueRequired":true,"valueName":"search_term_string"}}],"inLanguage":"fr-FR"},{"@type":"Organization","@id":"https:\/\/shower-seals.com\/#organization","name":"joints de douche.com","url":"https:\/\/shower-seals.com\/","logo":{"@type":"ImageObject","inLanguage":"fr-FR","@id":"https:\/\/shower-seals.com\/#\/schema\/logo\/image\/","url":"https:\/\/shower-seals.com\/wp-content\/uploads\/2024\/12\/Shower-seals-Logo.png","contentUrl":"https:\/\/shower-seals.com\/wp-content\/uploads\/2024\/12\/Shower-seals-Logo.png","width":350,"height":100,"caption":"shower-seals.com"},"image":{"@id":"https:\/\/shower-seals.com\/#\/schema\/logo\/image\/"}}]},"product_price_amount":"0.00","product_price_currency":"USD","og_availability":"instock","product_availability":"instock","product_condition":"new"},"tiered_pricing_type":"fixed","tiered_pricing_fixed_rules":[],"tiered_pricing_product_settings":{"layout":"default","base_unit_name":{"singular":null,"plural":null},"default_variation":null},"tiered_pricing_minimum_quantity":null,"tiered_pricing_roles_data":[],"tiered_pricing_percentage_rules":[],"tiered_pricing_maximum_quantity":null,"tiered_pricing_quantity_step":null,"_links":{"self":[{"href":"https:\/\/shower-seals.com\/fr\/wp-json\/wp\/v2\/product\/1349","targetHints":{"allow":["GET"]}}],"collection":[{"href":"https:\/\/shower-seals.com\/fr\/wp-json\/wp\/v2\/product"}],"about":[{"href":"https:\/\/shower-seals.com\/fr\/wp-json\/wp\/v2\/types\/product"}],"wp:featuredmedia":[{"embeddable":true,"href":"https:\/\/shower-seals.com\/fr\/wp-json\/wp\/v2\/media\/523"}],"wp:attachment":[{"href":"https:\/\/shower-seals.com\/fr\/wp-json\/wp\/v2\/media?parent=1349"}],"wp:term":[{"taxonomy":"product_brand","embeddable":true,"href":"https:\/\/shower-seals.com\/fr\/wp-json\/wp\/v2\/product_brand?post=1349"},{"taxonomy":"product_cat","embeddable":true,"href":"https:\/\/shower-seals.com\/fr\/wp-json\/wp\/v2\/product_cat?post=1349"},{"taxonomy":"product_tag","embeddable":true,"href":"https:\/\/shower-seals.com\/fr\/wp-json\/wp\/v2\/product_tag?post=1349"}],"curies":[{"name":"wp","href":"https:\/\/api.w.org\/{rel}","templated":true}]}}