{"id":1347,"date":"2025-02-12T07:43:16","date_gmt":"2025-02-12T07:43:16","guid":{"rendered":"https:\/\/shower-seals.com\/?post_type=product&#038;p=1347"},"modified":"2025-03-07T09:21:16","modified_gmt":"2025-03-07T09:21:16","slug":"shower-door-bottom-seal-black-with-long-ring","status":"publish","type":"product","link":"https:\/\/shower-seals.com\/fr\/product\/shower-door-bottom-seal-black-with-long-ring\/","title":{"rendered":"Joint de bas de porte de douche noir - avec anneau long"},"content":{"rendered":"<table style=\"width: 100%; border-collapse: collapse;\" border=\"1\" cellspacing=\"0\" cellpadding=\"8\">\n<tbody>\n<tr>\n<th style=\"text-align: left; background-color: #f2f2f2;\" colspan=\"2\">Sp\u00e9cifications des produits<\/th>\n<\/tr>\n<tr>\n<td><strong>Mat\u00e9riau<\/strong><\/td>\n<td>PVC, TPE, PC, PMMA<\/td>\n<\/tr>\n<tr>\n<td><strong>Dimensions et sp\u00e9cifications<\/strong><\/td>\n<td>\n<ul>\n<li><strong>Type de joints de porte de douche : <\/strong><a href=\"https:\/\/shower-seals.com\/fr\/product-category\/shower-door-bottom-seals\/\"><em>Joint de bas de porte de douche<\/em><\/a><\/li>\n<li><strong>Largeur de la bande d'\u00e9tanch\u00e9it\u00e9 :<\/strong> 8mm \/ 10mm \/ 12mm<\/li>\n<li><strong>Longueur des jambes :<\/strong> 12-18mm<\/li>\n<\/ul>\n<\/td>\n<\/tr>\n<tr>\n<td><strong>Couleur<\/strong><\/td>\n<td>\n<ul>\n<li><strong>Couleur standard :<\/strong> Transparent, Clair, Noir<\/li>\n<li><strong>Couleurs personnalis\u00e9es :<\/strong> Disponible<\/li>\n<\/ul>\n<\/td>\n<\/tr>\n<tr>\n<td><strong>M\u00e9thode d'installation de la bande d'\u00e9tanch\u00e9it\u00e9<\/strong><\/td>\n<td>Joints de douche \u00e0 clipser<\/td>\n<\/tr>\n<tr>\n<td><strong>Type de porte de douche adapt\u00e9<\/strong><\/td>\n<td>\n<ul>\n<li>Porte de douche sans cadre \/ Porte de douche \u00e0 charni\u00e8re \/ Porte de douche pliante<\/li>\n<li><strong>Compatible avec l'\u00e9paisseur du verre :<\/strong> 8mm \/ 10mm \/ 12mm<\/li>\n<\/ul>\n<\/td>\n<\/tr>\n<tr>\n<td><strong>R\u00e9sistance du nettoyeur<\/strong><\/td>\n<td>Compatible avec les nettoyants courants pour salles de bains (tels que l'eau de Javel et l'alcool)<\/td>\n<\/tr>\n<tr>\n<td><strong>Achat en gros<\/strong><\/td>\n<td>\n<ul>\n<li><strong>MOQ :<\/strong> 500m<\/li>\n<li><strong>Services de personnalisation :<\/strong> Coupe \u00e0 longueur, impression de logos<\/li>\n<li><strong>Emballage :<\/strong> Carton kraft ou emballage personnalis\u00e9<\/li>\n<\/ul>\n<\/td>\n<\/tr>\n<tr>\n<td><strong>Garantie et service apr\u00e8s-vente<\/strong><\/td>\n<td>\n<ul>\n<li><strong>Support technique :<\/strong> R\u00e9ponse dans les 24 heures + Vid\u00e9o d'aide \u00e0 l'installation<\/li>\n<\/ul>\n<\/td>\n<\/tr>\n<\/tbody>\n<\/table>\n<p>Am\u00e9liorez vos installations de douche avec notre joint inf\u00e9rieur noir de premi\u00e8re qualit\u00e9, con\u00e7u sp\u00e9cifiquement pour les portes de douche en verre. Fabriqu\u00e9 en PVC de haute qualit\u00e9, ce joint s'adapte aux panneaux de verre d'une \u00e9paisseur de 6 mm, 8 mm, 10 mm et 12 mm, assurant une barri\u00e8re fiable et \u00e9tanche \u00e0 la base de la porte. La conception innovante comprend un clip rigide associ\u00e9 \u00e0 des bords souples et flexibles, permettant une installation facile et sans colle pour un ajustement s\u00fbr et durable. La conception de l'anneau long am\u00e9liore encore les performances d'\u00e9tanch\u00e9it\u00e9, ce qui en fait un choix id\u00e9al pour les projets commerciaux et r\u00e9sidentiels.<\/p>\n<p><em><strong>Caract\u00e9ristiques principales :<\/strong><\/em><\/p>\n<ul>\n<li><strong>Optimis\u00e9 pour les portes en verre :<\/strong> Con\u00e7u pour le bas des portes de douche en verre de 6 mm, 8 mm, 10 mm et 12 mm d'\u00e9paisseur.<\/li>\n<li><strong>Construction en PVC de premi\u00e8re qualit\u00e9 :<\/strong> Combine un clip dur pour un ancrage s\u00fbr avec des bords souples pour plus de flexibilit\u00e9.<\/li>\n<li><strong>Installation facile, sans colle :<\/strong> Processus d'installation rapide et sans probl\u00e8me, sans besoin d'adh\u00e9sifs.<\/li>\n<li><strong>Am\u00e9lioration des performances d'\u00e9tanch\u00e9it\u00e9 :<\/strong> La conception \u00e0 anneau long offre une r\u00e9sistance \u00e0 l'eau et une durabilit\u00e9 sup\u00e9rieures.<\/li>\n<li><strong>Look \u00e9l\u00e9gant et professionnel :<\/strong> La finition noire ajoute une touche moderne et \u00e9l\u00e9gante \u00e0 toute installation de douche.<\/li>\n<\/ul>\n<p><em>Veuillez contacter le service client\u00e8le pour les tailles sp\u00e9cifiques<\/em><\/p>","protected":false},"excerpt":{"rendered":"<ul>\n<li>Joint de bas de porte de douche noir - avec anneau long<\/li>\n<li>Con\u00e7u pour le bas des portes de douche en verre<\/li>\n<li>Pour le verre de 6 mm, 8 mm, 10 mm et 12 mm d'\u00e9paisseur<\/li>\n<\/ul>","protected":false},"featured_media":515,"template":"","meta":[],"product_brand":[],"product_cat":[34,36,17],"product_tag":[],"class_list":{"0":"post-1347","1":"product","2":"type-product","3":"status-publish","4":"has-post-thumbnail","6":"product_cat-black-shower-door-seals","7":"product_cat-drip-rail-seal","8":"product_cat-shower-door-bottom-seals","10":"first","11":"instock","12":"shipping-taxable","13":"product-type-simple"},"yoast_head":"<!-- This site is optimized with the Yoast SEO Premium plugin v23.4 (Yoast SEO v24.2) - https:\/\/yoast.com\/wordpress\/plugins\/seo\/ -->\n<title>Shower Door Bottom Seal Black - With Long Ring<\/title>\n<meta name=\"robots\" content=\"index, follow, max-snippet:-1, max-image-preview:large, max-video-preview:-1\" \/>\n<link rel=\"canonical\" href=\"https:\/\/shower-seals.com\/fr\/product\/shower-door-bottom-seal-black-with-long-ring\/\" \/>\n<meta property=\"og:locale\" content=\"fr_FR\" \/>\n<meta property=\"og:type\" content=\"article\" \/>\n<meta property=\"og:title\" content=\"Shower Door Bottom Seal Black - With Long Ring\" \/>\n<meta property=\"og:description\" content=\"Shower Door Bottom Seal Black - With Long Ring  Designed for the bottom of glass shower doors  For 6mm, 8mm, 10mm, and 12mm thick glass\" \/>\n<meta property=\"og:url\" content=\"https:\/\/shower-seals.com\/fr\/product\/shower-door-bottom-seal-black-with-long-ring\/\" \/>\n<meta property=\"og:site_name\" content=\"shower-seals.com\" \/>\n<meta property=\"article:modified_time\" content=\"2025-03-07T09:21:16+00:00\" \/>\n<meta property=\"og:image\" content=\"https:\/\/shower-seals.com\/wp-content\/uploads\/2024\/12\/Black-Shower-Door-Bottom-Seal.jpg\" \/>\n\t<meta property=\"og:image:width\" content=\"381\" \/>\n\t<meta property=\"og:image:height\" content=\"394\" \/>\n\t<meta property=\"og:image:type\" content=\"image\/jpeg\" \/>\n<meta name=\"twitter:card\" content=\"summary_large_image\" \/>\n<meta name=\"twitter:label1\" content=\"Prix\" \/>\n\t<meta name=\"twitter:data1\" content=\"\" \/>\n\t<meta name=\"twitter:label2\" content=\"Disponibilit\u00e9\" \/>\n\t<meta name=\"twitter:data2\" content=\"En stock\" \/>\n<script type=\"application\/ld+json\" class=\"yoast-schema-graph\">{\"@context\":\"https:\/\/schema.org\",\"@graph\":[{\"@type\":\"WebPage\",\"@id\":\"https:\/\/shower-seals.com\/product\/shower-door-bottom-seal-black-with-long-ring\/\",\"url\":\"https:\/\/shower-seals.com\/product\/shower-door-bottom-seal-black-with-long-ring\/\",\"name\":\"Shower Door Bottom Seal Black - With Long Ring\",\"isPartOf\":{\"@id\":\"https:\/\/shower-seals.com\/#website\"},\"primaryImageOfPage\":{\"@id\":\"https:\/\/shower-seals.com\/product\/shower-door-bottom-seal-black-with-long-ring\/#primaryimage\"},\"image\":{\"@id\":\"https:\/\/shower-seals.com\/product\/shower-door-bottom-seal-black-with-long-ring\/#primaryimage\"},\"thumbnailUrl\":\"https:\/\/shower-seals.com\/wp-content\/uploads\/2024\/12\/Black-Shower-Door-Bottom-Seal.jpg\",\"datePublished\":\"2025-02-12T07:43:16+00:00\",\"dateModified\":\"2025-03-07T09:21:16+00:00\",\"breadcrumb\":{\"@id\":\"https:\/\/shower-seals.com\/product\/shower-door-bottom-seal-black-with-long-ring\/#breadcrumb\"},\"inLanguage\":\"fr-FR\",\"potentialAction\":[{\"@type\":\"ReadAction\",\"target\":[\"https:\/\/shower-seals.com\/product\/shower-door-bottom-seal-black-with-long-ring\/\"]}]},{\"@type\":\"ImageObject\",\"inLanguage\":\"fr-FR\",\"@id\":\"https:\/\/shower-seals.com\/product\/shower-door-bottom-seal-black-with-long-ring\/#primaryimage\",\"url\":\"https:\/\/shower-seals.com\/wp-content\/uploads\/2024\/12\/Black-Shower-Door-Bottom-Seal.jpg\",\"contentUrl\":\"https:\/\/shower-seals.com\/wp-content\/uploads\/2024\/12\/Black-Shower-Door-Bottom-Seal.jpg\",\"width\":381,\"height\":394,\"caption\":\"Black Shower Door Bottom Seal\"},{\"@type\":\"BreadcrumbList\",\"@id\":\"https:\/\/shower-seals.com\/product\/shower-door-bottom-seal-black-with-long-ring\/#breadcrumb\",\"itemListElement\":[{\"@type\":\"ListItem\",\"position\":1,\"name\":\"Home\",\"item\":\"https:\/\/shower-seals.com\/\"},{\"@type\":\"ListItem\",\"position\":2,\"name\":\"Wholesale Glass Shower Door Seals\",\"item\":\"https:\/\/shower-seals.com\/shower-seals\/\"},{\"@type\":\"ListItem\",\"position\":3,\"name\":\"Shower Door Bottom Seal Black &#8211; With Long Ring\"}]},{\"@type\":\"WebSite\",\"@id\":\"https:\/\/shower-seals.com\/#website\",\"url\":\"https:\/\/shower-seals.com\/\",\"name\":\"shower-seals.com\",\"description\":\"Shower Seals | Shower Screen Seals | Shower Door Seals\",\"publisher\":{\"@id\":\"https:\/\/shower-seals.com\/#organization\"},\"potentialAction\":[{\"@type\":\"SearchAction\",\"target\":{\"@type\":\"EntryPoint\",\"urlTemplate\":\"https:\/\/shower-seals.com\/?s={search_term_string}\"},\"query-input\":{\"@type\":\"PropertyValueSpecification\",\"valueRequired\":true,\"valueName\":\"search_term_string\"}}],\"inLanguage\":\"fr-FR\"},{\"@type\":\"Organization\",\"@id\":\"https:\/\/shower-seals.com\/#organization\",\"name\":\"shower-seals.com\",\"url\":\"https:\/\/shower-seals.com\/\",\"logo\":{\"@type\":\"ImageObject\",\"inLanguage\":\"fr-FR\",\"@id\":\"https:\/\/shower-seals.com\/#\/schema\/logo\/image\/\",\"url\":\"https:\/\/shower-seals.com\/wp-content\/uploads\/2024\/12\/Shower-seals-Logo.png\",\"contentUrl\":\"https:\/\/shower-seals.com\/wp-content\/uploads\/2024\/12\/Shower-seals-Logo.png\",\"width\":350,\"height\":100,\"caption\":\"shower-seals.com\"},\"image\":{\"@id\":\"https:\/\/shower-seals.com\/#\/schema\/logo\/image\/\"}}]}<\/script>\n<meta property=\"product:price:amount\" content=\"0.00\" \/>\n<meta property=\"product:price:currency\" content=\"USD\" \/>\n<meta property=\"og:availability\" content=\"instock\" \/>\n<meta property=\"product:availability\" content=\"instock\" \/>\n<meta property=\"product:condition\" content=\"new\" \/>\n<!-- \/ Yoast SEO Premium plugin. -->","yoast_head_json":{"title":"Joint de bas de porte de douche noir - avec anneau long","robots":{"index":"index","follow":"follow","max-snippet":"max-snippet:-1","max-image-preview":"max-image-preview:large","max-video-preview":"max-video-preview:-1"},"canonical":"https:\/\/shower-seals.com\/fr\/product\/shower-door-bottom-seal-black-with-long-ring\/","og_locale":"fr_FR","og_type":"article","og_title":"Shower Door Bottom Seal Black - With Long Ring","og_description":"Shower Door Bottom Seal Black - With Long Ring  Designed for the bottom of glass shower doors  For 6mm, 8mm, 10mm, and 12mm thick glass","og_url":"https:\/\/shower-seals.com\/fr\/product\/shower-door-bottom-seal-black-with-long-ring\/","og_site_name":"shower-seals.com","article_modified_time":"2025-03-07T09:21:16+00:00","og_image":[{"width":381,"height":394,"url":"https:\/\/shower-seals.com\/wp-content\/uploads\/2024\/12\/Black-Shower-Door-Bottom-Seal.jpg","type":"image\/jpeg"}],"twitter_card":"summary_large_image","twitter_misc":{"Prix":"","Disponibilit\u00e9":"En stock"},"schema":{"@context":"https:\/\/schema.org","@graph":[{"@type":"WebPage","@id":"https:\/\/shower-seals.com\/product\/shower-door-bottom-seal-black-with-long-ring\/","url":"https:\/\/shower-seals.com\/product\/shower-door-bottom-seal-black-with-long-ring\/","name":"Joint de bas de porte de douche noir - avec anneau long","isPartOf":{"@id":"https:\/\/shower-seals.com\/#website"},"primaryImageOfPage":{"@id":"https:\/\/shower-seals.com\/product\/shower-door-bottom-seal-black-with-long-ring\/#primaryimage"},"image":{"@id":"https:\/\/shower-seals.com\/product\/shower-door-bottom-seal-black-with-long-ring\/#primaryimage"},"thumbnailUrl":"https:\/\/shower-seals.com\/wp-content\/uploads\/2024\/12\/Black-Shower-Door-Bottom-Seal.jpg","datePublished":"2025-02-12T07:43:16+00:00","dateModified":"2025-03-07T09:21:16+00:00","breadcrumb":{"@id":"https:\/\/shower-seals.com\/product\/shower-door-bottom-seal-black-with-long-ring\/#breadcrumb"},"inLanguage":"fr-FR","potentialAction":[{"@type":"ReadAction","target":["https:\/\/shower-seals.com\/product\/shower-door-bottom-seal-black-with-long-ring\/"]}]},{"@type":"ImageObject","inLanguage":"fr-FR","@id":"https:\/\/shower-seals.com\/product\/shower-door-bottom-seal-black-with-long-ring\/#primaryimage","url":"https:\/\/shower-seals.com\/wp-content\/uploads\/2024\/12\/Black-Shower-Door-Bottom-Seal.jpg","contentUrl":"https:\/\/shower-seals.com\/wp-content\/uploads\/2024\/12\/Black-Shower-Door-Bottom-Seal.jpg","width":381,"height":394,"caption":"Black Shower Door Bottom Seal"},{"@type":"BreadcrumbList","@id":"https:\/\/shower-seals.com\/product\/shower-door-bottom-seal-black-with-long-ring\/#breadcrumb","itemListElement":[{"@type":"ListItem","position":1,"name":"Home","item":"https:\/\/shower-seals.com\/"},{"@type":"ListItem","position":2,"name":"Wholesale Glass Shower Door Seals","item":"https:\/\/shower-seals.com\/shower-seals\/"},{"@type":"ListItem","position":3,"name":"Shower Door Bottom Seal Black &#8211; With Long Ring"}]},{"@type":"WebSite","@id":"https:\/\/shower-seals.com\/#website","url":"https:\/\/shower-seals.com\/","name":"joints de douche.com","description":"Joints de douche | Joints de paroi de douche | Joints de porte de douche","publisher":{"@id":"https:\/\/shower-seals.com\/#organization"},"potentialAction":[{"@type":"SearchAction","target":{"@type":"EntryPoint","urlTemplate":"https:\/\/shower-seals.com\/?s={search_term_string}"},"query-input":{"@type":"PropertyValueSpecification","valueRequired":true,"valueName":"search_term_string"}}],"inLanguage":"fr-FR"},{"@type":"Organization","@id":"https:\/\/shower-seals.com\/#organization","name":"joints de douche.com","url":"https:\/\/shower-seals.com\/","logo":{"@type":"ImageObject","inLanguage":"fr-FR","@id":"https:\/\/shower-seals.com\/#\/schema\/logo\/image\/","url":"https:\/\/shower-seals.com\/wp-content\/uploads\/2024\/12\/Shower-seals-Logo.png","contentUrl":"https:\/\/shower-seals.com\/wp-content\/uploads\/2024\/12\/Shower-seals-Logo.png","width":350,"height":100,"caption":"shower-seals.com"},"image":{"@id":"https:\/\/shower-seals.com\/#\/schema\/logo\/image\/"}}]},"product_price_amount":"0.00","product_price_currency":"USD","og_availability":"instock","product_availability":"instock","product_condition":"new"},"tiered_pricing_type":"fixed","tiered_pricing_fixed_rules":[],"tiered_pricing_product_settings":{"layout":"default","base_unit_name":{"singular":null,"plural":null},"default_variation":null},"tiered_pricing_minimum_quantity":null,"tiered_pricing_roles_data":[],"tiered_pricing_percentage_rules":[],"tiered_pricing_maximum_quantity":null,"tiered_pricing_quantity_step":null,"_links":{"self":[{"href":"https:\/\/shower-seals.com\/fr\/wp-json\/wp\/v2\/product\/1347","targetHints":{"allow":["GET"]}}],"collection":[{"href":"https:\/\/shower-seals.com\/fr\/wp-json\/wp\/v2\/product"}],"about":[{"href":"https:\/\/shower-seals.com\/fr\/wp-json\/wp\/v2\/types\/product"}],"wp:featuredmedia":[{"embeddable":true,"href":"https:\/\/shower-seals.com\/fr\/wp-json\/wp\/v2\/media\/515"}],"wp:attachment":[{"href":"https:\/\/shower-seals.com\/fr\/wp-json\/wp\/v2\/media?parent=1347"}],"wp:term":[{"taxonomy":"product_brand","embeddable":true,"href":"https:\/\/shower-seals.com\/fr\/wp-json\/wp\/v2\/product_brand?post=1347"},{"taxonomy":"product_cat","embeddable":true,"href":"https:\/\/shower-seals.com\/fr\/wp-json\/wp\/v2\/product_cat?post=1347"},{"taxonomy":"product_tag","embeddable":true,"href":"https:\/\/shower-seals.com\/fr\/wp-json\/wp\/v2\/product_tag?post=1347"}],"curies":[{"name":"wp","href":"https:\/\/api.w.org\/{rel}","templated":true}]}}