{"id":1298,"date":"2025-02-11T03:08:35","date_gmt":"2025-02-11T03:08:35","guid":{"rendered":"https:\/\/shower-seals.com\/?post_type=product&#038;p=1298"},"modified":"2025-02-11T03:16:31","modified_gmt":"2025-02-11T03:16:31","slug":"u-shaped-frameless-sliding-shower-door-seal-strip","status":"publish","type":"product","link":"https:\/\/shower-seals.com\/fr\/product\/u-shaped-frameless-sliding-shower-door-seal-strip\/","title":{"rendered":"Bande d'\u00e9tanch\u00e9it\u00e9 pour porte de douche coulissante sans cadre en forme de U (en forme de F)"},"content":{"rendered":"<p>Cette bande d'\u00e9tanch\u00e9it\u00e9 pour porte de douche coulissante sans cadre en forme de U (\u00e9galement connue sous le nom de forme de F) est con\u00e7ue pour sceller efficacement les espaces entre les panneaux de verre, avec une plage d'\u00e9tanch\u00e9it\u00e9 de 1 mm \u00e0 15 mm. Id\u00e9ale pour les vitres de 8, 10 et 12 mm d'\u00e9paisseur, cette bande d'\u00e9tanch\u00e9it\u00e9 polyvalente peut \u00eatre utilis\u00e9e avec les syst\u00e8mes de portes coulissantes ainsi que pour les joints d'angle \u00e0 90 degr\u00e9s entre les panneaux de porte et les vitres fixes. Elle offre \u00e0 la fois un ajustement s\u00fbr et une protection efficace contre l'eau.<\/p>\n<p><em><strong>Caract\u00e9ristiques principales :<\/strong><\/em><\/p>\n<ul>\n<li><strong>Coupe polyvalente :<\/strong> Compatible avec le verre de 8 mm, 10 mm et 12 mm d'\u00e9paisseur.<\/li>\n<li><strong>Plage d'\u00e9tanch\u00e9it\u00e9 :<\/strong> Scelle les espaces de 1 \u00e0 15 mm pour un ajustement serr\u00e9 et s\u00fbr.<\/li>\n<li><strong>Conception multi-usages :<\/strong> Id\u00e9al pour les syst\u00e8mes de portes coulissantes et les joints d'angle \u00e0 90 degr\u00e9s entre les panneaux de verre.<\/li>\n<li><strong>Construction durable :<\/strong> Fabriqu\u00e9 \u00e0 partir de mat\u00e9riaux de haute qualit\u00e9 pour des performances fiables.<\/li>\n<li><strong>Protection efficace de l'eau :<\/strong> Pr\u00e9vient les fuites tout en am\u00e9liorant la fonctionnalit\u00e9 globale du syst\u00e8me de douche.<\/li>\n<\/ul>","protected":false},"excerpt":{"rendered":"<ul>\n<li>Bande d'\u00e9tanch\u00e9it\u00e9 pour porte de douche coulissante sans cadre ;<\/li>\n<li>Compatible avec le verre de 8 mm, 10 mm et 12 mm d'\u00e9paisseur ;<\/li>\n<li>Scelle les espaces de 1 \u00e0 15 mm pour un ajustement serr\u00e9 et s\u00fbr ;<\/li>\n<li>Id\u00e9al pour les syst\u00e8mes de portes coulissantes et les joints d'angle \u00e0 90 degr\u00e9s entre les panneaux de verre ;<\/li>\n<\/ul>","protected":false},"featured_media":1303,"template":"","meta":[],"product_brand":[],"product_cat":[49,45],"product_tag":[],"class_list":{"0":"post-1298","1":"product","2":"type-product","3":"status-publish","4":"has-post-thumbnail","6":"product_cat-in-stock-shower-seals","7":"product_cat-vertical-shower-door-seals","9":"first","10":"instock","11":"shipping-taxable","12":"purchasable","13":"product-type-variable"},"yoast_head":"<!-- This site is optimized with the Yoast SEO Premium plugin v23.4 (Yoast SEO v24.2) - https:\/\/yoast.com\/wordpress\/plugins\/seo\/ -->\n<title>U-Shaped Frameless Sliding Shower Door Seal Strip (F-Shaped)<\/title>\n<meta name=\"robots\" content=\"index, follow, max-snippet:-1, max-image-preview:large, max-video-preview:-1\" \/>\n<link rel=\"canonical\" href=\"https:\/\/shower-seals.com\/fr\/product\/u-shaped-frameless-sliding-shower-door-seal-strip\/\" \/>\n<meta property=\"og:locale\" content=\"fr_FR\" \/>\n<meta property=\"og:type\" content=\"article\" \/>\n<meta property=\"og:title\" content=\"U-Shaped Frameless Sliding Shower Door Seal Strip (F-Shaped)\" \/>\n<meta property=\"og:description\" content=\"Frameless Sliding Shower Door Seal Strip;  Compatible with 8mm, 10mm, and 12mm thick glass;  Seals gaps from 1mm to 15mm for a tight, secure fit;  Ideal for sliding door systems and 90-degree corner seals between glass panels;\" \/>\n<meta property=\"og:url\" content=\"https:\/\/shower-seals.com\/fr\/product\/u-shaped-frameless-sliding-shower-door-seal-strip\/\" \/>\n<meta property=\"og:site_name\" content=\"shower-seals.com\" \/>\n<meta property=\"article:modified_time\" content=\"2025-02-11T03:16:31+00:00\" \/>\n<meta property=\"og:image\" content=\"https:\/\/shower-seals.com\/wp-content\/uploads\/2025\/02\/U-Shaped-Frameless-Sliding-Shower-Door-Seal-Strip-F-Shaped.jpg\" \/>\n\t<meta property=\"og:image:width\" content=\"366\" \/>\n\t<meta property=\"og:image:height\" content=\"363\" \/>\n\t<meta property=\"og:image:type\" content=\"image\/jpeg\" \/>\n<meta name=\"twitter:card\" content=\"summary_large_image\" \/>\n<meta name=\"twitter:label1\" content=\"Disponibilit\u00e9\" \/>\n\t<meta name=\"twitter:data1\" content=\"En stock\" \/>\n<script type=\"application\/ld+json\" class=\"yoast-schema-graph\">{\"@context\":\"https:\/\/schema.org\",\"@graph\":[{\"@type\":\"WebPage\",\"@id\":\"https:\/\/shower-seals.com\/product\/u-shaped-frameless-sliding-shower-door-seal-strip\/\",\"url\":\"https:\/\/shower-seals.com\/product\/u-shaped-frameless-sliding-shower-door-seal-strip\/\",\"name\":\"U-Shaped Frameless Sliding Shower Door Seal Strip (F-Shaped)\",\"isPartOf\":{\"@id\":\"https:\/\/shower-seals.com\/#website\"},\"primaryImageOfPage\":{\"@id\":\"https:\/\/shower-seals.com\/product\/u-shaped-frameless-sliding-shower-door-seal-strip\/#primaryimage\"},\"image\":{\"@id\":\"https:\/\/shower-seals.com\/product\/u-shaped-frameless-sliding-shower-door-seal-strip\/#primaryimage\"},\"thumbnailUrl\":\"https:\/\/shower-seals.com\/wp-content\/uploads\/2025\/02\/U-Shaped-Frameless-Sliding-Shower-Door-Seal-Strip-F-Shaped.jpg\",\"datePublished\":\"2025-02-11T03:08:35+00:00\",\"dateModified\":\"2025-02-11T03:16:31+00:00\",\"breadcrumb\":{\"@id\":\"https:\/\/shower-seals.com\/product\/u-shaped-frameless-sliding-shower-door-seal-strip\/#breadcrumb\"},\"inLanguage\":\"fr-FR\",\"potentialAction\":[{\"@type\":\"ReadAction\",\"target\":[\"https:\/\/shower-seals.com\/product\/u-shaped-frameless-sliding-shower-door-seal-strip\/\"]}]},{\"@type\":\"ImageObject\",\"inLanguage\":\"fr-FR\",\"@id\":\"https:\/\/shower-seals.com\/product\/u-shaped-frameless-sliding-shower-door-seal-strip\/#primaryimage\",\"url\":\"https:\/\/shower-seals.com\/wp-content\/uploads\/2025\/02\/U-Shaped-Frameless-Sliding-Shower-Door-Seal-Strip-F-Shaped.jpg\",\"contentUrl\":\"https:\/\/shower-seals.com\/wp-content\/uploads\/2025\/02\/U-Shaped-Frameless-Sliding-Shower-Door-Seal-Strip-F-Shaped.jpg\",\"width\":366,\"height\":363,\"caption\":\"U-Shaped Frameless Sliding Shower Door Seal Strip (F-Shaped)\"},{\"@type\":\"BreadcrumbList\",\"@id\":\"https:\/\/shower-seals.com\/product\/u-shaped-frameless-sliding-shower-door-seal-strip\/#breadcrumb\",\"itemListElement\":[{\"@type\":\"ListItem\",\"position\":1,\"name\":\"Home\",\"item\":\"https:\/\/shower-seals.com\/\"},{\"@type\":\"ListItem\",\"position\":2,\"name\":\"Wholesale Glass Shower Door Seals\",\"item\":\"https:\/\/shower-seals.com\/shower-seals\/\"},{\"@type\":\"ListItem\",\"position\":3,\"name\":\"U-Shaped Frameless Sliding Shower Door Seal Strip (F-Shaped)\"}]},{\"@type\":\"WebSite\",\"@id\":\"https:\/\/shower-seals.com\/#website\",\"url\":\"https:\/\/shower-seals.com\/\",\"name\":\"shower-seals.com\",\"description\":\"Shower Seals | Shower Screen Seals | Shower Door Seals\",\"publisher\":{\"@id\":\"https:\/\/shower-seals.com\/#organization\"},\"potentialAction\":[{\"@type\":\"SearchAction\",\"target\":{\"@type\":\"EntryPoint\",\"urlTemplate\":\"https:\/\/shower-seals.com\/?s={search_term_string}\"},\"query-input\":{\"@type\":\"PropertyValueSpecification\",\"valueRequired\":true,\"valueName\":\"search_term_string\"}}],\"inLanguage\":\"fr-FR\"},{\"@type\":\"Organization\",\"@id\":\"https:\/\/shower-seals.com\/#organization\",\"name\":\"shower-seals.com\",\"url\":\"https:\/\/shower-seals.com\/\",\"logo\":{\"@type\":\"ImageObject\",\"inLanguage\":\"fr-FR\",\"@id\":\"https:\/\/shower-seals.com\/#\/schema\/logo\/image\/\",\"url\":\"https:\/\/shower-seals.com\/wp-content\/uploads\/2024\/12\/Shower-seals-Logo.png\",\"contentUrl\":\"https:\/\/shower-seals.com\/wp-content\/uploads\/2024\/12\/Shower-seals-Logo.png\",\"width\":350,\"height\":100,\"caption\":\"shower-seals.com\"},\"image\":{\"@id\":\"https:\/\/shower-seals.com\/#\/schema\/logo\/image\/\"}}]}<\/script>\n<meta property=\"og:availability\" content=\"instock\" \/>\n<meta property=\"product:availability\" content=\"instock\" \/>\n<meta property=\"product:condition\" content=\"new\" \/>\n<!-- \/ Yoast SEO Premium plugin. -->","yoast_head_json":{"title":"Bande d'\u00e9tanch\u00e9it\u00e9 pour porte de douche coulissante sans cadre en forme de U (en forme de F)","robots":{"index":"index","follow":"follow","max-snippet":"max-snippet:-1","max-image-preview":"max-image-preview:large","max-video-preview":"max-video-preview:-1"},"canonical":"https:\/\/shower-seals.com\/fr\/product\/u-shaped-frameless-sliding-shower-door-seal-strip\/","og_locale":"fr_FR","og_type":"article","og_title":"U-Shaped Frameless Sliding Shower Door Seal Strip (F-Shaped)","og_description":"Frameless Sliding Shower Door Seal Strip;  Compatible with 8mm, 10mm, and 12mm thick glass;  Seals gaps from 1mm to 15mm for a tight, secure fit;  Ideal for sliding door systems and 90-degree corner seals between glass panels;","og_url":"https:\/\/shower-seals.com\/fr\/product\/u-shaped-frameless-sliding-shower-door-seal-strip\/","og_site_name":"shower-seals.com","article_modified_time":"2025-02-11T03:16:31+00:00","og_image":[{"width":366,"height":363,"url":"https:\/\/shower-seals.com\/wp-content\/uploads\/2025\/02\/U-Shaped-Frameless-Sliding-Shower-Door-Seal-Strip-F-Shaped.jpg","type":"image\/jpeg"}],"twitter_card":"summary_large_image","twitter_misc":{"Disponibilit\u00e9":"En stock"},"schema":{"@context":"https:\/\/schema.org","@graph":[{"@type":"WebPage","@id":"https:\/\/shower-seals.com\/product\/u-shaped-frameless-sliding-shower-door-seal-strip\/","url":"https:\/\/shower-seals.com\/product\/u-shaped-frameless-sliding-shower-door-seal-strip\/","name":"Bande d'\u00e9tanch\u00e9it\u00e9 pour porte de douche coulissante sans cadre en forme de U (en forme de F)","isPartOf":{"@id":"https:\/\/shower-seals.com\/#website"},"primaryImageOfPage":{"@id":"https:\/\/shower-seals.com\/product\/u-shaped-frameless-sliding-shower-door-seal-strip\/#primaryimage"},"image":{"@id":"https:\/\/shower-seals.com\/product\/u-shaped-frameless-sliding-shower-door-seal-strip\/#primaryimage"},"thumbnailUrl":"https:\/\/shower-seals.com\/wp-content\/uploads\/2025\/02\/U-Shaped-Frameless-Sliding-Shower-Door-Seal-Strip-F-Shaped.jpg","datePublished":"2025-02-11T03:08:35+00:00","dateModified":"2025-02-11T03:16:31+00:00","breadcrumb":{"@id":"https:\/\/shower-seals.com\/product\/u-shaped-frameless-sliding-shower-door-seal-strip\/#breadcrumb"},"inLanguage":"fr-FR","potentialAction":[{"@type":"ReadAction","target":["https:\/\/shower-seals.com\/product\/u-shaped-frameless-sliding-shower-door-seal-strip\/"]}]},{"@type":"ImageObject","inLanguage":"fr-FR","@id":"https:\/\/shower-seals.com\/product\/u-shaped-frameless-sliding-shower-door-seal-strip\/#primaryimage","url":"https:\/\/shower-seals.com\/wp-content\/uploads\/2025\/02\/U-Shaped-Frameless-Sliding-Shower-Door-Seal-Strip-F-Shaped.jpg","contentUrl":"https:\/\/shower-seals.com\/wp-content\/uploads\/2025\/02\/U-Shaped-Frameless-Sliding-Shower-Door-Seal-Strip-F-Shaped.jpg","width":366,"height":363,"caption":"U-Shaped Frameless Sliding Shower Door Seal Strip (F-Shaped)"},{"@type":"BreadcrumbList","@id":"https:\/\/shower-seals.com\/product\/u-shaped-frameless-sliding-shower-door-seal-strip\/#breadcrumb","itemListElement":[{"@type":"ListItem","position":1,"name":"Home","item":"https:\/\/shower-seals.com\/"},{"@type":"ListItem","position":2,"name":"Wholesale Glass Shower Door Seals","item":"https:\/\/shower-seals.com\/shower-seals\/"},{"@type":"ListItem","position":3,"name":"U-Shaped Frameless Sliding Shower Door Seal Strip (F-Shaped)"}]},{"@type":"WebSite","@id":"https:\/\/shower-seals.com\/#website","url":"https:\/\/shower-seals.com\/","name":"joints de douche.com","description":"Joints de douche | Joints de paroi de douche | Joints de porte de douche","publisher":{"@id":"https:\/\/shower-seals.com\/#organization"},"potentialAction":[{"@type":"SearchAction","target":{"@type":"EntryPoint","urlTemplate":"https:\/\/shower-seals.com\/?s={search_term_string}"},"query-input":{"@type":"PropertyValueSpecification","valueRequired":true,"valueName":"search_term_string"}}],"inLanguage":"fr-FR"},{"@type":"Organization","@id":"https:\/\/shower-seals.com\/#organization","name":"joints de douche.com","url":"https:\/\/shower-seals.com\/","logo":{"@type":"ImageObject","inLanguage":"fr-FR","@id":"https:\/\/shower-seals.com\/#\/schema\/logo\/image\/","url":"https:\/\/shower-seals.com\/wp-content\/uploads\/2024\/12\/Shower-seals-Logo.png","contentUrl":"https:\/\/shower-seals.com\/wp-content\/uploads\/2024\/12\/Shower-seals-Logo.png","width":350,"height":100,"caption":"shower-seals.com"},"image":{"@id":"https:\/\/shower-seals.com\/#\/schema\/logo\/image\/"}}]},"og_availability":"instock","product_availability":"instock","product_condition":"new"},"tiered_pricing_type":"fixed","tiered_pricing_fixed_rules":{"50":"2.61","100":"2.41"},"tiered_pricing_product_settings":{"layout":"default","base_unit_name":{"singular":null,"plural":null},"default_variation":null},"tiered_pricing_minimum_quantity":20,"tiered_pricing_roles_data":[],"tiered_pricing_percentage_rules":[],"tiered_pricing_maximum_quantity":null,"tiered_pricing_quantity_step":null,"_links":{"self":[{"href":"https:\/\/shower-seals.com\/fr\/wp-json\/wp\/v2\/product\/1298","targetHints":{"allow":["GET"]}}],"collection":[{"href":"https:\/\/shower-seals.com\/fr\/wp-json\/wp\/v2\/product"}],"about":[{"href":"https:\/\/shower-seals.com\/fr\/wp-json\/wp\/v2\/types\/product"}],"wp:featuredmedia":[{"embeddable":true,"href":"https:\/\/shower-seals.com\/fr\/wp-json\/wp\/v2\/media\/1303"}],"wp:attachment":[{"href":"https:\/\/shower-seals.com\/fr\/wp-json\/wp\/v2\/media?parent=1298"}],"wp:term":[{"taxonomy":"product_brand","embeddable":true,"href":"https:\/\/shower-seals.com\/fr\/wp-json\/wp\/v2\/product_brand?post=1298"},{"taxonomy":"product_cat","embeddable":true,"href":"https:\/\/shower-seals.com\/fr\/wp-json\/wp\/v2\/product_cat?post=1298"},{"taxonomy":"product_tag","embeddable":true,"href":"https:\/\/shower-seals.com\/fr\/wp-json\/wp\/v2\/product_tag?post=1298"}],"curies":[{"name":"wp","href":"https:\/\/api.w.org\/{rel}","templated":true}]}}