{"id":1276,"date":"2025-02-10T14:34:50","date_gmt":"2025-02-10T14:34:50","guid":{"rendered":"https:\/\/shower-seals.com\/?post_type=product&#038;p=1276"},"modified":"2025-03-07T08:29:48","modified_gmt":"2025-03-07T08:29:48","slug":"h-type-shower-door-seal-for-8mm-10mm-and-12mm-glass","status":"publish","type":"product","link":"https:\/\/shower-seals.com\/fr\/product\/h-type-shower-door-seal-for-8mm-10mm-and-12mm-glass\/","title":{"rendered":"Joint de porte de douche de type h - pour verre de 8 mm, 10 mm et 12 mm"},"content":{"rendered":"<table style=\"width: 100%; border-collapse: collapse;\" border=\"1\" cellspacing=\"0\" cellpadding=\"8\">\n<tbody>\n<tr>\n<th style=\"text-align: left; background-color: #f2f2f2;\" colspan=\"2\">Sp\u00e9cifications des produits<\/th>\n<\/tr>\n<tr>\n<td><strong>Mat\u00e9riau<\/strong><\/td>\n<td>PVC, TPE, PC, PMMA<\/td>\n<\/tr>\n<tr>\n<td><strong>Dimensions et sp\u00e9cifications<\/strong><\/td>\n<td>\n<ul>\n<li><strong>Type de joints de porte de douche :<\/strong> Joints de porte de douche verticaux \/ Joint de porte de douche en H<\/li>\n<li><strong>Largeur de la bande d'\u00e9tanch\u00e9it\u00e9 :<\/strong> 8mm \/ 10mm \/ 12mm<\/li>\n<li><strong>Scelle les lacunes :<\/strong> 1-15mm<\/li>\n<\/ul>\n<\/td>\n<\/tr>\n<tr>\n<td><strong>Couleur<\/strong><\/td>\n<td>\n<ul>\n<li><strong>Couleur standard :<\/strong> Transparent, Clair, Noir<\/li>\n<li><strong>Couleurs personnalis\u00e9es :<\/strong> Disponible<\/li>\n<\/ul>\n<\/td>\n<\/tr>\n<tr>\n<td><strong>M\u00e9thode d'installation de la bande d'\u00e9tanch\u00e9it\u00e9<\/strong><\/td>\n<td>Joints de douche \u00e0 clipser<\/td>\n<\/tr>\n<tr>\n<td><strong>Type de porte de douche adapt\u00e9<\/strong><\/td>\n<td>\n<ul>\n<li>Porte de douche sans cadre \/ Porte de douche \u00e0 charni\u00e8re \/ Porte de douche pliante<\/li>\n<li><strong>Compatible avec l'\u00e9paisseur du verre :<\/strong> 8mm \/ 10mm \/ 12mm<\/li>\n<\/ul>\n<\/td>\n<\/tr>\n<tr>\n<td><strong>R\u00e9sistance du nettoyeur<\/strong><\/td>\n<td>Compatible avec les nettoyants courants pour salles de bains (tels que l'eau de Javel et l'alcool)<\/td>\n<\/tr>\n<tr>\n<td><strong>Achat en gros<\/strong><\/td>\n<td>\n<ul>\n<li><strong>MOQ :<\/strong> 500m<\/li>\n<li><strong>Services de personnalisation :<\/strong> Coupe \u00e0 longueur, impression de logos<\/li>\n<li><strong>Emballage :<\/strong> Carton kraft ou emballage personnalis\u00e9<\/li>\n<\/ul>\n<\/td>\n<\/tr>\n<tr>\n<td><strong>Garantie et service apr\u00e8s-vente<\/strong><\/td>\n<td>\n<ul>\n<li><strong>Support technique :<\/strong> R\u00e9ponse dans les 24 heures + Vid\u00e9o d'aide \u00e0 l'installation<\/li>\n<\/ul>\n<\/td>\n<\/tr>\n<\/tbody>\n<\/table>\n<p><!--more--><\/p>\n<p>Ce joint de porte de douche de haute qualit\u00e9 de type h est con\u00e7u pour s'adapter aux espaces entre deux panneaux de verre en ligne droite, avec une plage d'\u00e9tanch\u00e9it\u00e9 de 1 \u00e0 15 mm. Fabriqu\u00e9 en PVC durable, le joint est dot\u00e9 d'un clip dur et de bords souples, ce qui permet une installation facile et sans colle. Disponible en longueurs de 2,2 m\u00e8tres, ce produit est id\u00e9al pour les applications commerciales et r\u00e9sidentielles.<\/p>\n<p><em><strong>Caract\u00e9ristiques principales :<\/strong><\/em><\/p>\n<ul>\n<li><strong>Coupe polyvalente :<\/strong> Convient aux \u00e9paisseurs de verre de 8 mm, 10 mm et 12 mm.<\/li>\n<li><strong>Plage d'\u00e9tanch\u00e9it\u00e9 :<\/strong> Scelle efficacement les interstices de 1 \u00e0 15 mm de large.<\/li>\n<li><strong>Installation facile :<\/strong> Aucune colle n'est n\u00e9cessaire, gr\u00e2ce \u00e0 l'attache rigide et aux bords souples qui assurent une bonne tenue.<\/li>\n<li><strong>PVC durable Mat\u00e9riau :<\/strong> Offre des performances durables et une \u00e9tanch\u00e9it\u00e9 fiable.<\/li>\n<li><strong>Options de longueur :<\/strong> Vendu en bandes de 2,2 m\u00e8tres, id\u00e9al pour les grands projets.<\/li>\n<li><strong>Rentabilit\u00e9 :<\/strong> Le prix indiqu\u00e9 est celui de 2,2 m\u00e8tres, hors frais de port et taxes.<\/li>\n<\/ul>\n<p>&nbsp;<\/p>","protected":false},"excerpt":{"rendered":"<ul>\n<li>Joint de porte de douche de type h ;<\/li>\n<li>Fixe le verre de 8 mm ;<\/li>\n<li>Scelle les interstices entre 1 et 15 mm ;<\/li>\n<li>Convient pour l'espace entre deux morceaux de verre le long d'une ligne droite ;<\/li>\n<\/ul>","protected":false},"featured_media":1281,"template":"","meta":[],"product_brand":[],"product_cat":[49,45,37],"product_tag":[],"class_list":{"0":"post-1276","1":"product","2":"type-product","3":"status-publish","4":"has-post-thumbnail","6":"product_cat-in-stock-shower-seals","7":"product_cat-vertical-shower-door-seals","8":"product_cat-h-shower-door-seal","10":"first","11":"instock","12":"shipping-taxable","13":"purchasable","14":"product-type-variable"},"yoast_head":"<!-- This site is optimized with the Yoast SEO Premium plugin v23.4 (Yoast SEO v24.2) - https:\/\/yoast.com\/wordpress\/plugins\/seo\/ -->\n<title>h Type Shower Door Seal - For 8mm, 10mm, and 12mm Glass<\/title>\n<meta name=\"robots\" content=\"index, follow, max-snippet:-1, max-image-preview:large, max-video-preview:-1\" \/>\n<link rel=\"canonical\" href=\"https:\/\/shower-seals.com\/fr\/product\/h-type-shower-door-seal-for-8mm-10mm-and-12mm-glass\/\" \/>\n<meta property=\"og:locale\" content=\"fr_FR\" \/>\n<meta property=\"og:type\" content=\"article\" \/>\n<meta property=\"og:title\" content=\"h Type Shower Door Seal - For 8mm, 10mm, and 12mm Glass\" \/>\n<meta property=\"og:description\" content=\"h type shower door seal;  Clamps 8mm glass;  Seals gaps between 1-15mm;  Suitable for the gap between two pieces of glass along a straight line;\" \/>\n<meta property=\"og:url\" content=\"https:\/\/shower-seals.com\/fr\/product\/h-type-shower-door-seal-for-8mm-10mm-and-12mm-glass\/\" \/>\n<meta property=\"og:site_name\" content=\"shower-seals.com\" \/>\n<meta property=\"article:modified_time\" content=\"2025-03-07T08:29:48+00:00\" \/>\n<meta property=\"og:image\" content=\"https:\/\/shower-seals.com\/wp-content\/uploads\/2025\/02\/h-type-shower-door-seal.jpg\" \/>\n\t<meta property=\"og:image:width\" content=\"497\" \/>\n\t<meta property=\"og:image:height\" content=\"492\" \/>\n\t<meta property=\"og:image:type\" content=\"image\/jpeg\" \/>\n<meta name=\"twitter:card\" content=\"summary_large_image\" \/>\n<meta name=\"twitter:label1\" content=\"Disponibilit\u00e9\" \/>\n\t<meta name=\"twitter:data1\" content=\"En stock\" \/>\n<script type=\"application\/ld+json\" class=\"yoast-schema-graph\">{\"@context\":\"https:\/\/schema.org\",\"@graph\":[{\"@type\":\"WebPage\",\"@id\":\"https:\/\/shower-seals.com\/product\/h-type-shower-door-seal-for-8mm-10mm-and-12mm-glass\/\",\"url\":\"https:\/\/shower-seals.com\/product\/h-type-shower-door-seal-for-8mm-10mm-and-12mm-glass\/\",\"name\":\"h Type Shower Door Seal - For 8mm, 10mm, and 12mm Glass\",\"isPartOf\":{\"@id\":\"https:\/\/shower-seals.com\/#website\"},\"primaryImageOfPage\":{\"@id\":\"https:\/\/shower-seals.com\/product\/h-type-shower-door-seal-for-8mm-10mm-and-12mm-glass\/#primaryimage\"},\"image\":{\"@id\":\"https:\/\/shower-seals.com\/product\/h-type-shower-door-seal-for-8mm-10mm-and-12mm-glass\/#primaryimage\"},\"thumbnailUrl\":\"https:\/\/shower-seals.com\/wp-content\/uploads\/2025\/02\/h-type-shower-door-seal.jpg\",\"datePublished\":\"2025-02-10T14:34:50+00:00\",\"dateModified\":\"2025-03-07T08:29:48+00:00\",\"breadcrumb\":{\"@id\":\"https:\/\/shower-seals.com\/product\/h-type-shower-door-seal-for-8mm-10mm-and-12mm-glass\/#breadcrumb\"},\"inLanguage\":\"fr-FR\",\"potentialAction\":[{\"@type\":\"ReadAction\",\"target\":[\"https:\/\/shower-seals.com\/product\/h-type-shower-door-seal-for-8mm-10mm-and-12mm-glass\/\"]}]},{\"@type\":\"ImageObject\",\"inLanguage\":\"fr-FR\",\"@id\":\"https:\/\/shower-seals.com\/product\/h-type-shower-door-seal-for-8mm-10mm-and-12mm-glass\/#primaryimage\",\"url\":\"https:\/\/shower-seals.com\/wp-content\/uploads\/2025\/02\/h-type-shower-door-seal.jpg\",\"contentUrl\":\"https:\/\/shower-seals.com\/wp-content\/uploads\/2025\/02\/h-type-shower-door-seal.jpg\",\"width\":497,\"height\":492,\"caption\":\"h type shower door seal\"},{\"@type\":\"BreadcrumbList\",\"@id\":\"https:\/\/shower-seals.com\/product\/h-type-shower-door-seal-for-8mm-10mm-and-12mm-glass\/#breadcrumb\",\"itemListElement\":[{\"@type\":\"ListItem\",\"position\":1,\"name\":\"Home\",\"item\":\"https:\/\/shower-seals.com\/\"},{\"@type\":\"ListItem\",\"position\":2,\"name\":\"Wholesale Glass Shower Door Seals\",\"item\":\"https:\/\/shower-seals.com\/shower-seals\/\"},{\"@type\":\"ListItem\",\"position\":3,\"name\":\"h Type Shower Door Seal &#8211; For 8mm, 10mm, and 12mm Glass\"}]},{\"@type\":\"WebSite\",\"@id\":\"https:\/\/shower-seals.com\/#website\",\"url\":\"https:\/\/shower-seals.com\/\",\"name\":\"shower-seals.com\",\"description\":\"Shower Seals | Shower Screen Seals | Shower Door Seals\",\"publisher\":{\"@id\":\"https:\/\/shower-seals.com\/#organization\"},\"potentialAction\":[{\"@type\":\"SearchAction\",\"target\":{\"@type\":\"EntryPoint\",\"urlTemplate\":\"https:\/\/shower-seals.com\/?s={search_term_string}\"},\"query-input\":{\"@type\":\"PropertyValueSpecification\",\"valueRequired\":true,\"valueName\":\"search_term_string\"}}],\"inLanguage\":\"fr-FR\"},{\"@type\":\"Organization\",\"@id\":\"https:\/\/shower-seals.com\/#organization\",\"name\":\"shower-seals.com\",\"url\":\"https:\/\/shower-seals.com\/\",\"logo\":{\"@type\":\"ImageObject\",\"inLanguage\":\"fr-FR\",\"@id\":\"https:\/\/shower-seals.com\/#\/schema\/logo\/image\/\",\"url\":\"https:\/\/shower-seals.com\/wp-content\/uploads\/2024\/12\/Shower-seals-Logo.png\",\"contentUrl\":\"https:\/\/shower-seals.com\/wp-content\/uploads\/2024\/12\/Shower-seals-Logo.png\",\"width\":350,\"height\":100,\"caption\":\"shower-seals.com\"},\"image\":{\"@id\":\"https:\/\/shower-seals.com\/#\/schema\/logo\/image\/\"}}]}<\/script>\n<meta property=\"og:availability\" content=\"instock\" \/>\n<meta property=\"product:availability\" content=\"instock\" \/>\n<meta property=\"product:condition\" content=\"new\" \/>\n<!-- \/ Yoast SEO Premium plugin. -->","yoast_head_json":{"title":"Joint de porte de douche de type h - pour verre de 8 mm, 10 mm et 12 mm","robots":{"index":"index","follow":"follow","max-snippet":"max-snippet:-1","max-image-preview":"max-image-preview:large","max-video-preview":"max-video-preview:-1"},"canonical":"https:\/\/shower-seals.com\/fr\/product\/h-type-shower-door-seal-for-8mm-10mm-and-12mm-glass\/","og_locale":"fr_FR","og_type":"article","og_title":"h Type Shower Door Seal - For 8mm, 10mm, and 12mm Glass","og_description":"h type shower door seal;  Clamps 8mm glass;  Seals gaps between 1-15mm;  Suitable for the gap between two pieces of glass along a straight line;","og_url":"https:\/\/shower-seals.com\/fr\/product\/h-type-shower-door-seal-for-8mm-10mm-and-12mm-glass\/","og_site_name":"shower-seals.com","article_modified_time":"2025-03-07T08:29:48+00:00","og_image":[{"width":497,"height":492,"url":"https:\/\/shower-seals.com\/wp-content\/uploads\/2025\/02\/h-type-shower-door-seal.jpg","type":"image\/jpeg"}],"twitter_card":"summary_large_image","twitter_misc":{"Disponibilit\u00e9":"En stock"},"schema":{"@context":"https:\/\/schema.org","@graph":[{"@type":"WebPage","@id":"https:\/\/shower-seals.com\/product\/h-type-shower-door-seal-for-8mm-10mm-and-12mm-glass\/","url":"https:\/\/shower-seals.com\/product\/h-type-shower-door-seal-for-8mm-10mm-and-12mm-glass\/","name":"Joint de porte de douche de type h - pour verre de 8 mm, 10 mm et 12 mm","isPartOf":{"@id":"https:\/\/shower-seals.com\/#website"},"primaryImageOfPage":{"@id":"https:\/\/shower-seals.com\/product\/h-type-shower-door-seal-for-8mm-10mm-and-12mm-glass\/#primaryimage"},"image":{"@id":"https:\/\/shower-seals.com\/product\/h-type-shower-door-seal-for-8mm-10mm-and-12mm-glass\/#primaryimage"},"thumbnailUrl":"https:\/\/shower-seals.com\/wp-content\/uploads\/2025\/02\/h-type-shower-door-seal.jpg","datePublished":"2025-02-10T14:34:50+00:00","dateModified":"2025-03-07T08:29:48+00:00","breadcrumb":{"@id":"https:\/\/shower-seals.com\/product\/h-type-shower-door-seal-for-8mm-10mm-and-12mm-glass\/#breadcrumb"},"inLanguage":"fr-FR","potentialAction":[{"@type":"ReadAction","target":["https:\/\/shower-seals.com\/product\/h-type-shower-door-seal-for-8mm-10mm-and-12mm-glass\/"]}]},{"@type":"ImageObject","inLanguage":"fr-FR","@id":"https:\/\/shower-seals.com\/product\/h-type-shower-door-seal-for-8mm-10mm-and-12mm-glass\/#primaryimage","url":"https:\/\/shower-seals.com\/wp-content\/uploads\/2025\/02\/h-type-shower-door-seal.jpg","contentUrl":"https:\/\/shower-seals.com\/wp-content\/uploads\/2025\/02\/h-type-shower-door-seal.jpg","width":497,"height":492,"caption":"h type shower door seal"},{"@type":"BreadcrumbList","@id":"https:\/\/shower-seals.com\/product\/h-type-shower-door-seal-for-8mm-10mm-and-12mm-glass\/#breadcrumb","itemListElement":[{"@type":"ListItem","position":1,"name":"Home","item":"https:\/\/shower-seals.com\/"},{"@type":"ListItem","position":2,"name":"Wholesale Glass Shower Door Seals","item":"https:\/\/shower-seals.com\/shower-seals\/"},{"@type":"ListItem","position":3,"name":"h Type Shower Door Seal &#8211; For 8mm, 10mm, and 12mm Glass"}]},{"@type":"WebSite","@id":"https:\/\/shower-seals.com\/#website","url":"https:\/\/shower-seals.com\/","name":"joints de douche.com","description":"Joints de douche | Joints de paroi de douche | Joints de porte de douche","publisher":{"@id":"https:\/\/shower-seals.com\/#organization"},"potentialAction":[{"@type":"SearchAction","target":{"@type":"EntryPoint","urlTemplate":"https:\/\/shower-seals.com\/?s={search_term_string}"},"query-input":{"@type":"PropertyValueSpecification","valueRequired":true,"valueName":"search_term_string"}}],"inLanguage":"fr-FR"},{"@type":"Organization","@id":"https:\/\/shower-seals.com\/#organization","name":"joints de douche.com","url":"https:\/\/shower-seals.com\/","logo":{"@type":"ImageObject","inLanguage":"fr-FR","@id":"https:\/\/shower-seals.com\/#\/schema\/logo\/image\/","url":"https:\/\/shower-seals.com\/wp-content\/uploads\/2024\/12\/Shower-seals-Logo.png","contentUrl":"https:\/\/shower-seals.com\/wp-content\/uploads\/2024\/12\/Shower-seals-Logo.png","width":350,"height":100,"caption":"shower-seals.com"},"image":{"@id":"https:\/\/shower-seals.com\/#\/schema\/logo\/image\/"}}]},"og_availability":"instock","product_availability":"instock","product_condition":"new"},"tiered_pricing_type":"fixed","tiered_pricing_fixed_rules":{"50":"2.61","100":"2.41"},"tiered_pricing_product_settings":{"layout":"default","base_unit_name":{"singular":null,"plural":null},"default_variation":null},"tiered_pricing_minimum_quantity":20,"tiered_pricing_roles_data":[],"tiered_pricing_percentage_rules":[],"tiered_pricing_maximum_quantity":null,"tiered_pricing_quantity_step":null,"_links":{"self":[{"href":"https:\/\/shower-seals.com\/fr\/wp-json\/wp\/v2\/product\/1276","targetHints":{"allow":["GET"]}}],"collection":[{"href":"https:\/\/shower-seals.com\/fr\/wp-json\/wp\/v2\/product"}],"about":[{"href":"https:\/\/shower-seals.com\/fr\/wp-json\/wp\/v2\/types\/product"}],"wp:featuredmedia":[{"embeddable":true,"href":"https:\/\/shower-seals.com\/fr\/wp-json\/wp\/v2\/media\/1281"}],"wp:attachment":[{"href":"https:\/\/shower-seals.com\/fr\/wp-json\/wp\/v2\/media?parent=1276"}],"wp:term":[{"taxonomy":"product_brand","embeddable":true,"href":"https:\/\/shower-seals.com\/fr\/wp-json\/wp\/v2\/product_brand?post=1276"},{"taxonomy":"product_cat","embeddable":true,"href":"https:\/\/shower-seals.com\/fr\/wp-json\/wp\/v2\/product_cat?post=1276"},{"taxonomy":"product_tag","embeddable":true,"href":"https:\/\/shower-seals.com\/fr\/wp-json\/wp\/v2\/product_tag?post=1276"}],"curies":[{"name":"wp","href":"https:\/\/api.w.org\/{rel}","templated":true}]}}