{"id":1251,"date":"2025-02-01T06:33:19","date_gmt":"2025-02-01T06:33:19","guid":{"rendered":"https:\/\/shower-seals.com\/?post_type=product&#038;p=1251"},"modified":"2025-02-12T04:01:12","modified_gmt":"2025-02-12T04:01:12","slug":"135-degree-shower-door-seal-black-seal-strip","status":"publish","type":"product","link":"https:\/\/shower-seals.com\/fr\/product\/135-degree-shower-door-seal-black-seal-strip\/","title":{"rendered":"Joint de porte de douche 135 degr\u00e9s - Bande d'\u00e9tanch\u00e9it\u00e9 noire"},"content":{"rendered":"<p>Am\u00e9liorez l'installation de votre porte de douche en verre avec notre bande d'\u00e9tanch\u00e9it\u00e9 en PVC noir de premi\u00e8re qualit\u00e9, con\u00e7ue pour un ajustement parfait \u00e0 135\u00b0 entre les panneaux de verre. Disponible en 6 mm, 8 mm, 10 mm et 12 mm pour s'adapter aux diff\u00e9rentes \u00e9paisseurs de verre, chaque bande de 2,2 m garantit un joint s\u00fbr et sans fuite. Avec des rainures antid\u00e9rapantes int\u00e9gr\u00e9es, cette bande d'\u00e9tanch\u00e9it\u00e9 offre une stabilit\u00e9 et une durabilit\u00e9 sup\u00e9rieures. Elle est certifi\u00e9e par SGS et RoHS pour l'assurance qualit\u00e9.<\/p>\n<p><em><strong>Caract\u00e9ristiques principales :\u00a0<\/strong><\/em><\/p>\n<ul>\n<li><strong>Mat\u00e9riau de haute qualit\u00e9 :<\/strong> Fabriqu\u00e9 en PVC noir durable pour une performance de longue dur\u00e9e.<\/li>\n<li><strong>Plusieurs sp\u00e9cifications :<\/strong> Disponible en 6 mm, 8 mm, 10 mm et 12 mm pour s'adapter aux diff\u00e9rentes \u00e9paisseurs de verre.<\/li>\n<li><strong>Un ajustement parfait :<\/strong> Sp\u00e9cialement con\u00e7u pour l'espace d'environ 135\u00b0 entre les panneaux de verre des portes de douche.<\/li>\n<li><strong>Stabilit\u00e9 accrue :<\/strong> Des rainures antid\u00e9rapantes int\u00e9gr\u00e9es assurent une bonne prise sur les surfaces vitr\u00e9es.<\/li>\n<li><strong>Installation facile :<\/strong> Il suffit de mesurer, de d\u00e9couper et de presser dans le verre ; suivez nos instructions \u00e9tape par \u00e9tape pour obtenir un joint sans plis ni bulles.<\/li>\n<li><strong>Qualit\u00e9 certifi\u00e9e :<\/strong> Conforme aux normes SGS et RoHS.<\/li>\n<li><strong>Achat en gros :<\/strong> Quantit\u00e9 minimale de commande de 500 m\u00e8tres.<\/li>\n<\/ul>\n<p><em><strong>Aper\u00e7u de l'installation :<\/strong><\/em><\/p>\n<ol>\n<li>V\u00e9rifiez que l'\u00e9paisseur du verre correspond aux sp\u00e9cifications de la rainure de la bande d'\u00e9tanch\u00e9it\u00e9 (mesurez l'\u00e9paisseur r\u00e9elle du verre, et non le bord chanfrein\u00e9).<\/li>\n<li>Coupez la bande de 2,2 m \u00e0 la longueur voulue.<\/li>\n<li>Appuyez fermement sur la rainure int\u00e9gr\u00e9e dans le panneau de verre.<\/li>\n<li>V\u00e9rifier qu'il n'y a pas de plis ou de bulles pour assurer une bonne \u00e9tanch\u00e9it\u00e9.<\/li>\n<li>V\u00e9rifiez que la zone d'installation ne pr\u00e9sente pas de fuites d'eau potentielles.<\/li>\n<li>Entretenez-le r\u00e9guli\u00e8rement avec de l'eau chaude et un d\u00e9tergent doux pour prolonger la dur\u00e9e de vie du joint.<\/li>\n<\/ol>","protected":false},"excerpt":{"rendered":"<ul>\n<li>Joint de porte de douche \u00e0 135 degr\u00e9s ;<\/li>\n<li>Noir ;<\/li>\n<li>Pour des \u00e9paisseurs de verre de 6 mm, 8 mm, 10 mm et 12 mm ;<\/li>\n<li>La longueur en gros de chaque bande d'\u00e9tanch\u00e9it\u00e9 est de 2,2 m\u00e8tres ;<\/li>\n<li>Mati\u00e8re PVC<\/li>\n<li>MOQ 500 m\u00e8tres ;<\/li>\n<\/ul>","protected":false},"featured_media":507,"template":"","meta":[],"product_brand":[],"product_cat":[34],"product_tag":[],"class_list":{"0":"post-1251","1":"product","2":"type-product","3":"status-publish","4":"has-post-thumbnail","6":"product_cat-black-shower-door-seals","8":"first","9":"instock","10":"shipping-taxable","11":"product-type-simple"},"yoast_head":"<!-- This site is optimized with the Yoast SEO Premium plugin v23.4 (Yoast SEO v24.2) - https:\/\/yoast.com\/wordpress\/plugins\/seo\/ -->\n<title>135 Degree Shower Door Seal - Black Seal Strip<\/title>\n<meta name=\"description\" content=\"Enhance your glass shower door installation with our premium Black PVC Seal Strip, designed for a perfect 135\u00b0 gap fit between glass panels.\" \/>\n<meta name=\"robots\" content=\"index, follow, max-snippet:-1, max-image-preview:large, max-video-preview:-1\" \/>\n<link rel=\"canonical\" href=\"https:\/\/shower-seals.com\/fr\/product\/135-degree-shower-door-seal-black-seal-strip\/\" \/>\n<meta property=\"og:locale\" content=\"fr_FR\" \/>\n<meta property=\"og:type\" content=\"article\" \/>\n<meta property=\"og:title\" content=\"135 Degree Shower Door Seal - Black Seal Strip\" \/>\n<meta property=\"og:description\" content=\"Enhance your glass shower door installation with our premium Black PVC Seal Strip, designed for a perfect 135\u00b0 gap fit between glass panels.\" \/>\n<meta property=\"og:url\" content=\"https:\/\/shower-seals.com\/fr\/product\/135-degree-shower-door-seal-black-seal-strip\/\" \/>\n<meta property=\"og:site_name\" content=\"shower-seals.com\" \/>\n<meta property=\"article:modified_time\" content=\"2025-02-12T04:01:12+00:00\" \/>\n<meta property=\"og:image\" content=\"https:\/\/shower-seals.com\/wp-content\/uploads\/2024\/12\/135-degree-black-u-shower-seals-B005-BK.jpg\" \/>\n\t<meta property=\"og:image:width\" content=\"380\" \/>\n\t<meta property=\"og:image:height\" content=\"396\" \/>\n\t<meta property=\"og:image:type\" content=\"image\/jpeg\" \/>\n<meta name=\"twitter:card\" content=\"summary_large_image\" \/>\n<meta name=\"twitter:label1\" content=\"Prix\" \/>\n\t<meta name=\"twitter:data1\" content=\"\" \/>\n\t<meta name=\"twitter:label2\" content=\"Disponibilit\u00e9\" \/>\n\t<meta name=\"twitter:data2\" content=\"En stock\" \/>\n<script type=\"application\/ld+json\" class=\"yoast-schema-graph\">{\"@context\":\"https:\/\/schema.org\",\"@graph\":[{\"@type\":\"WebPage\",\"@id\":\"https:\/\/shower-seals.com\/product\/135-degree-shower-door-seal-black-seal-strip\/\",\"url\":\"https:\/\/shower-seals.com\/product\/135-degree-shower-door-seal-black-seal-strip\/\",\"name\":\"135 Degree Shower Door Seal - Black Seal Strip\",\"isPartOf\":{\"@id\":\"https:\/\/shower-seals.com\/#website\"},\"primaryImageOfPage\":{\"@id\":\"https:\/\/shower-seals.com\/product\/135-degree-shower-door-seal-black-seal-strip\/#primaryimage\"},\"image\":{\"@id\":\"https:\/\/shower-seals.com\/product\/135-degree-shower-door-seal-black-seal-strip\/#primaryimage\"},\"thumbnailUrl\":\"https:\/\/shower-seals.com\/wp-content\/uploads\/2024\/12\/135-degree-black-u-shower-seals-B005-BK.jpg\",\"datePublished\":\"2025-02-01T06:33:19+00:00\",\"dateModified\":\"2025-02-12T04:01:12+00:00\",\"description\":\"Enhance your glass shower door installation with our premium Black PVC Seal Strip, designed for a perfect 135\u00b0 gap fit between glass panels.\",\"breadcrumb\":{\"@id\":\"https:\/\/shower-seals.com\/product\/135-degree-shower-door-seal-black-seal-strip\/#breadcrumb\"},\"inLanguage\":\"fr-FR\",\"potentialAction\":[{\"@type\":\"ReadAction\",\"target\":[\"https:\/\/shower-seals.com\/product\/135-degree-shower-door-seal-black-seal-strip\/\"]}]},{\"@type\":\"ImageObject\",\"inLanguage\":\"fr-FR\",\"@id\":\"https:\/\/shower-seals.com\/product\/135-degree-shower-door-seal-black-seal-strip\/#primaryimage\",\"url\":\"https:\/\/shower-seals.com\/wp-content\/uploads\/2024\/12\/135-degree-black-u-shower-seals-B005-BK.jpg\",\"contentUrl\":\"https:\/\/shower-seals.com\/wp-content\/uploads\/2024\/12\/135-degree-black-u-shower-seals-B005-BK.jpg\",\"width\":380,\"height\":396,\"caption\":\"135 degree black u shower seals B005-BK\"},{\"@type\":\"BreadcrumbList\",\"@id\":\"https:\/\/shower-seals.com\/product\/135-degree-shower-door-seal-black-seal-strip\/#breadcrumb\",\"itemListElement\":[{\"@type\":\"ListItem\",\"position\":1,\"name\":\"Home\",\"item\":\"https:\/\/shower-seals.com\/\"},{\"@type\":\"ListItem\",\"position\":2,\"name\":\"Wholesale Glass Shower Door Seals\",\"item\":\"https:\/\/shower-seals.com\/shower-seals\/\"},{\"@type\":\"ListItem\",\"position\":3,\"name\":\"135 Degree Shower Door Seal &#8211; Black Seal Strip\"}]},{\"@type\":\"WebSite\",\"@id\":\"https:\/\/shower-seals.com\/#website\",\"url\":\"https:\/\/shower-seals.com\/\",\"name\":\"shower-seals.com\",\"description\":\"Shower Seals | Shower Screen Seals | Shower Door Seals\",\"publisher\":{\"@id\":\"https:\/\/shower-seals.com\/#organization\"},\"potentialAction\":[{\"@type\":\"SearchAction\",\"target\":{\"@type\":\"EntryPoint\",\"urlTemplate\":\"https:\/\/shower-seals.com\/?s={search_term_string}\"},\"query-input\":{\"@type\":\"PropertyValueSpecification\",\"valueRequired\":true,\"valueName\":\"search_term_string\"}}],\"inLanguage\":\"fr-FR\"},{\"@type\":\"Organization\",\"@id\":\"https:\/\/shower-seals.com\/#organization\",\"name\":\"shower-seals.com\",\"url\":\"https:\/\/shower-seals.com\/\",\"logo\":{\"@type\":\"ImageObject\",\"inLanguage\":\"fr-FR\",\"@id\":\"https:\/\/shower-seals.com\/#\/schema\/logo\/image\/\",\"url\":\"https:\/\/shower-seals.com\/wp-content\/uploads\/2024\/12\/Shower-seals-Logo.png\",\"contentUrl\":\"https:\/\/shower-seals.com\/wp-content\/uploads\/2024\/12\/Shower-seals-Logo.png\",\"width\":350,\"height\":100,\"caption\":\"shower-seals.com\"},\"image\":{\"@id\":\"https:\/\/shower-seals.com\/#\/schema\/logo\/image\/\"}}]}<\/script>\n<meta property=\"product:price:amount\" content=\"0.00\" \/>\n<meta property=\"product:price:currency\" content=\"USD\" \/>\n<meta property=\"og:availability\" content=\"instock\" \/>\n<meta property=\"product:availability\" content=\"instock\" \/>\n<meta property=\"product:condition\" content=\"new\" \/>\n<!-- \/ Yoast SEO Premium plugin. -->","yoast_head_json":{"title":"Joint de porte de douche 135 degr\u00e9s - Bande d'\u00e9tanch\u00e9it\u00e9 noire","description":"Am\u00e9liorez l'installation de votre porte de douche en verre avec notre bande d'\u00e9tanch\u00e9it\u00e9 en PVC noir de premi\u00e8re qualit\u00e9, con\u00e7ue pour un ajustement parfait \u00e0 135\u00b0 entre les panneaux de verre.","robots":{"index":"index","follow":"follow","max-snippet":"max-snippet:-1","max-image-preview":"max-image-preview:large","max-video-preview":"max-video-preview:-1"},"canonical":"https:\/\/shower-seals.com\/fr\/product\/135-degree-shower-door-seal-black-seal-strip\/","og_locale":"fr_FR","og_type":"article","og_title":"135 Degree Shower Door Seal - Black Seal Strip","og_description":"Enhance your glass shower door installation with our premium Black PVC Seal Strip, designed for a perfect 135\u00b0 gap fit between glass panels.","og_url":"https:\/\/shower-seals.com\/fr\/product\/135-degree-shower-door-seal-black-seal-strip\/","og_site_name":"shower-seals.com","article_modified_time":"2025-02-12T04:01:12+00:00","og_image":[{"width":380,"height":396,"url":"https:\/\/shower-seals.com\/wp-content\/uploads\/2024\/12\/135-degree-black-u-shower-seals-B005-BK.jpg","type":"image\/jpeg"}],"twitter_card":"summary_large_image","twitter_misc":{"Prix":"","Disponibilit\u00e9":"En stock"},"schema":{"@context":"https:\/\/schema.org","@graph":[{"@type":"WebPage","@id":"https:\/\/shower-seals.com\/product\/135-degree-shower-door-seal-black-seal-strip\/","url":"https:\/\/shower-seals.com\/product\/135-degree-shower-door-seal-black-seal-strip\/","name":"Joint de porte de douche 135 degr\u00e9s - Bande d'\u00e9tanch\u00e9it\u00e9 noire","isPartOf":{"@id":"https:\/\/shower-seals.com\/#website"},"primaryImageOfPage":{"@id":"https:\/\/shower-seals.com\/product\/135-degree-shower-door-seal-black-seal-strip\/#primaryimage"},"image":{"@id":"https:\/\/shower-seals.com\/product\/135-degree-shower-door-seal-black-seal-strip\/#primaryimage"},"thumbnailUrl":"https:\/\/shower-seals.com\/wp-content\/uploads\/2024\/12\/135-degree-black-u-shower-seals-B005-BK.jpg","datePublished":"2025-02-01T06:33:19+00:00","dateModified":"2025-02-12T04:01:12+00:00","description":"Am\u00e9liorez l'installation de votre porte de douche en verre avec notre bande d'\u00e9tanch\u00e9it\u00e9 en PVC noir de premi\u00e8re qualit\u00e9, con\u00e7ue pour un ajustement parfait \u00e0 135\u00b0 entre les panneaux de verre.","breadcrumb":{"@id":"https:\/\/shower-seals.com\/product\/135-degree-shower-door-seal-black-seal-strip\/#breadcrumb"},"inLanguage":"fr-FR","potentialAction":[{"@type":"ReadAction","target":["https:\/\/shower-seals.com\/product\/135-degree-shower-door-seal-black-seal-strip\/"]}]},{"@type":"ImageObject","inLanguage":"fr-FR","@id":"https:\/\/shower-seals.com\/product\/135-degree-shower-door-seal-black-seal-strip\/#primaryimage","url":"https:\/\/shower-seals.com\/wp-content\/uploads\/2024\/12\/135-degree-black-u-shower-seals-B005-BK.jpg","contentUrl":"https:\/\/shower-seals.com\/wp-content\/uploads\/2024\/12\/135-degree-black-u-shower-seals-B005-BK.jpg","width":380,"height":396,"caption":"135 degree black u shower seals B005-BK"},{"@type":"BreadcrumbList","@id":"https:\/\/shower-seals.com\/product\/135-degree-shower-door-seal-black-seal-strip\/#breadcrumb","itemListElement":[{"@type":"ListItem","position":1,"name":"Home","item":"https:\/\/shower-seals.com\/"},{"@type":"ListItem","position":2,"name":"Wholesale Glass Shower Door Seals","item":"https:\/\/shower-seals.com\/shower-seals\/"},{"@type":"ListItem","position":3,"name":"135 Degree Shower Door Seal &#8211; Black Seal Strip"}]},{"@type":"WebSite","@id":"https:\/\/shower-seals.com\/#website","url":"https:\/\/shower-seals.com\/","name":"joints de douche.com","description":"Joints de douche | Joints de paroi de douche | Joints de porte de douche","publisher":{"@id":"https:\/\/shower-seals.com\/#organization"},"potentialAction":[{"@type":"SearchAction","target":{"@type":"EntryPoint","urlTemplate":"https:\/\/shower-seals.com\/?s={search_term_string}"},"query-input":{"@type":"PropertyValueSpecification","valueRequired":true,"valueName":"search_term_string"}}],"inLanguage":"fr-FR"},{"@type":"Organization","@id":"https:\/\/shower-seals.com\/#organization","name":"joints de douche.com","url":"https:\/\/shower-seals.com\/","logo":{"@type":"ImageObject","inLanguage":"fr-FR","@id":"https:\/\/shower-seals.com\/#\/schema\/logo\/image\/","url":"https:\/\/shower-seals.com\/wp-content\/uploads\/2024\/12\/Shower-seals-Logo.png","contentUrl":"https:\/\/shower-seals.com\/wp-content\/uploads\/2024\/12\/Shower-seals-Logo.png","width":350,"height":100,"caption":"shower-seals.com"},"image":{"@id":"https:\/\/shower-seals.com\/#\/schema\/logo\/image\/"}}]},"product_price_amount":"0.00","product_price_currency":"USD","og_availability":"instock","product_availability":"instock","product_condition":"new"},"tiered_pricing_type":"fixed","tiered_pricing_fixed_rules":[],"tiered_pricing_product_settings":{"layout":"default","base_unit_name":{"singular":null,"plural":null},"default_variation":null},"tiered_pricing_minimum_quantity":500,"tiered_pricing_roles_data":[],"tiered_pricing_percentage_rules":[],"tiered_pricing_maximum_quantity":null,"tiered_pricing_quantity_step":null,"_links":{"self":[{"href":"https:\/\/shower-seals.com\/fr\/wp-json\/wp\/v2\/product\/1251","targetHints":{"allow":["GET"]}}],"collection":[{"href":"https:\/\/shower-seals.com\/fr\/wp-json\/wp\/v2\/product"}],"about":[{"href":"https:\/\/shower-seals.com\/fr\/wp-json\/wp\/v2\/types\/product"}],"wp:featuredmedia":[{"embeddable":true,"href":"https:\/\/shower-seals.com\/fr\/wp-json\/wp\/v2\/media\/507"}],"wp:attachment":[{"href":"https:\/\/shower-seals.com\/fr\/wp-json\/wp\/v2\/media?parent=1251"}],"wp:term":[{"taxonomy":"product_brand","embeddable":true,"href":"https:\/\/shower-seals.com\/fr\/wp-json\/wp\/v2\/product_brand?post=1251"},{"taxonomy":"product_cat","embeddable":true,"href":"https:\/\/shower-seals.com\/fr\/wp-json\/wp\/v2\/product_cat?post=1251"},{"taxonomy":"product_tag","embeddable":true,"href":"https:\/\/shower-seals.com\/fr\/wp-json\/wp\/v2\/product_tag?post=1251"}],"curies":[{"name":"wp","href":"https:\/\/api.w.org\/{rel}","templated":true}]}}