{"id":1355,"date":"2025-02-12T08:28:13","date_gmt":"2025-02-12T08:28:13","guid":{"rendered":"https:\/\/shower-seals.com\/?post_type=product&#038;p=1355"},"modified":"2025-03-07T09:01:05","modified_gmt":"2025-03-07T09:01:05","slug":"180-or-90-degree-magnetic-shower-door-seal-strip-black","status":"publish","type":"product","link":"https:\/\/shower-seals.com\/es\/product\/180-or-90-degree-magnetic-shower-door-seal-strip-black\/","title":{"rendered":"Burlete magn\u00e9tico de 180 \u00f3 90 grados para puertas de ducha - Negro"},"content":{"rendered":"<table style=\"width: 100%; border-collapse: collapse;\" border=\"1\" cellspacing=\"0\" cellpadding=\"8\">\n<tbody>\n<tr>\n<th style=\"text-align: left; background-color: #f2f2f2;\" colspan=\"2\">Especificaciones del producto<\/th>\n<\/tr>\n<tr>\n<td><strong>Material<\/strong><\/td>\n<td>PVC, TPE, PC, PMMA<\/td>\n<\/tr>\n<tr>\n<td><strong>Dimensiones y especificaciones<\/strong><\/td>\n<td>\n<ul>\n<li><strong>Tipo de juntas para puertas de ducha:<\/strong> Tira magn\u00e9tica de 90 o 180 para puertas de ducha<\/li>\n<li><strong>Ancho de la banda de sellado:<\/strong> 8 mm \/ 10 mm \/ 12 mm<\/li>\n<li><strong>Sella los huecos:<\/strong> No m\u00e1s de 22 mm<\/li>\n<\/ul>\n<\/td>\n<\/tr>\n<tr>\n<td><strong>Color<\/strong><\/td>\n<td>\n<ul>\n<li><strong>Color est\u00e1ndar:<\/strong> Transparente, Claro, Negro<\/li>\n<li><strong>Colores personalizados:<\/strong> Disponible<\/li>\n<\/ul>\n<\/td>\n<\/tr>\n<tr>\n<td><strong>M\u00e9todo de instalaci\u00f3n de la banda de sellado<\/strong><\/td>\n<td>Sellos de ducha con clip<\/td>\n<\/tr>\n<tr>\n<td><strong>Tipo de puerta de ducha adecuada<\/strong><\/td>\n<td>\n<ul>\n<li>Puerta de ducha sin marco \/ Puerta de ducha abatible \/ Puerta de ducha biplegable<\/li>\n<li><strong>Compatible con el grosor del cristal:<\/strong> 8 mm \/ 10 mm \/ 12 mm<\/li>\n<\/ul>\n<\/td>\n<\/tr>\n<tr>\n<td><strong>Resistencia m\u00e1s limpia<\/strong><\/td>\n<td>Compatible con los limpiadores de ba\u00f1o habituales (como lej\u00eda y alcohol)<\/td>\n<\/tr>\n<tr>\n<td><strong>Compra a granel<\/strong><\/td>\n<td>\n<ul>\n<li><strong>MOQ:<\/strong> 500m<\/li>\n<li><strong>Servicios de personalizaci\u00f3n:<\/strong> Corte a medida, impresi\u00f3n de logotipos<\/li>\n<li><strong>Embalaje:<\/strong> Cart\u00f3n kraft o embalaje personalizado<\/li>\n<\/ul>\n<\/td>\n<\/tr>\n<tr>\n<td><strong>Garant\u00eda y servicio posventa<\/strong><\/td>\n<td>\n<ul>\n<li><strong>Asistencia t\u00e9cnica:<\/strong> Respuesta en 24 horas + V\u00eddeo de instalaci\u00f3n<\/li>\n<\/ul>\n<\/td>\n<\/tr>\n<\/tbody>\n<\/table>\n<p>Mejore sus instalaciones de puertas de cristal con nuestra vers\u00e1til tira magn\u00e9tica de sellado de puertas de ducha, dise\u00f1ada para aberturas de 90\u00b0 y 180\u00b0. Vendida por pares, esta tira de sellado de primera calidad ofrece una fiable resistencia al agua y un aspecto elegante y moderno, a la vez que se adapta a una amplia gama de grosores de cristal.<\/p>\n<p><em><strong>Caracter\u00edsticas principales:<\/strong><\/em><\/p>\n<ul>\n<li>Doble aplicaci\u00f3n: Dise\u00f1ado para su uso con puertas de cristal de 90\u00b0 y 180\u00b0.<\/li>\n<li>Cobertura completa: Se venden por pares para un sellado equilibrado y eficaz en ambos lados.<\/li>\n<li>Compatibilidad universal con vidrio: Apto para cristal de 6 mm, 8 mm, 10 mm y 12 mm de grosor.<\/li>\n<li>Construcci\u00f3n de PVC de primera calidad: Presenta un clip duro para un anclaje seguro y bordes suaves para una instalaci\u00f3n impecable y sin pegamento.<\/li>\n<li>Tama\u00f1o personalizado: Para dimensiones espec\u00edficas, p\u00f3ngase en contacto con nuestro equipo de atenci\u00f3n al cliente.<\/li>\n<\/ul>","protected":false},"excerpt":{"rendered":"<ul>\n<li>Burlete magn\u00e9tico de 180 \u00f3 90 grados para puertas de ducha - Negro<\/li>\n<li>Dise\u00f1ado para su uso con puertas de cristal de 90\u00b0 y 180\u00b0.<\/li>\n<li>Adecuado para vidrio de 6 mm, 8 mm, 10 mm y 12 mm de grosor.<\/li>\n<\/ul>","protected":false},"featured_media":521,"template":"","meta":[],"product_brand":[],"product_cat":[45,34,38],"product_tag":[],"class_list":{"0":"post-1355","1":"product","2":"type-product","3":"status-publish","4":"has-post-thumbnail","6":"product_cat-vertical-shower-door-seals","7":"product_cat-black-shower-door-seals","8":"product_cat-magnetic-shower-door-seal","10":"first","11":"instock","12":"shipping-taxable","13":"product-type-simple"},"yoast_head":"<!-- This site is optimized with the Yoast SEO Premium plugin v23.4 (Yoast SEO v24.2) - https:\/\/yoast.com\/wordpress\/plugins\/seo\/ -->\n<title>180 or 90 Degree Magnetic Shower Door Seal\u200b Strip - Black<\/title>\n<meta name=\"robots\" content=\"index, follow, max-snippet:-1, max-image-preview:large, max-video-preview:-1\" \/>\n<link rel=\"canonical\" href=\"https:\/\/shower-seals.com\/es\/product\/180-or-90-degree-magnetic-shower-door-seal-strip-black\/\" \/>\n<meta property=\"og:locale\" content=\"es_ES\" \/>\n<meta property=\"og:type\" content=\"article\" \/>\n<meta property=\"og:title\" content=\"180 or 90 Degree Magnetic Shower Door Seal\u200b Strip - Black\" \/>\n<meta property=\"og:description\" content=\"180 or 90 Degree Magnetic Shower Door Seal\u200b Strip - Black  Engineered for use with both 90\u00b0 and 180\u00b0 glass doors.  Suitable for 6mm, 8mm, 10mm, and 12mm thick glass.\" \/>\n<meta property=\"og:url\" content=\"https:\/\/shower-seals.com\/es\/product\/180-or-90-degree-magnetic-shower-door-seal-strip-black\/\" \/>\n<meta property=\"og:site_name\" content=\"shower-seals.com\" \/>\n<meta property=\"article:modified_time\" content=\"2025-03-07T09:01:05+00:00\" \/>\n<meta property=\"og:image\" content=\"https:\/\/shower-seals.com\/wp-content\/uploads\/2024\/12\/black-magnetic-shower-door-seal.jpg\" \/>\n\t<meta property=\"og:image:width\" content=\"382\" \/>\n\t<meta property=\"og:image:height\" content=\"397\" \/>\n\t<meta property=\"og:image:type\" content=\"image\/jpeg\" \/>\n<meta name=\"twitter:card\" content=\"summary_large_image\" \/>\n<meta name=\"twitter:label1\" content=\"Precio\" \/>\n\t<meta name=\"twitter:data1\" content=\"\" \/>\n\t<meta name=\"twitter:label2\" content=\"Disponibilidad\" \/>\n\t<meta name=\"twitter:data2\" content=\"Disponible\" \/>\n<script type=\"application\/ld+json\" class=\"yoast-schema-graph\">{\"@context\":\"https:\/\/schema.org\",\"@graph\":[{\"@type\":\"WebPage\",\"@id\":\"https:\/\/shower-seals.com\/product\/180-or-90-degree-magnetic-shower-door-seal-strip-black\/\",\"url\":\"https:\/\/shower-seals.com\/product\/180-or-90-degree-magnetic-shower-door-seal-strip-black\/\",\"name\":\"180 or 90 Degree Magnetic Shower Door Seal\u200b Strip - Black\",\"isPartOf\":{\"@id\":\"https:\/\/shower-seals.com\/#website\"},\"primaryImageOfPage\":{\"@id\":\"https:\/\/shower-seals.com\/product\/180-or-90-degree-magnetic-shower-door-seal-strip-black\/#primaryimage\"},\"image\":{\"@id\":\"https:\/\/shower-seals.com\/product\/180-or-90-degree-magnetic-shower-door-seal-strip-black\/#primaryimage\"},\"thumbnailUrl\":\"https:\/\/shower-seals.com\/wp-content\/uploads\/2024\/12\/black-magnetic-shower-door-seal.jpg\",\"datePublished\":\"2025-02-12T08:28:13+00:00\",\"dateModified\":\"2025-03-07T09:01:05+00:00\",\"breadcrumb\":{\"@id\":\"https:\/\/shower-seals.com\/product\/180-or-90-degree-magnetic-shower-door-seal-strip-black\/#breadcrumb\"},\"inLanguage\":\"es\",\"potentialAction\":[{\"@type\":\"ReadAction\",\"target\":[\"https:\/\/shower-seals.com\/product\/180-or-90-degree-magnetic-shower-door-seal-strip-black\/\"]}]},{\"@type\":\"ImageObject\",\"inLanguage\":\"es\",\"@id\":\"https:\/\/shower-seals.com\/product\/180-or-90-degree-magnetic-shower-door-seal-strip-black\/#primaryimage\",\"url\":\"https:\/\/shower-seals.com\/wp-content\/uploads\/2024\/12\/black-magnetic-shower-door-seal.jpg\",\"contentUrl\":\"https:\/\/shower-seals.com\/wp-content\/uploads\/2024\/12\/black-magnetic-shower-door-seal.jpg\",\"width\":382,\"height\":397,\"caption\":\"black magnetic shower door seal\"},{\"@type\":\"BreadcrumbList\",\"@id\":\"https:\/\/shower-seals.com\/product\/180-or-90-degree-magnetic-shower-door-seal-strip-black\/#breadcrumb\",\"itemListElement\":[{\"@type\":\"ListItem\",\"position\":1,\"name\":\"Home\",\"item\":\"https:\/\/shower-seals.com\/\"},{\"@type\":\"ListItem\",\"position\":2,\"name\":\"Wholesale Glass Shower Door Seals\",\"item\":\"https:\/\/shower-seals.com\/shower-seals\/\"},{\"@type\":\"ListItem\",\"position\":3,\"name\":\"180 or 90 Degree Magnetic Shower Door Seal\u200b Strip &#8211; Black\"}]},{\"@type\":\"WebSite\",\"@id\":\"https:\/\/shower-seals.com\/#website\",\"url\":\"https:\/\/shower-seals.com\/\",\"name\":\"shower-seals.com\",\"description\":\"Shower Seals | Shower Screen Seals | Shower Door Seals\",\"publisher\":{\"@id\":\"https:\/\/shower-seals.com\/#organization\"},\"potentialAction\":[{\"@type\":\"SearchAction\",\"target\":{\"@type\":\"EntryPoint\",\"urlTemplate\":\"https:\/\/shower-seals.com\/?s={search_term_string}\"},\"query-input\":{\"@type\":\"PropertyValueSpecification\",\"valueRequired\":true,\"valueName\":\"search_term_string\"}}],\"inLanguage\":\"es\"},{\"@type\":\"Organization\",\"@id\":\"https:\/\/shower-seals.com\/#organization\",\"name\":\"shower-seals.com\",\"url\":\"https:\/\/shower-seals.com\/\",\"logo\":{\"@type\":\"ImageObject\",\"inLanguage\":\"es\",\"@id\":\"https:\/\/shower-seals.com\/#\/schema\/logo\/image\/\",\"url\":\"https:\/\/shower-seals.com\/wp-content\/uploads\/2024\/12\/Shower-seals-Logo.png\",\"contentUrl\":\"https:\/\/shower-seals.com\/wp-content\/uploads\/2024\/12\/Shower-seals-Logo.png\",\"width\":350,\"height\":100,\"caption\":\"shower-seals.com\"},\"image\":{\"@id\":\"https:\/\/shower-seals.com\/#\/schema\/logo\/image\/\"}}]}<\/script>\n<meta property=\"product:price:amount\" content=\"0.00\" \/>\n<meta property=\"product:price:currency\" content=\"USD\" \/>\n<meta property=\"og:availability\" content=\"instock\" \/>\n<meta property=\"product:availability\" content=\"instock\" \/>\n<meta property=\"product:condition\" content=\"new\" \/>\n<!-- \/ Yoast SEO Premium plugin. -->","yoast_head_json":{"title":"Burlete magn\u00e9tico de 180 \u00f3 90 grados para puertas de ducha - Negro","robots":{"index":"index","follow":"follow","max-snippet":"max-snippet:-1","max-image-preview":"max-image-preview:large","max-video-preview":"max-video-preview:-1"},"canonical":"https:\/\/shower-seals.com\/es\/product\/180-or-90-degree-magnetic-shower-door-seal-strip-black\/","og_locale":"es_ES","og_type":"article","og_title":"180 or 90 Degree Magnetic Shower Door Seal\u200b Strip - Black","og_description":"180 or 90 Degree Magnetic Shower Door Seal\u200b Strip - Black  Engineered for use with both 90\u00b0 and 180\u00b0 glass doors.  Suitable for 6mm, 8mm, 10mm, and 12mm thick glass.","og_url":"https:\/\/shower-seals.com\/es\/product\/180-or-90-degree-magnetic-shower-door-seal-strip-black\/","og_site_name":"shower-seals.com","article_modified_time":"2025-03-07T09:01:05+00:00","og_image":[{"width":382,"height":397,"url":"https:\/\/shower-seals.com\/wp-content\/uploads\/2024\/12\/black-magnetic-shower-door-seal.jpg","type":"image\/jpeg"}],"twitter_card":"summary_large_image","twitter_misc":{"Precio":"","Disponibilidad":"Disponible"},"schema":{"@context":"https:\/\/schema.org","@graph":[{"@type":"WebPage","@id":"https:\/\/shower-seals.com\/product\/180-or-90-degree-magnetic-shower-door-seal-strip-black\/","url":"https:\/\/shower-seals.com\/product\/180-or-90-degree-magnetic-shower-door-seal-strip-black\/","name":"Burlete magn\u00e9tico de 180 \u00f3 90 grados para puertas de ducha - Negro","isPartOf":{"@id":"https:\/\/shower-seals.com\/#website"},"primaryImageOfPage":{"@id":"https:\/\/shower-seals.com\/product\/180-or-90-degree-magnetic-shower-door-seal-strip-black\/#primaryimage"},"image":{"@id":"https:\/\/shower-seals.com\/product\/180-or-90-degree-magnetic-shower-door-seal-strip-black\/#primaryimage"},"thumbnailUrl":"https:\/\/shower-seals.com\/wp-content\/uploads\/2024\/12\/black-magnetic-shower-door-seal.jpg","datePublished":"2025-02-12T08:28:13+00:00","dateModified":"2025-03-07T09:01:05+00:00","breadcrumb":{"@id":"https:\/\/shower-seals.com\/product\/180-or-90-degree-magnetic-shower-door-seal-strip-black\/#breadcrumb"},"inLanguage":"es","potentialAction":[{"@type":"ReadAction","target":["https:\/\/shower-seals.com\/product\/180-or-90-degree-magnetic-shower-door-seal-strip-black\/"]}]},{"@type":"ImageObject","inLanguage":"es","@id":"https:\/\/shower-seals.com\/product\/180-or-90-degree-magnetic-shower-door-seal-strip-black\/#primaryimage","url":"https:\/\/shower-seals.com\/wp-content\/uploads\/2024\/12\/black-magnetic-shower-door-seal.jpg","contentUrl":"https:\/\/shower-seals.com\/wp-content\/uploads\/2024\/12\/black-magnetic-shower-door-seal.jpg","width":382,"height":397,"caption":"black magnetic shower door seal"},{"@type":"BreadcrumbList","@id":"https:\/\/shower-seals.com\/product\/180-or-90-degree-magnetic-shower-door-seal-strip-black\/#breadcrumb","itemListElement":[{"@type":"ListItem","position":1,"name":"Home","item":"https:\/\/shower-seals.com\/"},{"@type":"ListItem","position":2,"name":"Wholesale Glass Shower Door Seals","item":"https:\/\/shower-seals.com\/shower-seals\/"},{"@type":"ListItem","position":3,"name":"180 or 90 Degree Magnetic Shower Door Seal\u200b Strip &#8211; Black"}]},{"@type":"WebSite","@id":"https:\/\/shower-seals.com\/#website","url":"https:\/\/shower-seals.com\/","name":"precintos de ducha.com","description":"Juntas de ducha | Juntas para mamparas de ducha | Juntas para puertas de ducha","publisher":{"@id":"https:\/\/shower-seals.com\/#organization"},"potentialAction":[{"@type":"SearchAction","target":{"@type":"EntryPoint","urlTemplate":"https:\/\/shower-seals.com\/?s={search_term_string}"},"query-input":{"@type":"PropertyValueSpecification","valueRequired":true,"valueName":"search_term_string"}}],"inLanguage":"es"},{"@type":"Organization","@id":"https:\/\/shower-seals.com\/#organization","name":"precintos de ducha.com","url":"https:\/\/shower-seals.com\/","logo":{"@type":"ImageObject","inLanguage":"es","@id":"https:\/\/shower-seals.com\/#\/schema\/logo\/image\/","url":"https:\/\/shower-seals.com\/wp-content\/uploads\/2024\/12\/Shower-seals-Logo.png","contentUrl":"https:\/\/shower-seals.com\/wp-content\/uploads\/2024\/12\/Shower-seals-Logo.png","width":350,"height":100,"caption":"shower-seals.com"},"image":{"@id":"https:\/\/shower-seals.com\/#\/schema\/logo\/image\/"}}]},"product_price_amount":"0.00","product_price_currency":"USD","og_availability":"instock","product_availability":"instock","product_condition":"new"},"tiered_pricing_type":"fixed","tiered_pricing_fixed_rules":[],"tiered_pricing_product_settings":{"layout":"default","base_unit_name":{"singular":null,"plural":null},"default_variation":null},"tiered_pricing_minimum_quantity":null,"tiered_pricing_roles_data":[],"tiered_pricing_percentage_rules":[],"tiered_pricing_maximum_quantity":null,"tiered_pricing_quantity_step":null,"_links":{"self":[{"href":"https:\/\/shower-seals.com\/es\/wp-json\/wp\/v2\/product\/1355","targetHints":{"allow":["GET"]}}],"collection":[{"href":"https:\/\/shower-seals.com\/es\/wp-json\/wp\/v2\/product"}],"about":[{"href":"https:\/\/shower-seals.com\/es\/wp-json\/wp\/v2\/types\/product"}],"wp:featuredmedia":[{"embeddable":true,"href":"https:\/\/shower-seals.com\/es\/wp-json\/wp\/v2\/media\/521"}],"wp:attachment":[{"href":"https:\/\/shower-seals.com\/es\/wp-json\/wp\/v2\/media?parent=1355"}],"wp:term":[{"taxonomy":"product_brand","embeddable":true,"href":"https:\/\/shower-seals.com\/es\/wp-json\/wp\/v2\/product_brand?post=1355"},{"taxonomy":"product_cat","embeddable":true,"href":"https:\/\/shower-seals.com\/es\/wp-json\/wp\/v2\/product_cat?post=1355"},{"taxonomy":"product_tag","embeddable":true,"href":"https:\/\/shower-seals.com\/es\/wp-json\/wp\/v2\/product_tag?post=1355"}],"curies":[{"name":"wp","href":"https:\/\/api.w.org\/{rel}","templated":true}]}}