{"id":1353,"date":"2025-02-12T08:16:05","date_gmt":"2025-02-12T08:16:05","guid":{"rendered":"https:\/\/shower-seals.com\/?post_type=product&#038;p=1353"},"modified":"2025-03-07T09:12:17","modified_gmt":"2025-03-07T09:12:17","slug":"180-degree-magnetic-shower-door-seal-strip-black","status":"publish","type":"product","link":"https:\/\/shower-seals.com\/de\/product\/180-degree-magnetic-shower-door-seal-strip-black\/","title":{"rendered":"Magnetischer 180-Grad-Dichtungsstreifen f\u00fcr Duscht\u00fcren - Schwarz"},"content":{"rendered":"<table style=\"width: 100%; border-collapse: collapse;\" border=\"1\" cellspacing=\"0\" cellpadding=\"8\">\n<tbody>\n<tr>\n<th style=\"text-align: left; background-color: #f2f2f2;\" colspan=\"2\">Produktspezifikationen<\/th>\n<\/tr>\n<tr>\n<td><strong>Material<\/strong><\/td>\n<td>PVC, TPE, PC, PMMA<\/td>\n<\/tr>\n<tr>\n<td><strong>Abmessungen und Spezifikationen<\/strong><\/td>\n<td>\n<ul>\n<li><strong>Typ der Duscht\u00fcrdichtungen:<\/strong> 180 Magnetischer Dichtungsstreifen f\u00fcr Duscht\u00fcren<\/li>\n<li><strong>Breite des Dichtungsstreifens:<\/strong> 8mm \/ 10mm \/ 12mm<\/li>\n<li><strong>Dichtet L\u00fccken ab:<\/strong> Nicht mehr als 22 mm<\/li>\n<\/ul>\n<\/td>\n<\/tr>\n<tr>\n<td><strong>Farbe<\/strong><\/td>\n<td>\n<ul>\n<li><strong>Standard Farbe:<\/strong> Transparent, Klar, Schwarz<\/li>\n<li><strong>Kundenspezifische Farben:<\/strong> Verf\u00fcgbar<\/li>\n<\/ul>\n<\/td>\n<\/tr>\n<tr>\n<td><strong>Einbauverfahren f\u00fcr Dichtungsstreifen<\/strong><\/td>\n<td>Clip-on-Duschdichtungen<\/td>\n<\/tr>\n<tr>\n<td><strong>Geeigneter Duscht\u00fcr-Typ<\/strong><\/td>\n<td>\n<ul>\n<li>Rahmenlose Duscht\u00fcr \/ Scharnierduscht\u00fcr \/ Doppelfaltduscht\u00fcr<\/li>\n<li><strong>Glasdicke Kompatibel:<\/strong> 8mm \/ 10mm \/ 12mm<\/li>\n<\/ul>\n<\/td>\n<\/tr>\n<tr>\n<td><strong>Sauberer Widerstand<\/strong><\/td>\n<td>Vertr\u00e4glich mit g\u00e4ngigen Badreinigern (wie Bleichmittel und Alkohol)<\/td>\n<\/tr>\n<tr>\n<td><strong>Gro\u00dfeinkauf<\/strong><\/td>\n<td>\n<ul>\n<li><strong>MOQ:<\/strong> 500m<\/li>\n<li><strong>Anpassungsdienste:<\/strong> Zuschnitt, Logodruck<\/li>\n<li><strong>Verpackung:<\/strong> Kraftkarton oder kundenspezifische Verpackung<\/li>\n<\/ul>\n<\/td>\n<\/tr>\n<tr>\n<td><strong>Garantie und Kundendienst<\/strong><\/td>\n<td>\n<ul>\n<li><strong>Technische Unterst\u00fctzung:<\/strong> 24-Stunden-Reaktion + Video-Anleitung zur Installation<\/li>\n<\/ul>\n<\/td>\n<\/tr>\n<\/tbody>\n<\/table>\n<p>Erweitern Sie Ihre 180\u00b0-Glast\u00fcrinstallationen mit unserem hochwertigen magnetischen Dichtungsstreifen, der f\u00fcr optimale Wasserbest\u00e4ndigkeit und ein elegantes, modernes Finish entwickelt wurde. Diese paarweise verkaufte Dichtung f\u00fcr eine ausgewogene Leistung ist mit 6 mm, 8 mm, 10 mm und 12 mm Glasscheiben kompatibel.<\/p>\n<p><em><strong>Wesentliche Merkmale:<\/strong><\/em><\/p>\n<ul>\n<li>Optimiert f\u00fcr 180\u00b0-Glast\u00fcren: Perfekt f\u00fcr eine sichere, wasserdichte Abdichtung von T\u00fcren mit 180\u00b0-\u00d6ffnungen.<\/li>\n<li>Doppelpack: Wird paarweise geliefert, um eine umfassende Abdichtung f\u00fcr beide Seiten der T\u00fcr zu gew\u00e4hrleisten.<\/li>\n<li>Universelle Kompatibilit\u00e4t: Geeignet f\u00fcr Glasst\u00e4rken von 6 mm, 8 mm, 10 mm und 12 mm.<\/li>\n<li>Hochwertige PVC-Konstruktion: Verf\u00fcgt \u00fcber einen starren Clip f\u00fcr eine sichere Verankerung und weiche Kanten f\u00fcr eine zuverl\u00e4ssige, klebstofffreie Installation.<\/li>\n<li>Ma\u00dfanfertigungen verf\u00fcgbar: F\u00fcr spezifische Abmessungen wenden Sie sich bitte an unser Kundendienstteam.<\/li>\n<\/ul>","protected":false},"excerpt":{"rendered":"<ul>\n<li>Magnetischer 180-Grad-Dichtungsstreifen f\u00fcr Duscht\u00fcren - Schwarz<\/li>\n<li>Geeignet f\u00fcr Glasst\u00e4rken von 6 mm, 8 mm, 10 mm und 12 mm.<\/li>\n<\/ul>","protected":false},"featured_media":532,"template":"","meta":[],"product_brand":[],"product_cat":[34,38,45],"product_tag":[],"class_list":{"0":"post-1353","1":"product","2":"type-product","3":"status-publish","4":"has-post-thumbnail","6":"product_cat-black-shower-door-seals","7":"product_cat-magnetic-shower-door-seal","8":"product_cat-vertical-shower-door-seals","10":"first","11":"instock","12":"shipping-taxable","13":"product-type-simple"},"yoast_head":"<!-- This site is optimized with the Yoast SEO Premium plugin v23.4 (Yoast SEO v24.2) - https:\/\/yoast.com\/wordpress\/plugins\/seo\/ -->\n<title>180 Degree Magnetic Shower Door Seal Strip - Black<\/title>\n<meta name=\"robots\" content=\"index, follow, max-snippet:-1, max-image-preview:large, max-video-preview:-1\" \/>\n<link rel=\"canonical\" href=\"https:\/\/shower-seals.com\/de\/product\/180-degree-magnetic-shower-door-seal-strip-black\/\" \/>\n<meta property=\"og:locale\" content=\"de_DE\" \/>\n<meta property=\"og:type\" content=\"article\" \/>\n<meta property=\"og:title\" content=\"180 Degree Magnetic Shower Door Seal Strip - Black\" \/>\n<meta property=\"og:description\" content=\"180 Degree Magnetic Shower Door Seal Strip - Black  Suitable for glass thicknesses of 6mm, 8mm, 10mm, and 12mm.\" \/>\n<meta property=\"og:url\" content=\"https:\/\/shower-seals.com\/de\/product\/180-degree-magnetic-shower-door-seal-strip-black\/\" \/>\n<meta property=\"og:site_name\" content=\"shower-seals.com\" \/>\n<meta property=\"article:modified_time\" content=\"2025-03-07T09:12:17+00:00\" \/>\n<meta property=\"og:image\" content=\"https:\/\/shower-seals.com\/wp-content\/uploads\/2024\/12\/Black-Magnetic-Seals-Glass-to-Glass.jpg\" \/>\n\t<meta property=\"og:image:width\" content=\"381\" \/>\n\t<meta property=\"og:image:height\" content=\"398\" \/>\n\t<meta property=\"og:image:type\" content=\"image\/jpeg\" \/>\n<meta name=\"twitter:card\" content=\"summary_large_image\" \/>\n<meta name=\"twitter:label1\" content=\"Preis\" \/>\n\t<meta name=\"twitter:data1\" content=\"\" \/>\n\t<meta name=\"twitter:label2\" content=\"Verf\u00fcgbarkeit\" \/>\n\t<meta name=\"twitter:data2\" content=\"Auf Lager\" \/>\n<script type=\"application\/ld+json\" class=\"yoast-schema-graph\">{\"@context\":\"https:\/\/schema.org\",\"@graph\":[{\"@type\":\"WebPage\",\"@id\":\"https:\/\/shower-seals.com\/product\/180-degree-magnetic-shower-door-seal-strip-black\/\",\"url\":\"https:\/\/shower-seals.com\/product\/180-degree-magnetic-shower-door-seal-strip-black\/\",\"name\":\"180 Degree Magnetic Shower Door Seal Strip - Black\",\"isPartOf\":{\"@id\":\"https:\/\/shower-seals.com\/#website\"},\"primaryImageOfPage\":{\"@id\":\"https:\/\/shower-seals.com\/product\/180-degree-magnetic-shower-door-seal-strip-black\/#primaryimage\"},\"image\":{\"@id\":\"https:\/\/shower-seals.com\/product\/180-degree-magnetic-shower-door-seal-strip-black\/#primaryimage\"},\"thumbnailUrl\":\"https:\/\/shower-seals.com\/wp-content\/uploads\/2024\/12\/Black-Magnetic-Seals-Glass-to-Glass.jpg\",\"datePublished\":\"2025-02-12T08:16:05+00:00\",\"dateModified\":\"2025-03-07T09:12:17+00:00\",\"breadcrumb\":{\"@id\":\"https:\/\/shower-seals.com\/product\/180-degree-magnetic-shower-door-seal-strip-black\/#breadcrumb\"},\"inLanguage\":\"de\",\"potentialAction\":[{\"@type\":\"ReadAction\",\"target\":[\"https:\/\/shower-seals.com\/product\/180-degree-magnetic-shower-door-seal-strip-black\/\"]}]},{\"@type\":\"ImageObject\",\"inLanguage\":\"de\",\"@id\":\"https:\/\/shower-seals.com\/product\/180-degree-magnetic-shower-door-seal-strip-black\/#primaryimage\",\"url\":\"https:\/\/shower-seals.com\/wp-content\/uploads\/2024\/12\/Black-Magnetic-Seals-Glass-to-Glass.jpg\",\"contentUrl\":\"https:\/\/shower-seals.com\/wp-content\/uploads\/2024\/12\/Black-Magnetic-Seals-Glass-to-Glass.jpg\",\"width\":381,\"height\":398,\"caption\":\"Black Magnetic Seals Glass to Glass\"},{\"@type\":\"BreadcrumbList\",\"@id\":\"https:\/\/shower-seals.com\/product\/180-degree-magnetic-shower-door-seal-strip-black\/#breadcrumb\",\"itemListElement\":[{\"@type\":\"ListItem\",\"position\":1,\"name\":\"Home\",\"item\":\"https:\/\/shower-seals.com\/\"},{\"@type\":\"ListItem\",\"position\":2,\"name\":\"Wholesale Glass Shower Door Seals\",\"item\":\"https:\/\/shower-seals.com\/shower-seals\/\"},{\"@type\":\"ListItem\",\"position\":3,\"name\":\"180 Degree Magnetic Shower Door Seal Strip &#8211; Black\"}]},{\"@type\":\"WebSite\",\"@id\":\"https:\/\/shower-seals.com\/#website\",\"url\":\"https:\/\/shower-seals.com\/\",\"name\":\"shower-seals.com\",\"description\":\"Shower Seals | Shower Screen Seals | Shower Door Seals\",\"publisher\":{\"@id\":\"https:\/\/shower-seals.com\/#organization\"},\"potentialAction\":[{\"@type\":\"SearchAction\",\"target\":{\"@type\":\"EntryPoint\",\"urlTemplate\":\"https:\/\/shower-seals.com\/?s={search_term_string}\"},\"query-input\":{\"@type\":\"PropertyValueSpecification\",\"valueRequired\":true,\"valueName\":\"search_term_string\"}}],\"inLanguage\":\"de\"},{\"@type\":\"Organization\",\"@id\":\"https:\/\/shower-seals.com\/#organization\",\"name\":\"shower-seals.com\",\"url\":\"https:\/\/shower-seals.com\/\",\"logo\":{\"@type\":\"ImageObject\",\"inLanguage\":\"de\",\"@id\":\"https:\/\/shower-seals.com\/#\/schema\/logo\/image\/\",\"url\":\"https:\/\/shower-seals.com\/wp-content\/uploads\/2024\/12\/Shower-seals-Logo.png\",\"contentUrl\":\"https:\/\/shower-seals.com\/wp-content\/uploads\/2024\/12\/Shower-seals-Logo.png\",\"width\":350,\"height\":100,\"caption\":\"shower-seals.com\"},\"image\":{\"@id\":\"https:\/\/shower-seals.com\/#\/schema\/logo\/image\/\"}}]}<\/script>\n<meta property=\"product:price:amount\" content=\"0.00\" \/>\n<meta property=\"product:price:currency\" content=\"USD\" \/>\n<meta property=\"og:availability\" content=\"instock\" \/>\n<meta property=\"product:availability\" content=\"instock\" \/>\n<meta property=\"product:condition\" content=\"new\" \/>\n<!-- \/ Yoast SEO Premium plugin. -->","yoast_head_json":{"title":"Magnetischer 180-Grad-Dichtungsstreifen f\u00fcr Duscht\u00fcren - Schwarz","robots":{"index":"index","follow":"follow","max-snippet":"max-snippet:-1","max-image-preview":"max-image-preview:large","max-video-preview":"max-video-preview:-1"},"canonical":"https:\/\/shower-seals.com\/de\/product\/180-degree-magnetic-shower-door-seal-strip-black\/","og_locale":"de_DE","og_type":"article","og_title":"180 Degree Magnetic Shower Door Seal Strip - Black","og_description":"180 Degree Magnetic Shower Door Seal Strip - Black  Suitable for glass thicknesses of 6mm, 8mm, 10mm, and 12mm.","og_url":"https:\/\/shower-seals.com\/de\/product\/180-degree-magnetic-shower-door-seal-strip-black\/","og_site_name":"shower-seals.com","article_modified_time":"2025-03-07T09:12:17+00:00","og_image":[{"width":381,"height":398,"url":"https:\/\/shower-seals.com\/wp-content\/uploads\/2024\/12\/Black-Magnetic-Seals-Glass-to-Glass.jpg","type":"image\/jpeg"}],"twitter_card":"summary_large_image","twitter_misc":{"Preis":"","Verf\u00fcgbarkeit":"Auf Lager"},"schema":{"@context":"https:\/\/schema.org","@graph":[{"@type":"WebPage","@id":"https:\/\/shower-seals.com\/product\/180-degree-magnetic-shower-door-seal-strip-black\/","url":"https:\/\/shower-seals.com\/product\/180-degree-magnetic-shower-door-seal-strip-black\/","name":"Magnetischer 180-Grad-Dichtungsstreifen f\u00fcr Duscht\u00fcren - Schwarz","isPartOf":{"@id":"https:\/\/shower-seals.com\/#website"},"primaryImageOfPage":{"@id":"https:\/\/shower-seals.com\/product\/180-degree-magnetic-shower-door-seal-strip-black\/#primaryimage"},"image":{"@id":"https:\/\/shower-seals.com\/product\/180-degree-magnetic-shower-door-seal-strip-black\/#primaryimage"},"thumbnailUrl":"https:\/\/shower-seals.com\/wp-content\/uploads\/2024\/12\/Black-Magnetic-Seals-Glass-to-Glass.jpg","datePublished":"2025-02-12T08:16:05+00:00","dateModified":"2025-03-07T09:12:17+00:00","breadcrumb":{"@id":"https:\/\/shower-seals.com\/product\/180-degree-magnetic-shower-door-seal-strip-black\/#breadcrumb"},"inLanguage":"de","potentialAction":[{"@type":"ReadAction","target":["https:\/\/shower-seals.com\/product\/180-degree-magnetic-shower-door-seal-strip-black\/"]}]},{"@type":"ImageObject","inLanguage":"de","@id":"https:\/\/shower-seals.com\/product\/180-degree-magnetic-shower-door-seal-strip-black\/#primaryimage","url":"https:\/\/shower-seals.com\/wp-content\/uploads\/2024\/12\/Black-Magnetic-Seals-Glass-to-Glass.jpg","contentUrl":"https:\/\/shower-seals.com\/wp-content\/uploads\/2024\/12\/Black-Magnetic-Seals-Glass-to-Glass.jpg","width":381,"height":398,"caption":"Black Magnetic Seals Glass to Glass"},{"@type":"BreadcrumbList","@id":"https:\/\/shower-seals.com\/product\/180-degree-magnetic-shower-door-seal-strip-black\/#breadcrumb","itemListElement":[{"@type":"ListItem","position":1,"name":"Home","item":"https:\/\/shower-seals.com\/"},{"@type":"ListItem","position":2,"name":"Wholesale Glass Shower Door Seals","item":"https:\/\/shower-seals.com\/shower-seals\/"},{"@type":"ListItem","position":3,"name":"180 Degree Magnetic Shower Door Seal Strip &#8211; Black"}]},{"@type":"WebSite","@id":"https:\/\/shower-seals.com\/#website","url":"https:\/\/shower-seals.com\/","name":"duschdichtungen.de","description":"Duschabdichtungen | Duschwanddichtungen | Duscht\u00fcrdichtungen","publisher":{"@id":"https:\/\/shower-seals.com\/#organization"},"potentialAction":[{"@type":"SearchAction","target":{"@type":"EntryPoint","urlTemplate":"https:\/\/shower-seals.com\/?s={search_term_string}"},"query-input":{"@type":"PropertyValueSpecification","valueRequired":true,"valueName":"search_term_string"}}],"inLanguage":"de"},{"@type":"Organization","@id":"https:\/\/shower-seals.com\/#organization","name":"duschdichtungen.de","url":"https:\/\/shower-seals.com\/","logo":{"@type":"ImageObject","inLanguage":"de","@id":"https:\/\/shower-seals.com\/#\/schema\/logo\/image\/","url":"https:\/\/shower-seals.com\/wp-content\/uploads\/2024\/12\/Shower-seals-Logo.png","contentUrl":"https:\/\/shower-seals.com\/wp-content\/uploads\/2024\/12\/Shower-seals-Logo.png","width":350,"height":100,"caption":"shower-seals.com"},"image":{"@id":"https:\/\/shower-seals.com\/#\/schema\/logo\/image\/"}}]},"product_price_amount":"0.00","product_price_currency":"USD","og_availability":"instock","product_availability":"instock","product_condition":"new"},"tiered_pricing_type":"fixed","tiered_pricing_fixed_rules":[],"tiered_pricing_product_settings":{"layout":"default","base_unit_name":{"singular":null,"plural":null},"default_variation":null},"tiered_pricing_minimum_quantity":null,"tiered_pricing_roles_data":[],"tiered_pricing_percentage_rules":[],"tiered_pricing_maximum_quantity":null,"tiered_pricing_quantity_step":null,"_links":{"self":[{"href":"https:\/\/shower-seals.com\/de\/wp-json\/wp\/v2\/product\/1353","targetHints":{"allow":["GET"]}}],"collection":[{"href":"https:\/\/shower-seals.com\/de\/wp-json\/wp\/v2\/product"}],"about":[{"href":"https:\/\/shower-seals.com\/de\/wp-json\/wp\/v2\/types\/product"}],"wp:featuredmedia":[{"embeddable":true,"href":"https:\/\/shower-seals.com\/de\/wp-json\/wp\/v2\/media\/532"}],"wp:attachment":[{"href":"https:\/\/shower-seals.com\/de\/wp-json\/wp\/v2\/media?parent=1353"}],"wp:term":[{"taxonomy":"product_brand","embeddable":true,"href":"https:\/\/shower-seals.com\/de\/wp-json\/wp\/v2\/product_brand?post=1353"},{"taxonomy":"product_cat","embeddable":true,"href":"https:\/\/shower-seals.com\/de\/wp-json\/wp\/v2\/product_cat?post=1353"},{"taxonomy":"product_tag","embeddable":true,"href":"https:\/\/shower-seals.com\/de\/wp-json\/wp\/v2\/product_tag?post=1353"}],"curies":[{"name":"wp","href":"https:\/\/api.w.org\/{rel}","templated":true}]}}