{"id":1274,"date":"2025-02-09T09:40:11","date_gmt":"2025-02-09T09:40:11","guid":{"rendered":"https:\/\/shower-seals.com\/?post_type=product&#038;p=1274"},"modified":"2025-03-04T03:27:17","modified_gmt":"2025-03-04T03:27:17","slug":"black-glass-shower-door-bottom-seal-strip-mid-distance-ring-style","status":"publish","type":"product","link":"https:\/\/shower-seals.com\/de\/product\/black-glass-shower-door-bottom-seal-strip-mid-distance-ring-style\/","title":{"rendered":"Schwarzes Glas Dusche T\u00fcr unten Dichtungsstreifen - Mid Distance Ring Style"},"content":{"rendered":"<p>Verbessern Sie Ihre Duschinstallationen mit unserem hochwertigen schwarzen Dichtungstreifen f\u00fcr Glast\u00fcren. Dieser Dichtungsstreifen wurde entwickelt, um das Austreten von Wasser an der Unterseite von Glast\u00fcren effektiv zu verhindern und ist mit 6 mm, 8 mm, 10 mm und 12 mm dickem Glas kompatibel. Der Ring mit mittlerem Abstand sorgt nicht nur f\u00fcr einen sicheren, festen Sitz, sondern verleiht auch jeder Duscheinrichtung einen eleganten, modernen Look.<\/p>\n<ul>\n<li>Katalognummer: BS009-BK;<\/li>\n<\/ul>\n<p><em><strong>Wesentliche Merkmale:<\/strong><\/em><\/p>\n<ul>\n<li><strong>Wirksame Wasserbarriere:<\/strong> Entwickelt, um das Eindringen von Wasser von der Unterseite von Glast\u00fcren zu verhindern.<\/li>\n<li><strong>Universelle Kompatibilit\u00e4t:<\/strong> Geeignet f\u00fcr 6mm, 8mm, 10mm und 12mm Glasscheiben.<\/li>\n<li><strong>Vielseitige L\u00e4ngenoptionen:<\/strong> W\u00e4hlen Sie zwischen 900 mm und 2000 mm L\u00e4nge, um Ihren Projektanforderungen gerecht zu werden.<\/li>\n<li><strong>Schlankes Design:<\/strong> Der Ring in mittlerer Entfernung bietet sowohl Funktionalit\u00e4t als auch ein attraktives Finish.<\/li>\n<li><strong>Einfache Installation:<\/strong> Entwickelt f\u00fcr eine schnelle und problemlose Installation, die minimale Ausfallzeiten gew\u00e4hrleistet.<\/li>\n<\/ul>","protected":false},"excerpt":{"rendered":"<ul>\n<li>Glas Dusche T\u00fcr unten Dichtungsstreifen - Mid Distance Ring Style;<\/li>\n<li>Schwarzes Glas Duscht\u00fcr unten Dichtungsstreifen f\u00fcr 6mm, 8mm, 10mm, 12mm Glas;<\/li>\n<li>Der Ring in mittlerer Entfernung bietet sowohl Funktionalit\u00e4t als auch ein attraktives Finish;<\/li>\n<\/ul>","protected":false},"featured_media":513,"template":"","meta":[],"product_brand":[],"product_cat":[34,17,36],"product_tag":[],"class_list":{"0":"post-1274","1":"product","2":"type-product","3":"status-publish","4":"has-post-thumbnail","6":"product_cat-black-shower-door-seals","7":"product_cat-shower-door-bottom-seals","8":"product_cat-drip-rail-seal","10":"first","11":"instock","12":"shipping-taxable","13":"product-type-simple"},"yoast_head":"<!-- This site is optimized with the Yoast SEO Premium plugin v23.4 (Yoast SEO v24.2) - https:\/\/yoast.com\/wordpress\/plugins\/seo\/ -->\n<title>Black Glass Shower Door Bottom Seal Strip - Mid Distance Ring Style<\/title>\n<meta name=\"robots\" content=\"index, follow, max-snippet:-1, max-image-preview:large, max-video-preview:-1\" \/>\n<link rel=\"canonical\" href=\"https:\/\/shower-seals.com\/de\/product\/black-glass-shower-door-bottom-seal-strip-mid-distance-ring-style\/\" \/>\n<meta property=\"og:locale\" content=\"de_DE\" \/>\n<meta property=\"og:type\" content=\"article\" \/>\n<meta property=\"og:title\" content=\"Black Glass Shower Door Bottom Seal Strip - Mid Distance Ring Style\" \/>\n<meta property=\"og:description\" content=\"Glass Shower Door Bottom Seal Strip - Mid Distance Ring Style;  Black glass shower door bottom seal strip For 6mm,8mm,10mm,12mm Glass;  The mid distance ring style provides both functionality and an attractive finish;\" \/>\n<meta property=\"og:url\" content=\"https:\/\/shower-seals.com\/de\/product\/black-glass-shower-door-bottom-seal-strip-mid-distance-ring-style\/\" \/>\n<meta property=\"og:site_name\" content=\"shower-seals.com\" \/>\n<meta property=\"article:modified_time\" content=\"2025-03-04T03:27:17+00:00\" \/>\n<meta property=\"og:image\" content=\"https:\/\/shower-seals.com\/wp-content\/uploads\/2024\/12\/Shower-Door-Bottom-Seal-Black.jpg\" \/>\n\t<meta property=\"og:image:width\" content=\"380\" \/>\n\t<meta property=\"og:image:height\" content=\"396\" \/>\n\t<meta property=\"og:image:type\" content=\"image\/jpeg\" \/>\n<meta name=\"twitter:card\" content=\"summary_large_image\" \/>\n<meta name=\"twitter:label1\" content=\"Preis\" \/>\n\t<meta name=\"twitter:data1\" content=\"\" \/>\n\t<meta name=\"twitter:label2\" content=\"Verf\u00fcgbarkeit\" \/>\n\t<meta name=\"twitter:data2\" content=\"Auf Lager\" \/>\n<script type=\"application\/ld+json\" class=\"yoast-schema-graph\">{\"@context\":\"https:\/\/schema.org\",\"@graph\":[{\"@type\":\"WebPage\",\"@id\":\"https:\/\/shower-seals.com\/product\/black-glass-shower-door-bottom-seal-strip-mid-distance-ring-style\/\",\"url\":\"https:\/\/shower-seals.com\/product\/black-glass-shower-door-bottom-seal-strip-mid-distance-ring-style\/\",\"name\":\"Black Glass Shower Door Bottom Seal Strip - Mid Distance Ring Style\",\"isPartOf\":{\"@id\":\"https:\/\/shower-seals.com\/#website\"},\"primaryImageOfPage\":{\"@id\":\"https:\/\/shower-seals.com\/product\/black-glass-shower-door-bottom-seal-strip-mid-distance-ring-style\/#primaryimage\"},\"image\":{\"@id\":\"https:\/\/shower-seals.com\/product\/black-glass-shower-door-bottom-seal-strip-mid-distance-ring-style\/#primaryimage\"},\"thumbnailUrl\":\"https:\/\/shower-seals.com\/wp-content\/uploads\/2024\/12\/Shower-Door-Bottom-Seal-Black.jpg\",\"datePublished\":\"2025-02-09T09:40:11+00:00\",\"dateModified\":\"2025-03-04T03:27:17+00:00\",\"breadcrumb\":{\"@id\":\"https:\/\/shower-seals.com\/product\/black-glass-shower-door-bottom-seal-strip-mid-distance-ring-style\/#breadcrumb\"},\"inLanguage\":\"de\",\"potentialAction\":[{\"@type\":\"ReadAction\",\"target\":[\"https:\/\/shower-seals.com\/product\/black-glass-shower-door-bottom-seal-strip-mid-distance-ring-style\/\"]}]},{\"@type\":\"ImageObject\",\"inLanguage\":\"de\",\"@id\":\"https:\/\/shower-seals.com\/product\/black-glass-shower-door-bottom-seal-strip-mid-distance-ring-style\/#primaryimage\",\"url\":\"https:\/\/shower-seals.com\/wp-content\/uploads\/2024\/12\/Shower-Door-Bottom-Seal-Black.jpg\",\"contentUrl\":\"https:\/\/shower-seals.com\/wp-content\/uploads\/2024\/12\/Shower-Door-Bottom-Seal-Black.jpg\",\"width\":380,\"height\":396,\"caption\":\"glass shower door bottom seal strip\"},{\"@type\":\"BreadcrumbList\",\"@id\":\"https:\/\/shower-seals.com\/product\/black-glass-shower-door-bottom-seal-strip-mid-distance-ring-style\/#breadcrumb\",\"itemListElement\":[{\"@type\":\"ListItem\",\"position\":1,\"name\":\"Home\",\"item\":\"https:\/\/shower-seals.com\/\"},{\"@type\":\"ListItem\",\"position\":2,\"name\":\"Wholesale Glass Shower Door Seals\",\"item\":\"https:\/\/shower-seals.com\/shower-seals\/\"},{\"@type\":\"ListItem\",\"position\":3,\"name\":\"Black Glass Shower Door Bottom Seal Strip &#8211; Mid Distance Ring Style\"}]},{\"@type\":\"WebSite\",\"@id\":\"https:\/\/shower-seals.com\/#website\",\"url\":\"https:\/\/shower-seals.com\/\",\"name\":\"shower-seals.com\",\"description\":\"Shower Seals | Shower Screen Seals | Shower Door Seals\",\"publisher\":{\"@id\":\"https:\/\/shower-seals.com\/#organization\"},\"potentialAction\":[{\"@type\":\"SearchAction\",\"target\":{\"@type\":\"EntryPoint\",\"urlTemplate\":\"https:\/\/shower-seals.com\/?s={search_term_string}\"},\"query-input\":{\"@type\":\"PropertyValueSpecification\",\"valueRequired\":true,\"valueName\":\"search_term_string\"}}],\"inLanguage\":\"de\"},{\"@type\":\"Organization\",\"@id\":\"https:\/\/shower-seals.com\/#organization\",\"name\":\"shower-seals.com\",\"url\":\"https:\/\/shower-seals.com\/\",\"logo\":{\"@type\":\"ImageObject\",\"inLanguage\":\"de\",\"@id\":\"https:\/\/shower-seals.com\/#\/schema\/logo\/image\/\",\"url\":\"https:\/\/shower-seals.com\/wp-content\/uploads\/2024\/12\/Shower-seals-Logo.png\",\"contentUrl\":\"https:\/\/shower-seals.com\/wp-content\/uploads\/2024\/12\/Shower-seals-Logo.png\",\"width\":350,\"height\":100,\"caption\":\"shower-seals.com\"},\"image\":{\"@id\":\"https:\/\/shower-seals.com\/#\/schema\/logo\/image\/\"}}]}<\/script>\n<meta property=\"product:price:amount\" content=\"0.00\" \/>\n<meta property=\"product:price:currency\" content=\"USD\" \/>\n<meta property=\"og:availability\" content=\"instock\" \/>\n<meta property=\"product:availability\" content=\"instock\" \/>\n<meta property=\"product:condition\" content=\"new\" \/>\n<!-- \/ Yoast SEO Premium plugin. -->","yoast_head_json":{"title":"Schwarzes Glas Dusche T\u00fcr unten Dichtungsstreifen - Mid Distance Ring Style","robots":{"index":"index","follow":"follow","max-snippet":"max-snippet:-1","max-image-preview":"max-image-preview:large","max-video-preview":"max-video-preview:-1"},"canonical":"https:\/\/shower-seals.com\/de\/product\/black-glass-shower-door-bottom-seal-strip-mid-distance-ring-style\/","og_locale":"de_DE","og_type":"article","og_title":"Black Glass Shower Door Bottom Seal Strip - Mid Distance Ring Style","og_description":"Glass Shower Door Bottom Seal Strip - Mid Distance Ring Style;  Black glass shower door bottom seal strip For 6mm,8mm,10mm,12mm Glass;  The mid distance ring style provides both functionality and an attractive finish;","og_url":"https:\/\/shower-seals.com\/de\/product\/black-glass-shower-door-bottom-seal-strip-mid-distance-ring-style\/","og_site_name":"shower-seals.com","article_modified_time":"2025-03-04T03:27:17+00:00","og_image":[{"width":380,"height":396,"url":"https:\/\/shower-seals.com\/wp-content\/uploads\/2024\/12\/Shower-Door-Bottom-Seal-Black.jpg","type":"image\/jpeg"}],"twitter_card":"summary_large_image","twitter_misc":{"Preis":"","Verf\u00fcgbarkeit":"Auf Lager"},"schema":{"@context":"https:\/\/schema.org","@graph":[{"@type":"WebPage","@id":"https:\/\/shower-seals.com\/product\/black-glass-shower-door-bottom-seal-strip-mid-distance-ring-style\/","url":"https:\/\/shower-seals.com\/product\/black-glass-shower-door-bottom-seal-strip-mid-distance-ring-style\/","name":"Schwarzes Glas Dusche T\u00fcr unten Dichtungsstreifen - Mid Distance Ring Style","isPartOf":{"@id":"https:\/\/shower-seals.com\/#website"},"primaryImageOfPage":{"@id":"https:\/\/shower-seals.com\/product\/black-glass-shower-door-bottom-seal-strip-mid-distance-ring-style\/#primaryimage"},"image":{"@id":"https:\/\/shower-seals.com\/product\/black-glass-shower-door-bottom-seal-strip-mid-distance-ring-style\/#primaryimage"},"thumbnailUrl":"https:\/\/shower-seals.com\/wp-content\/uploads\/2024\/12\/Shower-Door-Bottom-Seal-Black.jpg","datePublished":"2025-02-09T09:40:11+00:00","dateModified":"2025-03-04T03:27:17+00:00","breadcrumb":{"@id":"https:\/\/shower-seals.com\/product\/black-glass-shower-door-bottom-seal-strip-mid-distance-ring-style\/#breadcrumb"},"inLanguage":"de","potentialAction":[{"@type":"ReadAction","target":["https:\/\/shower-seals.com\/product\/black-glass-shower-door-bottom-seal-strip-mid-distance-ring-style\/"]}]},{"@type":"ImageObject","inLanguage":"de","@id":"https:\/\/shower-seals.com\/product\/black-glass-shower-door-bottom-seal-strip-mid-distance-ring-style\/#primaryimage","url":"https:\/\/shower-seals.com\/wp-content\/uploads\/2024\/12\/Shower-Door-Bottom-Seal-Black.jpg","contentUrl":"https:\/\/shower-seals.com\/wp-content\/uploads\/2024\/12\/Shower-Door-Bottom-Seal-Black.jpg","width":380,"height":396,"caption":"glass shower door bottom seal strip"},{"@type":"BreadcrumbList","@id":"https:\/\/shower-seals.com\/product\/black-glass-shower-door-bottom-seal-strip-mid-distance-ring-style\/#breadcrumb","itemListElement":[{"@type":"ListItem","position":1,"name":"Home","item":"https:\/\/shower-seals.com\/"},{"@type":"ListItem","position":2,"name":"Wholesale Glass Shower Door Seals","item":"https:\/\/shower-seals.com\/shower-seals\/"},{"@type":"ListItem","position":3,"name":"Black Glass Shower Door Bottom Seal Strip &#8211; Mid Distance Ring Style"}]},{"@type":"WebSite","@id":"https:\/\/shower-seals.com\/#website","url":"https:\/\/shower-seals.com\/","name":"duschdichtungen.de","description":"Duschabdichtungen | Duschwanddichtungen | Duscht\u00fcrdichtungen","publisher":{"@id":"https:\/\/shower-seals.com\/#organization"},"potentialAction":[{"@type":"SearchAction","target":{"@type":"EntryPoint","urlTemplate":"https:\/\/shower-seals.com\/?s={search_term_string}"},"query-input":{"@type":"PropertyValueSpecification","valueRequired":true,"valueName":"search_term_string"}}],"inLanguage":"de"},{"@type":"Organization","@id":"https:\/\/shower-seals.com\/#organization","name":"duschdichtungen.de","url":"https:\/\/shower-seals.com\/","logo":{"@type":"ImageObject","inLanguage":"de","@id":"https:\/\/shower-seals.com\/#\/schema\/logo\/image\/","url":"https:\/\/shower-seals.com\/wp-content\/uploads\/2024\/12\/Shower-seals-Logo.png","contentUrl":"https:\/\/shower-seals.com\/wp-content\/uploads\/2024\/12\/Shower-seals-Logo.png","width":350,"height":100,"caption":"shower-seals.com"},"image":{"@id":"https:\/\/shower-seals.com\/#\/schema\/logo\/image\/"}}]},"product_price_amount":"0.00","product_price_currency":"USD","og_availability":"instock","product_availability":"instock","product_condition":"new"},"tiered_pricing_type":"fixed","tiered_pricing_fixed_rules":[],"tiered_pricing_product_settings":{"layout":"default","base_unit_name":{"singular":null,"plural":null},"default_variation":null},"tiered_pricing_minimum_quantity":null,"tiered_pricing_roles_data":[],"tiered_pricing_percentage_rules":[],"tiered_pricing_maximum_quantity":null,"tiered_pricing_quantity_step":null,"_links":{"self":[{"href":"https:\/\/shower-seals.com\/de\/wp-json\/wp\/v2\/product\/1274","targetHints":{"allow":["GET"]}}],"collection":[{"href":"https:\/\/shower-seals.com\/de\/wp-json\/wp\/v2\/product"}],"about":[{"href":"https:\/\/shower-seals.com\/de\/wp-json\/wp\/v2\/types\/product"}],"wp:featuredmedia":[{"embeddable":true,"href":"https:\/\/shower-seals.com\/de\/wp-json\/wp\/v2\/media\/513"}],"wp:attachment":[{"href":"https:\/\/shower-seals.com\/de\/wp-json\/wp\/v2\/media?parent=1274"}],"wp:term":[{"taxonomy":"product_brand","embeddable":true,"href":"https:\/\/shower-seals.com\/de\/wp-json\/wp\/v2\/product_brand?post=1274"},{"taxonomy":"product_cat","embeddable":true,"href":"https:\/\/shower-seals.com\/de\/wp-json\/wp\/v2\/product_cat?post=1274"},{"taxonomy":"product_tag","embeddable":true,"href":"https:\/\/shower-seals.com\/de\/wp-json\/wp\/v2\/product_tag?post=1274"}],"curies":[{"name":"wp","href":"https:\/\/api.w.org\/{rel}","templated":true}]}}